{"id":133059,"date":"2023-11-03T00:27:29","date_gmt":"2023-11-02T23:27:30","guid":{"rendered":"https:\/\/metal-badge.ch\/?post_type=product&#038;p=133059"},"modified":"2023-11-03T00:44:25","modified_gmt":"2023-11-02T23:44:25","slug":"bonnet-dhiver-bonnet-de-marin-en-polyacrylique-tricote-noir-inscription-security-copy","status":"publish","type":"product","link":"https:\/\/metal-badge.ch\/fr\/product\/133059\/bonnet-dhiver-bonnet-de-marin-en-polyacrylique-tricote-noir-inscription-security-copy\/","title":{"rendered":"Bonnet d\u2019hiver \/ bonnet de marin en polyacrylique, tricot\u00e9 &#8211; noir. Inscription\u00a0: POLICE"},"content":{"rendered":"<p>Bonnet tricot\u00e9 chaud et moelleux en diff\u00e9rentes tailles. Tricot grossier avec revers, doux et souple au toucher. M\u00e9lange de mat\u00e9riaux de haute qualit\u00e9 et inscription POLICE<\/p>\n<p>.<span class=\"Apple-converted-space\">&nbsp;<\/span><\/p>\n<p>Polyacrylique au toucher tr\u00e8s doux, double \u00e9paisseur.<\/p>\n<p><b>Description du produit:<\/b><\/p>\n<ul>\n<li>D\u00e9signation: Bonnet de marin avec revers, tricot grossier<\/li>\n<li>Couleur: noir <span class=\"Apple-converted-space\">&nbsp;<\/span><\/li>\n<li>Avec inscription &nbsp;POLICE \/ POLIZIA \/ POLIZEI<span class=\"Apple-converted-space\">&nbsp;<\/span><\/li>\n<li>Entretien: Lavage \u00e0 la main ou en machine, 40 degr\u00e9s<span class=\"Apple-converted-space\">&nbsp;<\/span><\/li>\n<li>M\u00e9lange de mat\u00e9wriaux de grande qualit\u00e9 doux et confortable<\/li>\n<li>Mati\u00e8re: 70 % acrylique \/ 10&nbsp;% nylon \/ 20&nbsp;% polyester<span class=\"Apple-converted-space\">&nbsp;<\/span><\/li>\n<li>Taille: Small, Medium, Large, XLarge<span class=\"Apple-converted-space\">&nbsp;<\/span><\/li>\n<\/ul>\n","protected":false},"excerpt":{"rendered":"<p>Bonnet tricot\u00e9 chaud et moelleux en diff\u00e9rentes tailles. Tricot grossier avec revers, doux et souple au toucher. M\u00e9lange de mat\u00e9riaux de haute qualit\u00e9 et inscription POLICE.<span class=\"Apple-converted-space\">&nbsp;<\/span><\/p>\n<p>Polyacrylique au toucher tr\u00e8s doux, double \u00e9paisseur.<\/p>\n","protected":false},"featured_media":133063,"comment_status":"closed","ping_status":"closed","template":"","meta":{"inline_featured_image":false},"product_brand":[],"product_cat":[1622,887],"product_tag":[1773],"class_list":{"0":"post-133059","1":"product","2":"type-product","3":"status-publish","4":"has-post-thumbnail","6":"product_cat-cappes","7":"product_cat-accessoires","8":"product_tag-chasse-peche","10":"first","11":"instock","12":"taxable","13":"shipping-taxable","14":"purchasable","15":"product-type-simple"},"_links":{"self":[{"href":"https:\/\/metal-badge.ch\/fr\/wp-json\/wp\/v2\/product\/133059","targetHints":{"allow":["GET"]}}],"collection":[{"href":"https:\/\/metal-badge.ch\/fr\/wp-json\/wp\/v2\/product"}],"about":[{"href":"https:\/\/metal-badge.ch\/fr\/wp-json\/wp\/v2\/types\/product"}],"replies":[{"embeddable":true,"href":"https:\/\/metal-badge.ch\/fr\/wp-json\/wp\/v2\/comments?post=133059"}],"wp:featuredmedia":[{"embeddable":true,"href":"https:\/\/metal-badge.ch\/fr\/wp-json\/wp\/v2\/media\/133063"}],"wp:attachment":[{"href":"https:\/\/metal-badge.ch\/fr\/wp-json\/wp\/v2\/media?parent=133059"}],"wp:term":[{"taxonomy":"product_brand","embeddable":true,"href":"https:\/\/metal-badge.ch\/fr\/wp-json\/wp\/v2\/product_brand?post=133059"},{"taxonomy":"product_cat","embeddable":true,"href":"https:\/\/metal-badge.ch\/fr\/wp-json\/wp\/v2\/product_cat?post=133059"},{"taxonomy":"product_tag","embeddable":true,"href":"https:\/\/metal-badge.ch\/fr\/wp-json\/wp\/v2\/product_tag?post=133059"}],"curies":[{"name":"wp","href":"https:\/\/api.w.org\/{rel}","templated":true}]}}