{"id":133022,"date":"2023-11-02T23:34:49","date_gmt":"2023-11-02T22:34:49","guid":{"rendered":"https:\/\/metal-badge.ch\/product\/133022\/couteau-de-chasse-avec-crochet-darrachage\/"},"modified":"2023-11-02T23:34:49","modified_gmt":"2023-11-02T22:34:49","slug":"couteau-de-chasse-avec-crochet-darrachage","status":"publish","type":"product","link":"https:\/\/metal-badge.ch\/fr\/product\/133022\/couteau-de-chasse-avec-crochet-darrachage\/","title":{"rendered":"Couteau de chasse avec crochet d\u2019arrachage"},"content":{"rendered":"<p>Ce couteau de chasse <b>Fixed Blade<\/b>&nbsp;\u00e0 lame fixe est simple et efficace. Sans fioritures. Ex\u00e9cution massive. La forme en Droppoint rend ce couteau id\u00e9al pour \u00e9visc\u00e9rer le gibier. Le crochet d&rsquo;arrachage situ\u00e9 sur la partie sup\u00e9rieure de la lame facilite consid\u00e9rablement cette t\u00e2che. En effet, il permet d&rsquo;\u00e9visc\u00e9rer facilement le gibier sans s&rsquo;enfoncer accidentellement plus profond\u00e9ment dans la chair. L&rsquo;acier 440A est inoxydable et facile \u00e0 aiguiser. Le manche en plastique multicouche renforc\u00e9 de fibres de verre est tr\u00e8s robuste et durable, et offre une prise en main exceptionnelle. Le manche est en outre muni d&rsquo;un support pour une dragonne et une s\u00e9curit\u00e9. Le couteau est facile \u00e0 nettoyer, ce qui est tr\u00e8s hygi\u00e9nique pour un couteau de chasse. Le couteau, d&rsquo;une longueur totale de 22 cm, est livr\u00e9 dans un bel \u00e9tui en cuir.<span class=\"Apple-converted-space\">&nbsp;<\/span><\/p>\n<p><b>Informations sur le produit :&nbsp;<\/b><\/p>\n<ul>\n<li>D\u00e9signation : Couteau de chasse \u00e0 lame fixe<span class=\"Apple-converted-space\">&nbsp;<\/span><\/li>\n<li>Couloir de manche : brun&nbsp;<\/li>\n<li>Mat\u00e9riau poign\u00e9e : Plastique G10<span class=\"Apple-converted-space\">&nbsp;<\/span><\/li>\n<li>Mati\u00e8re de la lame&nbsp;: Acier inoxydable 440 A&nbsp;<\/li>\n<li>Longueur de la lame : 11 cm<\/li>\n<li>Longueur du manche&nbsp;: 11 cm<\/li>\n<li>Longueur totale : 22 cm<\/li>\n<li>Avec crochet d\u2019arrachage \u00e0 l&rsquo;avant<\/li>\n<li>Poids : 200 g.<\/li>\n<\/ul>\n","protected":false},"excerpt":{"rendered":"<p>Ce couteau de chasse <b>Fixed Blade<\/b>&nbsp;\u00e0 lame fixe est simple et efficace. Sans fioritures. Ex\u00e9cution massive. La forme en Droppoint rend ce couteau id\u00e9al pour \u00e9visc\u00e9rer le gibier. Le crochet d&rsquo;arrachage situ\u00e9 sur la partie sup\u00e9rieure de la lame facilite consid\u00e9rablement cette t\u00e2che. En effet, il permet d&rsquo;\u00e9visc\u00e9rer facilement le gibier sans s&rsquo;enfoncer accidentellement plus profond\u00e9ment dans la chair. L&rsquo;acier 440A est inoxydable et facile \u00e0 aiguiser. Le manche en plastique multicouche renforc\u00e9 de fibres de verre est tr\u00e8s robuste et durable, et offre une prise en main exceptionnelle. Le manche est en outre muni d&rsquo;un support pour une dragonne et une s\u00e9curit\u00e9. Le couteau est facile \u00e0 nettoyer, ce qui est tr\u00e8s hygi\u00e9nique pour un couteau de chasse. Le couteau, d&rsquo;une longueur totale de 22 cm, est livr\u00e9 dans un bel \u00e9tui en cuir.<span class=\"Apple-converted-space\">&nbsp;<\/span><\/p>\n","protected":false},"featured_media":132991,"comment_status":"closed","ping_status":"closed","template":"","meta":{"inline_featured_image":false},"product_brand":[],"product_cat":[1035,887,1347],"product_tag":[1769,1773],"class_list":{"0":"post-133022","1":"product","2":"type-product","3":"status-publish","4":"has-post-thumbnail","6":"product_cat-couteaux-machettes","7":"product_cat-accessoires","8":"product_cat-accessoires-militaires-de-chasse","9":"product_tag-army-survival-fr","10":"product_tag-chasse-peche","12":"first","13":"instock","14":"taxable","15":"shipping-taxable","16":"purchasable","17":"product-type-simple"},"_links":{"self":[{"href":"https:\/\/metal-badge.ch\/fr\/wp-json\/wp\/v2\/product\/133022","targetHints":{"allow":["GET"]}}],"collection":[{"href":"https:\/\/metal-badge.ch\/fr\/wp-json\/wp\/v2\/product"}],"about":[{"href":"https:\/\/metal-badge.ch\/fr\/wp-json\/wp\/v2\/types\/product"}],"replies":[{"embeddable":true,"href":"https:\/\/metal-badge.ch\/fr\/wp-json\/wp\/v2\/comments?post=133022"}],"wp:featuredmedia":[{"embeddable":true,"href":"https:\/\/metal-badge.ch\/fr\/wp-json\/wp\/v2\/media\/132991"}],"wp:attachment":[{"href":"https:\/\/metal-badge.ch\/fr\/wp-json\/wp\/v2\/media?parent=133022"}],"wp:term":[{"taxonomy":"product_brand","embeddable":true,"href":"https:\/\/metal-badge.ch\/fr\/wp-json\/wp\/v2\/product_brand?post=133022"},{"taxonomy":"product_cat","embeddable":true,"href":"https:\/\/metal-badge.ch\/fr\/wp-json\/wp\/v2\/product_cat?post=133022"},{"taxonomy":"product_tag","embeddable":true,"href":"https:\/\/metal-badge.ch\/fr\/wp-json\/wp\/v2\/product_tag?post=133022"}],"curies":[{"name":"wp","href":"https:\/\/api.w.org\/{rel}","templated":true}]}}