{"id":132986,"date":"2023-11-02T23:16:11","date_gmt":"2023-11-02T22:16:11","guid":{"rendered":"https:\/\/metal-badge.ch\/product\/132986\/oxymetre-de-pouls-cms50d1\/"},"modified":"2023-11-02T23:16:11","modified_gmt":"2023-11-02T22:16:11","slug":"oxymetre-de-pouls-cms50d1","status":"publish","type":"product","link":"https:\/\/metal-badge.ch\/fr\/product\/132986\/oxymetre-de-pouls-cms50d1\/","title":{"rendered":"Oxym\u00e8tre de pouls CMS50D1"},"content":{"rendered":"<p>L\u2019oxym\u00e8tre de pouls CMS50D1 est un petit oxym\u00e8tre de pouls digital l\u00e9ger qui permet de d\u00e9terminer rapidement et avec pr\u00e9cision la saturation en oxyg\u00e8ne du sang et la fr\u00e9quence cardiaque chez les adultes. Pour assurer une lecture facile dans toutes les directions, l\u2019orientation de l\u2019\u00e9cran s\u2019adapte automatiquement \u00e0 la position des doigts. Les appareils m\u00e9dicaux sont utilis\u00e9s dans le cadre de ce que l\u2019on appelle l\u2019oxym\u00e9trie de pouls, en commen\u00e7ant par les sportifs d\u2019altitude en bonne sant\u00e9 jusqu\u2019aux personnes souffrant de maladies chroniques et n\u00e9cessitant des soins. Gr\u00e2ce \u00e0 sa facilit\u00e9 d\u2019utilisation, le CMS50D1 convient aussi bien pour la maison qu\u2019en d\u00e9placement<b>. <\/b>L\u2019arr\u00eat automatique \u00e9conomise de l\u2019\u00e9nergie et assure ainsi une longue dur\u00e9e de vie de la batterie.<\/p>\n<p><strong>Informations sur le produit&nbsp;:<span class=\"Apple-converted-space\">&nbsp;<\/span><\/strong><\/p>\n<ul>\n<li>R\u00e9f\u00e9rence&nbsp;: oxym\u00e8tre de pouls au niveau des doigts<span class=\"Apple-converted-space\">&nbsp;<\/span><\/li>\n<li>Mod\u00e8le&nbsp;: CMS50D1<\/li>\n<li>Couleur&nbsp;: blanc\/noir<span class=\"Apple-converted-space\">&nbsp;<\/span><\/li>\n<li>avec \u00e9cran<\/li>\n<li>Affichage graphique du pouls<\/li>\n<li>Mise hors tension automatique<span class=\"Apple-converted-space\">&nbsp;<\/span><\/li>\n<li>Fonctionnement sur piles 2x&nbsp;1,5&nbsp;V AAA<span class=\"Apple-converted-space\">&nbsp;<\/span><\/li>\n<li>Livr\u00e9 avec de nombreux accessoires<\/li>\n<li>Avec dragonne<span class=\"Apple-converted-space\">&nbsp;<\/span><\/li>\n<li>Pour la mesure non invasive de la fr\u00e9quence du pouls et de la saturation en oxyg\u00e8ne<\/li>\n<li>Alignement automatique de l\u2019affichage de l\u2019\u00e9cran<\/li>\n<li>Plage de mesure SpO2&nbsp;: 0 \u00e0 100&nbsp;%<\/li>\n<li>Plage de mesure du pouls&nbsp;: 30 \u00e0 250&nbsp;battements\/minute<\/li>\n<li>Dimensions&nbsp;: 61&nbsp;x&nbsp;36&nbsp;x&nbsp;32&nbsp;mm (L&nbsp;x&nbsp;l&nbsp;x&nbsp;H)<\/li>\n<li>Poids&nbsp;: env. 58&nbsp;g (piles incluses)<\/li>\n<\/ul>\n","protected":false},"excerpt":{"rendered":"<p>L\u2019oxym\u00e8tre de pouls CMS50D1 est un petit oxym\u00e8tre de pouls digital l\u00e9ger qui permet de d\u00e9terminer rapidement et avec pr\u00e9cision la saturation en oxyg\u00e8ne du sang et la fr\u00e9quence cardiaque chez les adultes. Pour assurer une lecture facile dans toutes les directions, l\u2019orientation de l\u2019\u00e9cran s\u2019adapte automatiquement \u00e0 la position des doigts. Les appareils m\u00e9dicaux sont utilis\u00e9s dans le cadre de ce que l\u2019on appelle l\u2019oxym\u00e9trie de pouls, en commen\u00e7ant par les sportifs d\u2019altitude en bonne sant\u00e9 jusqu\u2019aux personnes souffrant de maladies chroniques et n\u00e9cessitant des soins. Gr\u00e2ce \u00e0 sa facilit\u00e9 d\u2019utilisation, le CMS50D1 convient aussi bien pour la maison qu\u2019en d\u00e9placement<b>. <\/b>L\u2019arr\u00eat automatique \u00e9conomise de l\u2019\u00e9nergie et assure ainsi une longue dur\u00e9e de vie de la batterie.<\/p>\n","protected":false},"featured_media":132967,"comment_status":"closed","ping_status":"closed","template":"","meta":{"inline_featured_image":false},"product_brand":[],"product_cat":[1946,887],"product_tag":[1785,1765],"class_list":{"0":"post-132986","1":"product","2":"type-product","3":"status-publish","4":"has-post-thumbnail","6":"product_cat-organisations-lumiere-bleue-securite","7":"product_cat-accessoires","8":"product_tag-premiers-secours-sauvetage","9":"product_tag-sport-outdoor-fr","11":"first","12":"instock","13":"taxable","14":"shipping-taxable","15":"purchasable","16":"product-type-simple"},"_links":{"self":[{"href":"https:\/\/metal-badge.ch\/fr\/wp-json\/wp\/v2\/product\/132986","targetHints":{"allow":["GET"]}}],"collection":[{"href":"https:\/\/metal-badge.ch\/fr\/wp-json\/wp\/v2\/product"}],"about":[{"href":"https:\/\/metal-badge.ch\/fr\/wp-json\/wp\/v2\/types\/product"}],"replies":[{"embeddable":true,"href":"https:\/\/metal-badge.ch\/fr\/wp-json\/wp\/v2\/comments?post=132986"}],"wp:featuredmedia":[{"embeddable":true,"href":"https:\/\/metal-badge.ch\/fr\/wp-json\/wp\/v2\/media\/132967"}],"wp:attachment":[{"href":"https:\/\/metal-badge.ch\/fr\/wp-json\/wp\/v2\/media?parent=132986"}],"wp:term":[{"taxonomy":"product_brand","embeddable":true,"href":"https:\/\/metal-badge.ch\/fr\/wp-json\/wp\/v2\/product_brand?post=132986"},{"taxonomy":"product_cat","embeddable":true,"href":"https:\/\/metal-badge.ch\/fr\/wp-json\/wp\/v2\/product_cat?post=132986"},{"taxonomy":"product_tag","embeddable":true,"href":"https:\/\/metal-badge.ch\/fr\/wp-json\/wp\/v2\/product_tag?post=132986"}],"curies":[{"name":"wp","href":"https:\/\/api.w.org\/{rel}","templated":true}]}}