{"id":132929,"date":"2023-11-02T22:37:39","date_gmt":"2023-11-02T21:37:39","guid":{"rendered":"https:\/\/metal-badge.ch\/?post_type=product&#038;p=132929"},"modified":"2023-11-02T22:54:28","modified_gmt":"2023-11-02T21:54:28","slug":"chargeur-power-bank-chargeur-solaire-l3sw","status":"publish","type":"product","link":"https:\/\/metal-badge.ch\/fr\/product\/132929\/chargeur-power-bank-chargeur-solaire-l3sw\/","title":{"rendered":"Chargeur power bank \/ Chargeur solaire &#8211; L3SW"},"content":{"rendered":"<p>Toute nouvelle power bank universelle de 20000 mAh de haute qualit\u00e9 avec module solaire et c\u00e2ble de charge USB avec prise. Avec indicateur de charge sans fil et recharge WLAN int\u00e9gr\u00e9e. La power bank solaire \u00e0 puissante batterie Li-Polymer de 20&nbsp;000 mAh permet de charger un ou plusieurs smartphones en m\u00eame temps. Avec une batterie enti\u00e8rement charg\u00e9e, elle permet par exemple de recharger l&rsquo;iPhone 13 plus de 8 fois. La charge est possible par 1 \u00e0 3 c\u00e2bles de charge. La power bank est recharg\u00e9e tout simplement via le c\u00e2ble de chargement USB avec la fiche micro-USB ou tout simplement, lorsque la luminosit\u00e9 est bonne, \u00e0 l&rsquo;aide du module solaire int\u00e9gr\u00e9.<\/p>\n<p>Avec 4 c\u00e2bles de charge int\u00e9gr\u00e9s pour votre smartphone, iPad, tablette et autres. La power bank solaire sans c\u00e2ble comporte un c\u00e2ble d&rsquo;entr\u00e9e USB avec fiche micro-USB pour recharger la power bank et 3 c\u00e2bles de charge comme sortie d&rsquo;\u00e9nergie, 1 c\u00e2ble de charge USB-C, 1 c\u00e2ble USB et 1 c\u00e2ble de charge pour iPhone 13. Tout compris : le plus tendance, ce sont les 4 c\u00e2bles de charge int\u00e9gr\u00e9s : vous n&rsquo;aurez pas besoin de c\u00e2ble de charge s\u00e9par\u00e9 \u00e0 brancher car tout est d\u00e9j\u00e0 int\u00e9gr\u00e9, et le powerbank couvre presque tous les smartphones, tablettes, iPad, lecteurs de livres \u00e9lectroniques, jouets \u00e9lectroniques et autres chargeurs. Vous avez toujours le c\u00e2ble de charge ad\u00e9quat \u00e0 port\u00e9e de main, et il est \u00e9galement possible de charger plusieurs appareils en m\u00eame temps.<\/p>\n<p>Ne n\u00e9cessite pas de prise de courant, ce qui en fait une alimentation externe portable.<\/p>\n<p>Se recharge facilement gr\u00e2ce au module solaire. Convient \u00e9galement aux appareils photo num\u00e9riques, lecteurs MP3 ou MP4, PSP, appareils GPS, etc. La power bank transforme directement la lumi\u00e8re du soleil en puissance et se recharge ainsi rapidement. Le chargeur solaire peut \u00e9galement \u00eatre recharg\u00e9 par USB via un ordinateur portable, un PC ou avec un chargeur de voiture. C&rsquo;est la solution id\u00e9ale pour les longues excursions et les cas o\u00f9 vous n&rsquo;avez pas de source de courant traditionnelle \u00e0 votre disposition. Ainsi, vous pouvez rester mobile et ind\u00e9pendant \u00e0 tout moment tout en pouvant \u00e9couter votre musique, charger vos appareils ou jouer \u00e0 des jeux. Le chargeur solaire dispose d&rsquo;une longue dur\u00e9e de vie et d&rsquo;une protection contre les surcharges. Cette power bank avec panneau solaire est \u00e9tanche \u00e0 l&rsquo;eau conform\u00e9ment \u00e0 la norme IP65, \u00e9tanche \u00e0 la poussi\u00e8re et r\u00e9sistante aux chocs ; elle convient donc \u00e9galement pour l&rsquo;ext\u00e9rieur et les utilisations en plein air. La banque d&rsquo;\u00e9nergie avec panneau solaire est en outre \u00e9quip\u00e9e \u00e0 l&rsquo;avant de trois lampes LED lumineuses avec 4 modes diff\u00e9rents. Vous avez ainsi toujours la source de lumi\u00e8re dont vous avez besoin avec vous. La power bank peut aussi \u00eatre charg\u00e9e sans fil.<br \/>\n&nbsp;<\/p>\n<p><b>Informations sur le produit :<\/b><\/p>\n<ul>\n<li>D\u00e9signation : Power bank solaire L3SW<\/li>\n<li>Puissance : Batterie Li-Ion de 20000 mAh<\/li>\n<li>Portable, pratique, avec une longue dur\u00e9e de vie<\/li>\n<li>Avec dragonne int\u00e9gr\u00e9e<\/li>\n<li>Compatible avec tous les smartphones \/ tablettes, etc.<\/li>\n<li>Chargement solaire ou via USB<\/li>\n<li>Le t\u00e9moin lumineux indique le niveau de charge de la batterie.<\/li>\n<li>Fonction de charge QI, panneau solaire, avec 3 lampes LED puissantes<\/li>\n<li>Power bank avec 4 c\u00e2bles de charge, 1 c\u00e2ble de charge USB vers micro-USB<\/li>\n<li>Power bank solaire avec 4 c\u00e2bles de charge pour smartphone, Tab, AccuCell<\/li>\n<li>Couleur : design noir et orange<\/li>\n<li>Avec 4 c\u00e2bles de chargement : pour iPhone 7-14, USB-C, Micro-USB, USB<\/li>\n<li>Bo\u00eetier robuste avec panneau solaire<\/li>\n<li>IP65 \u00e9tanche \u00e0 l&rsquo;eau<\/li>\n<li>Connexion USB C 6 sorties, 3 entr\u00e9es \u00e0 max. 15W 5V \/ 3A<\/li>\n<li>Avec fonction de charge QI, charge sans fil QI, au dos du bo\u00eetier, par ex. pour iPhone 14<\/li>\n<li>Dimensions : 80 mm x 160 mm x 20 mm<\/li>\n<li>Poids&nbsp;: 450 g&nbsp;<\/li>\n<li>Panneau solaire&nbsp;: 1,2 A\/h<\/li>\n<li>Entr\u00e9e CC&nbsp;: 5&nbsp;V 1&nbsp;A CC<\/li>\n<li>Sortie: 5,0,&nbsp;2,1 A<\/li>\n<li>Chargement sans file (panneau solaire)<\/li>\n<li>Entr\u00e9e micro-USB&nbsp;: 5V=2A type C Entr\u00e9e&nbsp;: 5&nbsp;V=3&nbsp;A<\/li>\n<li>Sortie USB type C\uff1a 5&nbsp;V=3&nbsp;A<\/li>\n<li>Sortie USB 1,5 V<span class=\"Apple-converted-space\">&nbsp; <\/span>= 3&nbsp;A, sortie USB 2&nbsp;: 5&nbsp;V&nbsp;=&nbsp;3&nbsp;A<\/li>\n<li>C\u00e2ble d&rsquo;entr\u00e9e USB : 5&nbsp;V = 3&nbsp;A, c\u00e2ble de sortie Lightning&nbsp;: 5&nbsp;V&nbsp;= 2&nbsp;A<\/li>\n<li>C\u00e2ble de sortie de type C : 5&nbsp;V = 3&nbsp;A, c\u00e2ble de sortie mciro : 5&nbsp;V = 2 A<\/li>\n<\/ul>\n","protected":false},"excerpt":{"rendered":"<p>Toute nouvelle power bank universelle de 20000 mAh de haute qualit\u00e9 avec module solaire et c\u00e2ble de charge USB avec prise. Avec indicateur de charge sans fil et recharge WLAN int\u00e9gr\u00e9e. La power bank solaire \u00e0 puissante batterie Li-Polymer de 20&nbsp;000 mAh permet de charger un ou plusieurs smartphones en m\u00eame temps. Avec une batterie enti\u00e8rement charg\u00e9e, elle permet par exemple de recharger l&rsquo;iPhone 13 plus de 8 fois. La charge est possible par 1 \u00e0 3 c\u00e2bles de charge. La power bank est recharg\u00e9e tout simplement via le c\u00e2ble de chargement USB avec la fiche micro-USB ou tout simplement, lorsque la luminosit\u00e9 est bonne, \u00e0 l&rsquo;aide du module solaire int\u00e9gr\u00e9.<\/p>\n","protected":false},"featured_media":132933,"comment_status":"closed","ping_status":"closed","template":"","meta":{"inline_featured_image":false},"product_brand":[],"product_cat":[1673,887,1435],"product_tag":[1777,1765],"class_list":{"0":"post-132929","1":"product","2":"type-product","3":"status-publish","4":"has-post-thumbnail","6":"product_cat-batteries-rechargeables-fr","7":"product_cat-accessoires","8":"product_cat-camping-voyage","9":"product_tag-camping-voyage","10":"product_tag-sport-outdoor-fr","12":"first","13":"instock","14":"taxable","15":"shipping-taxable","16":"purchasable","17":"product-type-simple"},"_links":{"self":[{"href":"https:\/\/metal-badge.ch\/fr\/wp-json\/wp\/v2\/product\/132929","targetHints":{"allow":["GET"]}}],"collection":[{"href":"https:\/\/metal-badge.ch\/fr\/wp-json\/wp\/v2\/product"}],"about":[{"href":"https:\/\/metal-badge.ch\/fr\/wp-json\/wp\/v2\/types\/product"}],"replies":[{"embeddable":true,"href":"https:\/\/metal-badge.ch\/fr\/wp-json\/wp\/v2\/comments?post=132929"}],"wp:featuredmedia":[{"embeddable":true,"href":"https:\/\/metal-badge.ch\/fr\/wp-json\/wp\/v2\/media\/132933"}],"wp:attachment":[{"href":"https:\/\/metal-badge.ch\/fr\/wp-json\/wp\/v2\/media?parent=132929"}],"wp:term":[{"taxonomy":"product_brand","embeddable":true,"href":"https:\/\/metal-badge.ch\/fr\/wp-json\/wp\/v2\/product_brand?post=132929"},{"taxonomy":"product_cat","embeddable":true,"href":"https:\/\/metal-badge.ch\/fr\/wp-json\/wp\/v2\/product_cat?post=132929"},{"taxonomy":"product_tag","embeddable":true,"href":"https:\/\/metal-badge.ch\/fr\/wp-json\/wp\/v2\/product_tag?post=132929"}],"curies":[{"name":"wp","href":"https:\/\/api.w.org\/{rel}","templated":true}]}}