{"id":132849,"date":"2023-11-02T21:50:02","date_gmt":"2023-11-02T20:50:03","guid":{"rendered":"https:\/\/metal-badge.ch\/?post_type=product&#038;p=132849"},"modified":"2023-11-02T22:04:10","modified_gmt":"2023-11-02T21:04:10","slug":"chargeur-power-bank-chargeur-solaire-g26","status":"publish","type":"product","link":"https:\/\/metal-badge.ch\/fr\/product\/132849\/chargeur-power-bank-chargeur-solaire-g26\/","title":{"rendered":"Chargeur power bank \/ Chargeur solaire &#8211; G26"},"content":{"rendered":"<p>Power bank universelle de 26800 mAh de haute qualit\u00e9 avec c\u00e2ble de charge USB avec prise. La power bank solaire \u00e0 puissante batterie Li-Polymer de 26&nbsp;800 mAh permet de charger un ou plusieurs smartphones en m\u00eame temps. Avec une batterie enti\u00e8rement charg\u00e9e en une dur\u00e9e maximale de 8 heures environ, elle permet par exemple de recharger l&rsquo;iPhone 13 plus de 8 fois.<span class=\"Apple-converted-space\">&nbsp;<\/span><\/p>\n<p>Jusqu\u2019\u00e0 3 appareils peuvent \u00eatre charg\u00e9s simultan\u00e9ment. La power bank est recharg\u00e9e tout simplement via le c\u00e2ble de chargement USB avec la fiche micro-USB ou tout simplement, lorsque la luminosit\u00e9 est bonne, \u00e0 l&rsquo;aide du module solaire int\u00e9gr\u00e9. Les prises int\u00e9gr\u00e9es sont destin\u00e9es \u00e0 vos smartphone, iPad, tablette et autres.<span class=\"Apple-converted-space\">&nbsp;<\/span><\/p>\n<p>Convient \u00e9galement aux appareils photo num\u00e9riques, lecteurs MP3 ou MP4, PSP, appareils GPS, etc.<\/p>\n<p>La power bank solaire sans fil compte un c\u00e2ble d&rsquo;entr\u00e9e USB avec prise micro-USB pour la recharger, ainsi que de 3 prises de charge comme sorties d&rsquo;\u00e9nergie.<\/p>\n<p>Il est aussi possible de la charger \u00e0 l&rsquo;aide du module solaire. Celui-ci transforme directement la lumi\u00e8re du soleil en puissance et se recharge ainsi rapidement. C&rsquo;est la solution id\u00e9ale pour les longues excursions et les cas o\u00f9 vous n&rsquo;avez pas de source de courant traditionnelle \u00e0 votre disposition. Ainsi, vous pouvez rester mobile et ind\u00e9pendant \u00e0 tout moment tout en pouvant \u00e9couter votre musique, charger vos appareils ou jouer \u00e0 des jeux. Le chargeur solaire dispose d&rsquo;une longue dur\u00e9e de vie et d&rsquo;une protection contre les surcharges, ainsi que d\u2019un voyant de contr\u00f4le de la charge. Cette power bank avec panneau solaire est \u00e9tanche \u00e0 l&rsquo;eau conform\u00e9ment \u00e0 la norme IP55, \u00e9tanche \u00e0 la poussi\u00e8re et r\u00e9sistante aux chocs ; elle convient donc \u00e9galement pour l&rsquo;ext\u00e9rieur et les utilisations en plein air.<span class=\"Apple-converted-space\">&nbsp;<\/span><\/p>\n<p>La power bank avec module solaire comporte en plus une lampe \u00e0 lumi\u00e8re blanche sur toute sa surface. La lampe est \u00e9quip\u00e9e de 4 modes diff\u00e9rents. Vous avez ainsi toujours la source de lumi\u00e8re dont vous avez besoin avec vous.<span class=\"Apple-converted-space\">&nbsp; <\/span><\/p>\n<p><b>Informations sur le produit :<\/b><\/p>\n<ul>\n<li>D\u00e9signation : Power bank solaire G26<\/li>\n<li>Puissance : Batterie Li-ion de 26800 mAh<\/li>\n<li>Dur\u00e9e de charge : env. 8 heures.<\/li>\n<li>Portable, pratique et avec une longue dur\u00e9e de vie<\/li>\n<li>Compatible avec tous les smartphones, tablettes, appareils GPS, etc.<\/li>\n<li>Chargement solaire ou par USB<\/li>\n<li>Panneau solaire, avec 6 lampes LED puissantes int\u00e9gr\u00e9es<\/li>\n<li>Power bank avec 3 prises de charge, 1 c\u00e2ble de charge<\/li>\n<li>USB vers micro-USB<\/li>\n<li>Couleur : Noir, orange<span class=\"Apple-converted-space\">&nbsp;<\/span><\/li>\n<li>Affichage de l\u2019\u00e9tat de la batterie<span class=\"Apple-converted-space\">&nbsp;<\/span><\/li>\n<li>Bo\u00eetier robuste avec panneau solaire<\/li>\n<li>\u00c9tanche selon la norme IP55<\/li>\n<li>Dimensions&nbsp;: 85 mm x 170 mm x 25 mm<\/li>\n<li>Poids&nbsp;: 570 g&nbsp;<\/li>\n<li>Panneau solaire&nbsp;: 1,2 A\/h<\/li>\n<li>Entr\u00e9e de type C&nbsp;: 5,0 V \/ 2,0 A<\/li>\n<li>Entr\u00e9e (micro)&nbsp;:5,0 \/ 2,0 A<span class=\"Apple-converted-space\">&nbsp;<\/span><\/li>\n<li>Sortie (USB-A2)&nbsp;: 5,0 V \/ 3,1 A<\/li>\n<li>Sortie (USB-A1)&nbsp;: 5,0 V \/ 3,1 A<\/li>\n<li>Sortie (type-c)&nbsp;: 5,0&nbsp;v \/ 3,1 A<span class=\"Apple-converted-space\">&nbsp;<\/span><\/li>\n<li>Chargement sans fil (panneau solaire)<\/li>\n<\/ul>\n","protected":false},"excerpt":{"rendered":"<p>Power bank universelle de 26800 mAh de haute qualit\u00e9 avec c\u00e2ble de charge USB avec prise. La power bank solaire \u00e0 puissante batterie Li-Polymer de 26&nbsp;800 mAh permet de charger un ou plusieurs smartphones en m\u00eame temps. Avec une batterie enti\u00e8rement charg\u00e9e en une dur\u00e9e maximale de 8 heures environ, elle permet par exemple de recharger l&rsquo;iPhone 13 plus de 8 fois.<span class=\"Apple-converted-space\">&nbsp;<\/span><\/p>\n<p>Jusqu\u2019\u00e0 3 appareils peuvent \u00eatre charg\u00e9s simultan\u00e9ment. La power bank est recharg\u00e9e tout simplement via le c\u00e2ble de chargement USB avec la fiche micro-USB ou tout simplement, lorsque la luminosit\u00e9 est bonne, \u00e0 l&rsquo;aide du module solaire int\u00e9gr\u00e9. Les prises int\u00e9gr\u00e9es sont destin\u00e9es \u00e0 vos smartphone, iPad, tablette et autres.<span class=\"Apple-converted-space\">&nbsp;<\/span><\/p>\n<p>Convient \u00e9galement aux appareils photo num\u00e9riques, lecteurs MP3 ou MP4, PSP, appareils GPS, etc.<\/p>\n","protected":false},"featured_media":132853,"comment_status":"closed","ping_status":"closed","template":"","meta":{"inline_featured_image":false},"product_brand":[],"product_cat":[1673,887,1435],"product_tag":[1777,1765],"class_list":{"0":"post-132849","1":"product","2":"type-product","3":"status-publish","4":"has-post-thumbnail","6":"product_cat-batteries-rechargeables-fr","7":"product_cat-accessoires","8":"product_cat-camping-voyage","9":"product_tag-camping-voyage","10":"product_tag-sport-outdoor-fr","12":"first","13":"instock","14":"taxable","15":"shipping-taxable","16":"purchasable","17":"product-type-simple"},"_links":{"self":[{"href":"https:\/\/metal-badge.ch\/fr\/wp-json\/wp\/v2\/product\/132849","targetHints":{"allow":["GET"]}}],"collection":[{"href":"https:\/\/metal-badge.ch\/fr\/wp-json\/wp\/v2\/product"}],"about":[{"href":"https:\/\/metal-badge.ch\/fr\/wp-json\/wp\/v2\/types\/product"}],"replies":[{"embeddable":true,"href":"https:\/\/metal-badge.ch\/fr\/wp-json\/wp\/v2\/comments?post=132849"}],"wp:featuredmedia":[{"embeddable":true,"href":"https:\/\/metal-badge.ch\/fr\/wp-json\/wp\/v2\/media\/132853"}],"wp:attachment":[{"href":"https:\/\/metal-badge.ch\/fr\/wp-json\/wp\/v2\/media?parent=132849"}],"wp:term":[{"taxonomy":"product_brand","embeddable":true,"href":"https:\/\/metal-badge.ch\/fr\/wp-json\/wp\/v2\/product_brand?post=132849"},{"taxonomy":"product_cat","embeddable":true,"href":"https:\/\/metal-badge.ch\/fr\/wp-json\/wp\/v2\/product_cat?post=132849"},{"taxonomy":"product_tag","embeddable":true,"href":"https:\/\/metal-badge.ch\/fr\/wp-json\/wp\/v2\/product_tag?post=132849"}],"curies":[{"name":"wp","href":"https:\/\/api.w.org\/{rel}","templated":true}]}}