{"id":132598,"date":"2023-11-02T16:34:02","date_gmt":"2023-11-02T15:34:03","guid":{"rendered":"https:\/\/metal-badge.ch\/?post_type=product&#038;p=132598"},"modified":"2024-08-02T21:51:24","modified_gmt":"2024-08-02T19:51:24","slug":"gilet-dintervention-orange-avec-differentes-poches","status":"publish","type":"product","link":"https:\/\/metal-badge.ch\/fr\/product\/132598\/gilet-dintervention-orange-avec-differentes-poches\/","title":{"rendered":"Gilet d\u2019intervention orange avec diff\u00e9rentes poches"},"content":{"rendered":"<p>Gilet d\u2019intervention orange en polyster mesh 240 GSM, mat\u00e9riau de base et tissu nylon Denier 600 avec rev\u00eatement PU hydrofuge, le gilet avec de nombreux extras. Le gilet est disponible en plusieurs tailles et peut \u00eatre ferm\u00e9 \u00e0 l\u2019avant par une fermeture \u00e9clair YKK. \u00c9quip\u00e9 de 6&nbsp;poches multifonctionnelles \u00e0 l\u2019avant, de 3&nbsp;poches des deux c\u00f4t\u00e9s.<span class=\"Apple-converted-space\">&nbsp;<\/span><\/p>\n<p><i>Sur la poitrine \u00e0 droite et \u00e0 gauche&nbsp;: une poche avec fermeture velcro plastifi\u00e9e \u00e0 l\u2019int\u00e9rieur, une bande r\u00e9fl\u00e9chissante \u00e0 l\u2019ext\u00e9rieur, une fen\u00eatre pour carte d\u2019identit\u00e9 et un velcro pour l\u2019\u00e9tiquette sur le devant.<\/i>. <i>Un grand sac avec deux fermetures \u00e9clair circulaires, plastifi\u00e9 \u00e0 l\u2019int\u00e9rieur et adapt\u00e9 comme compartiment \u00e0 m\u00e9dicaments avec de petits supports \u00e9lastiques.<\/i> <i>Ce sac est muni de deux \u00e9lastiques et d\u2019une fermeture rapide sur le c\u00f4t\u00e9 int\u00e9rieur, ce qui emp\u00eache le compartiment ext\u00e9rieur de tomber lorsque la fermeture \u00e9clair est ouverte. \u00c0 l\u2019ext\u00e9rieur, le sac est dot\u00e9 de bandes r\u00e9fl\u00e9chissantes et d\u2019une petite poche \u00e0 rabat avec un bouton-pression. En outre, il dispose d\u2019une poche radio avec fermeture velcro ainsi que d\u2019une autre poche avec fermeture velcro pour les petits objets comme les bandages, etc. Les deux poches sont \u00e9galement munies de bandes r\u00e9fl\u00e9chissantes. La poche transversale en bas \u00e0 gauche, avec fermeture velcro et bandes r\u00e9fl\u00e9chissantes, est destin\u00e9e aux grandes lampes de poche ou \u00e0 d\u2019autres mat\u00e9riels.<span class=\"Apple-converted-space\">&nbsp;<\/span><\/i><\/p>\n<p>De plus, deux grands compartiments zipp\u00e9s se trouvent sous les poches \u00e0 l\u2019avant, de chaque c\u00f4t\u00e9, et sont facilement accessibles. Les compartiments offrent suffisamment d\u2019espace pour ranger des gants et d\u2019autres mat\u00e9riaux.<\/p>\n<p>Des bandes de s\u00e9curit\u00e9 r\u00e9fl\u00e9chissantes de couleur argent\u00e9e selon la norme EN 471 sont cousues \u00e0 l\u2019avant et \u00e0 l\u2019arri\u00e8re du gilet. Ainsi, le porteur peut \u00eatre visible m\u00eame dans l\u2019obscurit\u00e9.<span class=\"Apple-converted-space\">&nbsp;<\/span><\/p>\n<p>La taille du gilet peut \u00eatre r\u00e9gl\u00e9e \u00e0 l\u2019aide d\u2019une fermeture velcro sur les \u00e9paules et les hanches. Ouvert sur les c\u00f4t\u00e9s et en haut au niveau des \u00e9paules gr\u00e2ce \u00e0 une fermeture velcro, il s\u2019adapte encore mieux au porteur.<\/p>\n<p>Le dos du gilet est muni d\u2019un grand velcro, ce qui permet d\u2019enlever ou d\u2019appliquer facilement nos diverses inscriptions r\u00e9fl\u00e9chissantes telles que&nbsp;: <b>S\u00c9CURIT\u00c9\/POLICE\/POLIZEI\/PARAMEDIC\/POMPIERS\/M\u00c9DECIN URGENTISTE\/CHEF DES OP\u00c9RATIONS \/SERVICE DE SECOURS<\/b>, etc. Les dimensions du panneau \u00e0 l\u2019arri\u00e8re sont de 30&nbsp;cm&nbsp;x&nbsp;10&nbsp;cm.<\/p>\n<p>Sur le devant \u00e0 gauche de la poche ext\u00e9rieure sup\u00e9rieure se trouve \u00e9galement un velcro pour l\u2019application de nos plaques r\u00e9fl\u00e9chissantes telles que&nbsp;:&nbsp;<b>S\u00c9CURIT\u00c9\/POLICE\/POLIZEI\/PARAMEDIC\/POMPIERS\/m\u00e9decin urgentiste\/chef des op\u00e9rations\/service de secours<\/b> dans les dimensions 12&nbsp;cm&nbsp;x&nbsp;4&nbsp;cm.<\/p>\n<p><strong>Informations sur le produit&nbsp;:<\/strong><\/p>\n<ul>\n<li>R\u00e9f\u00e9rence&nbsp;: gilet d\u2019intervention<span class=\"Apple-converted-space\">&nbsp;<\/span><\/li>\n<li>Mat\u00e9riau&nbsp;: en polyster mesh 240 GSM, mat\u00e9riau de base et tissu nylon Denier 1000 avec rev\u00eatement PU hydrofuge.<\/li>\n<li>Le gilet peut \u00eatre ouvert en haut au niveau des \u00e9paules et sur le c\u00f4t\u00e9 en bas gr\u00e2ce \u00e0 une fermeture velcro, et pour ainsi encore mieux s\u2019adapter au porteur.<\/li>\n<li>Couleur&nbsp;: orange<span class=\"Apple-converted-space\">&nbsp;<\/span><\/li>\n<li>Bandes r\u00e9fl\u00e9chissantes argent\u00e9es cousues selon la norme EN 471<\/li>\n<li>Fen\u00eatre d\u2019identification transparente\/fen\u00eatre pour badge Rehausse sur la poche \u00e0 droite<\/li>\n<li>2&nbsp;grandes poches avec fermeture \u00e9clair sur le c\u00f4t\u00e9 pour les gants, etc.<span class=\"Apple-converted-space\">&nbsp;<\/span><\/li>\n<li>\u00c9tiquettes&nbsp;: interchangeables gr\u00e2ce au velcro<\/li>\n<li>Sacs \u00e0 l\u2019int\u00e9rieur avec rev\u00eatement en PU<span class=\"Apple-converted-space\">&nbsp;<\/span><\/li>\n<li>Poches avant&nbsp;: 6&nbsp;poches multifonctionnelles avec fermeture \u00e9clair ou velcro<\/li>\n<li>Dimensions 1&nbsp;poche ext\u00e9rieure en haut \u00e0 droite&nbsp;: largeur 17&nbsp;cm\/hauteur 14&nbsp;cm\/profondeur 4&nbsp;cm avec fermeture velcro<\/li>\n<li>Dimensions 1&nbsp;poche ext\u00e9rieure en haut \u00e0 gauche&nbsp;: largeur 17&nbsp;cm\/hauteur 14&nbsp;cm\/profondeur 4&nbsp;cm avec fermeture velcro<\/li>\n<li>Dimensions 1&nbsp;grande poche ext\u00e9rieure droite avec fermeture \u00e9clair circulaire&nbsp;: largeur 17&nbsp;cm\/hauteur 21&nbsp;cm\/profondeur 7&nbsp;cm<span class=\"Apple-converted-space\">&nbsp;<\/span><\/li>\n<li>Dimensions 1&nbsp;poche ext\u00e9rieure au milieu \u00e0 gauche&nbsp;: largeur 17&nbsp;cm\/hauteur 14&nbsp;cm\/profondeur 4&nbsp;cm avec fermeture velcro<\/li>\n<li>Dimensions 1&nbsp;poche ext\u00e9rieure transversale gauche&nbsp;: largeur 28&nbsp;cm\/hauteur 9&nbsp;cm\/profondeur 5&nbsp;cm avec fermeture velcro<span class=\"Apple-converted-space\">&nbsp;<\/span><\/li>\n<li>Dimensions 1&nbsp;poche ext\u00e9rieure droite&nbsp;: largeur 8,5&nbsp;cm\/16&nbsp;cm\/profondeur 5&nbsp;cm avec fermeture velcro<span class=\"Apple-converted-space\">&nbsp;<\/span><\/li>\n<li>Taille&nbsp;: S, M, L, XL, 2XL<\/li>\n<li>Poids&nbsp;: 790&nbsp;g<\/li>\n<\/ul>\n<p>Propre inscription disponible sur demande pour les commandes de 20&nbsp;pi\u00e8ces ou plus et prix r\u00e9duit garanti, contactez-nous. Si n\u00e9cessaire, le gilet est \u00e9galement disponible en d\u2019autres tailles \u00e0 partir de 10&nbsp;pi\u00e8ces.<\/p>\n","protected":false},"excerpt":{"rendered":"<p>Gilet d\u2019intervention orange en polyster mesh 240 GSM, mat\u00e9riau de base et tissu nylon Denier 600 avec rev\u00eatement PU hydrofuge, le gilet avec de nombreux extras. Le gilet est disponible en plusieurs tailles et peut \u00eatre ferm\u00e9 \u00e0 l\u2019avant par une fermeture \u00e9clair YKK. \u00c9quip\u00e9 de 6&nbsp;poches multifonctionnelles \u00e0 l\u2019avant, de 3&nbsp;poches des deux c\u00f4t\u00e9s.<span class=\"Apple-converted-space\">&nbsp;<\/span><\/p>\n","protected":false},"featured_media":132602,"comment_status":"open","ping_status":"closed","template":"","meta":{"inline_featured_image":false},"product_brand":[],"product_cat":[2215,1606],"product_tag":[1765],"class_list":{"0":"post-132598","1":"product","2":"type-product","3":"status-publish","4":"has-post-thumbnail","6":"product_cat-vestes_tactiques","7":"product_cat-vetements-haute-visibilite-et-lumineux","8":"product_tag-sport-outdoor-fr","10":"first","11":"instock","12":"taxable","13":"shipping-taxable","14":"purchasable","15":"product-type-simple"},"_links":{"self":[{"href":"https:\/\/metal-badge.ch\/fr\/wp-json\/wp\/v2\/product\/132598","targetHints":{"allow":["GET"]}}],"collection":[{"href":"https:\/\/metal-badge.ch\/fr\/wp-json\/wp\/v2\/product"}],"about":[{"href":"https:\/\/metal-badge.ch\/fr\/wp-json\/wp\/v2\/types\/product"}],"replies":[{"embeddable":true,"href":"https:\/\/metal-badge.ch\/fr\/wp-json\/wp\/v2\/comments?post=132598"}],"wp:featuredmedia":[{"embeddable":true,"href":"https:\/\/metal-badge.ch\/fr\/wp-json\/wp\/v2\/media\/132602"}],"wp:attachment":[{"href":"https:\/\/metal-badge.ch\/fr\/wp-json\/wp\/v2\/media?parent=132598"}],"wp:term":[{"taxonomy":"product_brand","embeddable":true,"href":"https:\/\/metal-badge.ch\/fr\/wp-json\/wp\/v2\/product_brand?post=132598"},{"taxonomy":"product_cat","embeddable":true,"href":"https:\/\/metal-badge.ch\/fr\/wp-json\/wp\/v2\/product_cat?post=132598"},{"taxonomy":"product_tag","embeddable":true,"href":"https:\/\/metal-badge.ch\/fr\/wp-json\/wp\/v2\/product_tag?post=132598"}],"curies":[{"name":"wp","href":"https:\/\/api.w.org\/{rel}","templated":true}]}}