{"id":132529,"date":"2023-11-02T15:30:36","date_gmt":"2023-11-02T14:30:36","guid":{"rendered":"https:\/\/metal-badge.ch\/?post_type=product&#038;p=132529"},"modified":"2023-11-02T15:37:24","modified_gmt":"2023-11-02T14:37:24","slug":"couteau-de-poche-sog-vert","status":"publish","type":"product","link":"https:\/\/metal-badge.ch\/fr\/product\/132529\/couteau-de-poche-sog-vert\/","title":{"rendered":"Couteau de poche SOG &#8211; vert"},"content":{"rendered":"<p>Ce couteau de poche de marque SOG peut \u00eatre facilement fix\u00e9 \u00e0 la ceinture ou \u00e0 un passant gr\u00e2ce \u00e0 une pince. Le syst\u00e8me de blocage Frame Lock peut \u00eatre d\u00e9bloqu\u00e9 en appuyant sur un bouton situ\u00e9 sur le manche. Le manche en micarta, un mat\u00e9riau composite \u00e0 base de fibres et de plastique, se pr\u00e9sente dans un look moderne. Ce petit couteau de poche robuste avec son manche ergonomique peut \u00eatre utilis\u00e9 d&rsquo;une seule main et est fabriqu\u00e9 en acier inoxydable de qualit\u00e9 sup\u00e9rieure. <span class=\"Apple-converted-space\">&nbsp;<\/span><\/p>\n<p><b>Informations sur le produit :<span class=\"Apple-converted-space\">&nbsp;<\/span><\/b><\/p>\n<ul>\n<li>Marque : SOG<\/li>\n<li>D\u00e9signation&nbsp;: Couteau de table KS-SOG01<\/li>\n<li>Couleur : vert<\/li>\n<li>Longueur totale&nbsp;: 17,5 cm<\/li>\n<li>Longueur du manche: 10 cm<\/li>\n<li>\u00c9paisseur du manche&nbsp;: 1,5 cm<\/li>\n<li>Longueur de la lame&nbsp;: 7,5 cm<\/li>\n<li>Largeur de la lame&nbsp;: 3 cm \u00e0 l&rsquo;endroit le plus large<\/li>\n<li>Poids&nbsp;: 140 g. <span class=\"Apple-converted-space\">&nbsp;<\/span><\/li>\n<li>Manche : Micarta (mat\u00e9riau composite fibres \/ plastique)<\/li>\n<li>Lame : acier inoxydable<span class=\"Apple-converted-space\"> &nbsp;<\/span><\/li>\n<li>\u00c9paisseur de la lame : 56 HRC<\/li>\n<\/ul>\n","protected":false},"excerpt":{"rendered":"<p>Ce couteau de poche de marque SOG peut \u00eatre facilement fix\u00e9 \u00e0 la ceinture ou \u00e0 un passant gr\u00e2ce \u00e0 une pince. Le syst\u00e8me de blocage Frame Lock peut \u00eatre d\u00e9bloqu\u00e9 en appuyant sur un bouton situ\u00e9 sur le manche. Le manche en micarta, un mat\u00e9riau composite \u00e0 base de fibres et de plastique, se pr\u00e9sente dans un look moderne. Ce petit couteau de poche robuste avec son manche ergonomique peut \u00eatre utilis\u00e9 d&rsquo;une seule main et est fabriqu\u00e9 en acier inoxydable de qualit\u00e9 sup\u00e9rieure. <span class=\"Apple-converted-space\">&nbsp;<\/span><\/p>\n","protected":false},"featured_media":132533,"comment_status":"closed","ping_status":"closed","template":"","meta":{"inline_featured_image":false},"product_brand":[],"product_cat":[1347,887,1435,1035],"product_tag":[1769,1773],"class_list":{"0":"post-132529","1":"product","2":"type-product","3":"status-publish","4":"has-post-thumbnail","6":"product_cat-accessoires-militaires-de-chasse","7":"product_cat-accessoires","8":"product_cat-camping-voyage","9":"product_cat-couteaux-machettes","10":"product_tag-army-survival-fr","11":"product_tag-chasse-peche","13":"first","14":"instock","15":"taxable","16":"shipping-taxable","17":"purchasable","18":"product-type-simple"},"_links":{"self":[{"href":"https:\/\/metal-badge.ch\/fr\/wp-json\/wp\/v2\/product\/132529","targetHints":{"allow":["GET"]}}],"collection":[{"href":"https:\/\/metal-badge.ch\/fr\/wp-json\/wp\/v2\/product"}],"about":[{"href":"https:\/\/metal-badge.ch\/fr\/wp-json\/wp\/v2\/types\/product"}],"replies":[{"embeddable":true,"href":"https:\/\/metal-badge.ch\/fr\/wp-json\/wp\/v2\/comments?post=132529"}],"wp:featuredmedia":[{"embeddable":true,"href":"https:\/\/metal-badge.ch\/fr\/wp-json\/wp\/v2\/media\/132533"}],"wp:attachment":[{"href":"https:\/\/metal-badge.ch\/fr\/wp-json\/wp\/v2\/media?parent=132529"}],"wp:term":[{"taxonomy":"product_brand","embeddable":true,"href":"https:\/\/metal-badge.ch\/fr\/wp-json\/wp\/v2\/product_brand?post=132529"},{"taxonomy":"product_cat","embeddable":true,"href":"https:\/\/metal-badge.ch\/fr\/wp-json\/wp\/v2\/product_cat?post=132529"},{"taxonomy":"product_tag","embeddable":true,"href":"https:\/\/metal-badge.ch\/fr\/wp-json\/wp\/v2\/product_tag?post=132529"}],"curies":[{"name":"wp","href":"https:\/\/api.w.org\/{rel}","templated":true}]}}