{"id":132450,"date":"2023-11-02T00:27:19","date_gmt":"2023-11-01T23:27:37","guid":{"rendered":"https:\/\/metal-badge.ch\/?post_type=product&#038;p=132450"},"modified":"2023-11-02T15:11:44","modified_gmt":"2023-11-02T14:11:44","slug":"couteau-a-une-main-dexterieur-brun","status":"publish","type":"product","link":"https:\/\/metal-badge.ch\/fr\/product\/132450\/couteau-a-une-main-dexterieur-brun\/","title":{"rendered":"Couteau \u00e0 une main d&rsquo;ext\u00e9rieur &#8211; brun"},"content":{"rendered":"<p>Tr\u00e8s robuste, ce couteau \u00e0 une main est classique dot\u00e9 d&rsquo;une poign\u00e9e en micada, un mat\u00e9riau composite \u00e0 base de fibres et de plastique. Le manche tr\u00e8s ergonomique offre une bonne prise \u00e0 la main active. Ce couteau peut \u00eatre utilis\u00e9 avec une seule main. La lame est en acier inoxydable de qualit\u00e9 sup\u00e9rieure. <span class=\"Apple-converted-space\">&nbsp;<\/span><\/p>\n<p>Le couteau est \u00e9quip\u00e9 d&rsquo;une pince de fixation \u00e0 la ceinture en m\u00e9tal.<span class=\"Apple-converted-space\">&nbsp;<\/span><\/p>\n<p><b>Informations sur le produit :<span class=\"Apple-converted-space\">&nbsp;<\/span><\/b><\/p>\n<ul>\n<li>D\u00e9signation : Outdoor KS-956<span class=\"Apple-converted-space\">&nbsp;<\/span><\/li>\n<li>Couleurs : brun<\/li>\n<li>Duret\u00e9 de la lame&nbsp;: 59HRC<span class=\"Apple-converted-space\">&nbsp;<\/span><\/li>\n<li>Mati\u00e8re de la lame&nbsp;: Acier inoxydable D2 de qualit\u00e9 sup\u00e9rieure<span class=\"Apple-converted-space\">&nbsp;<\/span><\/li>\n<li>Mat\u00e9riau du manche&nbsp;: Micarta \/ mat\u00e9riau composite \u00e0 base de fibres et de plastique<span class=\"Apple-converted-space\">&nbsp;<\/span><\/li>\n<li>Pince de fixation \u00e0 la ceinture en m\u00e9tal<\/li>\n<li>Longueur de la lame : 8,5 cm<\/li>\n<li>Longueur du manche&nbsp;: 11,5 cm<\/li>\n<li>Longueur totale : 20 cm<\/li>\n<li>Poids : 110 g<\/li>\n<\/ul>\n","protected":false},"excerpt":{"rendered":"<p>Tr\u00e8s robuste, ce couteau \u00e0 une main est classique dot\u00e9 d&rsquo;une poign\u00e9e en micada, un mat\u00e9riau composite \u00e0 base de fibres et de plastique. Le manche tr\u00e8s ergonomique offre une bonne prise \u00e0 la main active. Ce couteau peut \u00eatre utilis\u00e9 avec une seule main. La lame est en acier inoxydable de qualit\u00e9 sup\u00e9rieure. <span class=\"Apple-converted-space\">&nbsp;<\/span><\/p>\n<p>Le couteau est \u00e9quip\u00e9 d&rsquo;une pince de fixation \u00e0 la ceinture en m\u00e9tal.<span class=\"Apple-converted-space\">&nbsp;<\/span><\/p>\n","protected":false},"featured_media":132454,"comment_status":"closed","ping_status":"closed","template":"","meta":{"inline_featured_image":false},"product_brand":[],"product_cat":[1347,887,1435,1035],"product_tag":[1769,1773],"class_list":{"0":"post-132450","1":"product","2":"type-product","3":"status-publish","4":"has-post-thumbnail","6":"product_cat-accessoires-militaires-de-chasse","7":"product_cat-accessoires","8":"product_cat-camping-voyage","9":"product_cat-couteaux-machettes","10":"product_tag-army-survival-fr","11":"product_tag-chasse-peche","13":"first","14":"instock","15":"taxable","16":"shipping-taxable","17":"purchasable","18":"product-type-simple"},"_links":{"self":[{"href":"https:\/\/metal-badge.ch\/fr\/wp-json\/wp\/v2\/product\/132450","targetHints":{"allow":["GET"]}}],"collection":[{"href":"https:\/\/metal-badge.ch\/fr\/wp-json\/wp\/v2\/product"}],"about":[{"href":"https:\/\/metal-badge.ch\/fr\/wp-json\/wp\/v2\/types\/product"}],"replies":[{"embeddable":true,"href":"https:\/\/metal-badge.ch\/fr\/wp-json\/wp\/v2\/comments?post=132450"}],"wp:featuredmedia":[{"embeddable":true,"href":"https:\/\/metal-badge.ch\/fr\/wp-json\/wp\/v2\/media\/132454"}],"wp:attachment":[{"href":"https:\/\/metal-badge.ch\/fr\/wp-json\/wp\/v2\/media?parent=132450"}],"wp:term":[{"taxonomy":"product_brand","embeddable":true,"href":"https:\/\/metal-badge.ch\/fr\/wp-json\/wp\/v2\/product_brand?post=132450"},{"taxonomy":"product_cat","embeddable":true,"href":"https:\/\/metal-badge.ch\/fr\/wp-json\/wp\/v2\/product_cat?post=132450"},{"taxonomy":"product_tag","embeddable":true,"href":"https:\/\/metal-badge.ch\/fr\/wp-json\/wp\/v2\/product_tag?post=132450"}],"curies":[{"name":"wp","href":"https:\/\/api.w.org\/{rel}","templated":true}]}}