{"id":132248,"date":"2023-10-28T23:53:10","date_gmt":"2023-10-28T21:53:10","guid":{"rendered":"https:\/\/metal-badge.ch\/?post_type=product&#038;p=132248"},"modified":"2023-10-29T00:02:12","modified_gmt":"2023-10-28T22:02:12","slug":"veste-moto-en-cuir-retro-vintage-pour-homme-aspect-use","status":"publish","type":"product","link":"https:\/\/metal-badge.ch\/fr\/product\/132248\/veste-moto-en-cuir-retro-vintage-pour-homme-aspect-use\/","title":{"rendered":"Veste moto en cuir r\u00e9tro vintage pour homme aspect us\u00e9"},"content":{"rendered":"<p>Pour les loisirs et les amateurs de moto, voici la veste en cuir voyante qui vous distinguera de la masse. Cette veste en cuir pour hommes est fabriqu\u00e9e en v\u00e9ritable cuir de mouton cir\u00e9 souple et est \u00e9quip\u00e9e de fermetures \u00e9clair YKK de haute qualit\u00e9. Veste en cuir tendance avec col montant, deux grandes poches int\u00e9rieures dont une zipp\u00e9e, ainsi que deux grandes poches ext\u00e9rieures et deux poches poitrine zipp\u00e9es. Cette veste est \u00e9galement \u00e9quip\u00e9e de deux poches \u00e0 fermeture \u00e9clair sur les manches et d\u2019une fermeture \u00e9clair sur les extr\u00e9mit\u00e9s des manches pour les ouvrir.<\/p>\n<p>La veste peut \u00e9galement \u00eatre ajust\u00e9e \u00e0 l\u2019ext\u00e9rieur des hanches au moyen de trois boutons-pression \u00e0 la taille. La veste en cuir est \u00e9quip\u00e9e d\u2019une fermeture \u00e9clair de 20&nbsp;cm des deux c\u00f4t\u00e9s sur les hanches.<\/p>\n<p>Cette veste en cuir attirera tous les regards avec ses diff\u00e9rents \u00e9cussons. Cette veste en cuir r\u00e9sistante est agr\u00e9able \u00e0 porter et offre une protection confortable et \u00e9l\u00e9gante contre le vent et les intemp\u00e9ries. Nos vestes en cuir pour hommes sont fabriqu\u00e9es \u00e0 partir de mat\u00e9riaux de haute qualit\u00e9 con\u00e7us pour leur style et leur durabilit\u00e9. La veste a une coupe standard.<span class=\"Apple-converted-space\">&nbsp;<\/span><\/p>\n<p><b>Information produit&nbsp;:<\/b><\/p>\n<ul>\n<li>R\u00e9f\u00e9rence&nbsp;: veste en cuir Vintage look r\u00e9tro<\/li>\n<li>Mati\u00e8re&nbsp;: 100&nbsp;% mouton doux Cire Cuir<\/li>\n<li>Doublure&nbsp;: 100&nbsp;% polyester<\/li>\n<li>Doublure des manches 100&nbsp;% polyester,<br \/>\nfente des manches avec fermeture \u00e9clair<\/li>\n<li>Fermeture \u00e9clair sur les hanches pour la taille et trois boutons-pression pour ajuster la taille<\/li>\n<li>Rembourrage 100&nbsp;% polyester<\/li>\n<li>Couleur&nbsp;: gris fonc\u00e9\/aspect us\u00e9<\/li>\n<li>Avec divers \u00e9cussons<\/li>\n<li>Jolies surpiq\u00fbres rouges\/noires int\u00e9gr\u00e9es<\/li>\n<li>Col montant<\/li>\n<li>Poids&nbsp;: env. 950&nbsp;g<\/li>\n<li>Fermetures \u00e9clair&nbsp;: YKK<\/li>\n<li>Coupe&nbsp;: coupe normale<\/li>\n<li>Tr\u00e8s appropri\u00e9 pour les saisons un peu plus fra\u00eeches<\/li>\n<li>Poches&nbsp;: 2&nbsp;poches ext\u00e9rieures\/2 poches poitrine \u00e0 fermeture \u00e9clair \u00e0 l\u2019ext\u00e9rieur\/2&nbsp;poches sur les manches avec fermeture \u00e9clair, 1&nbsp;poche int\u00e9rieure avec fermeture \u00e9clair\/1&nbsp;poche int\u00e9rieure sans fermeture \u00e9clair<\/li>\n<li>Tailles&nbsp;: S, M, L, XL, 2XL<span class=\"Apple-converted-space\">&nbsp;<\/span><\/li>\n<\/ul>\n<p>Avec un suppl\u00e9ment, vous pouvez \u00e9galement obtenir chez nous des tailles surdimensionn\u00e9es et sur mesure.<\/p>\n<p><strong>Tableau des tailles&nbsp;:&nbsp;<\/strong><\/p>\n<table style=\"border-collapse: collapse; width: 100%;\">\n<tbody>\n<tr>\n<td style=\"width: 16.666667%; text-align: left;\">\n<p style=\"text-align: center;\"><strong>Sizes<\/strong><\/p>\n<\/td>\n<td style=\"width: 16.666667%;\">\n<p style=\"text-align: center;\"><strong>Small<\/strong><\/p>\n<\/td>\n<td style=\"width: 16.666667%;\">\n<p style=\"text-align: center;\"><strong>Medium<\/strong><\/p>\n<\/td>\n<td style=\"width: 16.666667%;\">\n<p style=\"text-align: center;\"><strong>Large<\/strong><\/p>\n<\/td>\n<td style=\"width: 16.666667%;\">\n<p style=\"text-align: center;\"><strong>Xlarge<\/strong><\/p>\n<\/td>\n<td style=\"width: 16.666667%;\">\n<p style=\"text-align: center;\"><strong>2Xlarge<\/strong><\/p>\n<\/td>\n<\/tr>\n<tr>\n<td style=\"width: 16.666667%; text-align: left;\">\n<p style=\"text-align: center;\"><strong>Chest<\/strong><\/p>\n<\/td>\n<td style=\"width: 16.666667%; text-align: center;\">56 cm<\/td>\n<td style=\"width: 16.666667%; text-align: center;\">59 cm<\/td>\n<td style=\"width: 16.666667%; text-align: center;\">61 cm<\/td>\n<td style=\"width: 16.666667%; text-align: center;\">64 cm<\/td>\n<td style=\"width: 16.666667%; text-align: center;\">66 cm<\/td>\n<\/tr>\n<tr>\n<td style=\"width: 16.666667%; text-align: left;\">\n<p style=\"text-align: center;\"><strong>Shoulder<\/strong><\/p>\n<\/td>\n<td style=\"width: 16.666667%; text-align: center;\">49 cm<\/td>\n<td style=\"width: 16.666667%; text-align: center;\">50 cm<\/td>\n<td style=\"width: 16.666667%; text-align: center;\">51 cm<\/td>\n<td style=\"width: 16.666667%; text-align: center;\">52 cm<\/td>\n<td style=\"width: 16.666667%; text-align: center;\">54 cm<\/td>\n<\/tr>\n<tr>\n<td style=\"width: 16.666667%; text-align: left;\">\n<p style=\"text-align: center;\"><strong>Sleeve<\/strong><\/p>\n<\/td>\n<td style=\"width: 16.666667%; text-align: center;\">65 cm<\/td>\n<td style=\"width: 16.666667%; text-align: center;\">66 cm<\/td>\n<td style=\"width: 16.666667%; text-align: center;\">67 cm<\/td>\n<td style=\"width: 16.666667%; text-align: center;\">69 cm<\/td>\n<td style=\"width: 16.666667%; text-align: center;\">70 cm<\/td>\n<\/tr>\n<tr>\n<td style=\"width: 16.666667%; text-align: left;\">\n<p style=\"text-align: center;\"><strong>Backlenght<\/strong><\/p>\n<\/td>\n<td style=\"width: 16.666667%; text-align: center;\">67 cm<\/td>\n<td style=\"width: 16.666667%; text-align: center;\">68 cm<\/td>\n<td style=\"width: 16.666667%; text-align: center;\">70 cm<\/td>\n<td style=\"width: 16.666667%; text-align: center;\">71 cm<\/td>\n<td style=\"width: 16.666667%; text-align: center;\">72 cm<\/td>\n<\/tr>\n<\/tbody>\n<\/table>\n","protected":false},"excerpt":{"rendered":"<p>Pour les loisirs et les amateurs de moto, voici la veste en cuir voyante qui vous distinguera de la masse. Cette veste en cuir pour hommes est fabriqu\u00e9e en v\u00e9ritable cuir de mouton cir\u00e9 souple et est \u00e9quip\u00e9e de fermetures \u00e9clair YKK de haute qualit\u00e9. Veste en cuir tendance avec col montant, deux grandes poches int\u00e9rieures dont une zipp\u00e9e, ainsi que deux grandes poches ext\u00e9rieures et deux poches poitrine zipp\u00e9es. Cette veste est \u00e9galement \u00e9quip\u00e9e de deux poches \u00e0 fermeture \u00e9clair sur les manches et d\u2019une fermeture \u00e9clair sur les extr\u00e9mit\u00e9s des manches pour les ouvrir.<\/p>\n","protected":false},"featured_media":132252,"comment_status":"closed","ping_status":"closed","template":"","meta":{"inline_featured_image":false},"product_brand":[],"product_cat":[2189,1594],"product_tag":[],"class_list":{"0":"post-132248","1":"product","2":"type-product","3":"status-publish","4":"has-post-thumbnail","6":"product_cat-vetementsdeloisirs","7":"product_cat-vestes-en-cuir","9":"first","10":"instock","11":"taxable","12":"shipping-taxable","13":"purchasable","14":"product-type-simple"},"_links":{"self":[{"href":"https:\/\/metal-badge.ch\/fr\/wp-json\/wp\/v2\/product\/132248","targetHints":{"allow":["GET"]}}],"collection":[{"href":"https:\/\/metal-badge.ch\/fr\/wp-json\/wp\/v2\/product"}],"about":[{"href":"https:\/\/metal-badge.ch\/fr\/wp-json\/wp\/v2\/types\/product"}],"replies":[{"embeddable":true,"href":"https:\/\/metal-badge.ch\/fr\/wp-json\/wp\/v2\/comments?post=132248"}],"wp:featuredmedia":[{"embeddable":true,"href":"https:\/\/metal-badge.ch\/fr\/wp-json\/wp\/v2\/media\/132252"}],"wp:attachment":[{"href":"https:\/\/metal-badge.ch\/fr\/wp-json\/wp\/v2\/media?parent=132248"}],"wp:term":[{"taxonomy":"product_brand","embeddable":true,"href":"https:\/\/metal-badge.ch\/fr\/wp-json\/wp\/v2\/product_brand?post=132248"},{"taxonomy":"product_cat","embeddable":true,"href":"https:\/\/metal-badge.ch\/fr\/wp-json\/wp\/v2\/product_cat?post=132248"},{"taxonomy":"product_tag","embeddable":true,"href":"https:\/\/metal-badge.ch\/fr\/wp-json\/wp\/v2\/product_tag?post=132248"}],"curies":[{"name":"wp","href":"https:\/\/api.w.org\/{rel}","templated":true}]}}