{"id":132016,"date":"2023-10-28T22:14:24","date_gmt":"2023-10-28T20:14:24","guid":{"rendered":"https:\/\/metal-badge.ch\/?post_type=product&#038;p=132016"},"modified":"2024-01-04T05:37:40","modified_gmt":"2024-01-04T04:37:40","slug":"lampe-frontale-led-lumineuse-et-3-modes-declairage","status":"publish","type":"product","link":"https:\/\/metal-badge.ch\/fr\/product\/132016\/lampe-frontale-led-lumineuse-et-3-modes-declairage\/","title":{"rendered":"Lampe frontale LED lumineuse et 3\u00a0modes d\u2019\u00e9clairage"},"content":{"rendered":"<p>Avec cette lampe frontale LED, vous \u00eates bien \u00e9quip\u00e9 pour toutes sortes d\u2019activit\u00e9s et vous avez une forte lumi\u00e8re avec vous. Les 3&nbsp;modes d\u2019\u00e9clairage diff\u00e9rents conviennent \u00e0 diff\u00e9rents types d\u2019utilisation. La lampe comprend une lumi\u00e8re blanche claire, un variateur d\u2019intensit\u00e9 et un mode strobo et est facile \u00e0 utiliser m\u00eame avec des gants. La lampe frontale de 3&nbsp;000&nbsp;lumens est charg\u00e9e par USB et garantit une charge rapide avec une autonomie de 5&nbsp;heures. Ne craignez pas les intemp\u00e9ries&nbsp;: la lampe frontale est \u00e9quip\u00e9e d\u2019un bo\u00eetier robuste et \u00e9tanche, de sorte qu\u2019elle peut \u00e9galement \u00eatre utilis\u00e9e par temps humide ou de pluie (par exemple dans une grotte ou un jour de pluie).<\/p>\n<p><b><i>Parfaite pour les activit\u00e9s nocturnes&nbsp;:<\/i><\/b> que vous campiez, fassiez de la randonn\u00e9e, de la p\u00eache ou du bricolage, la lampe frontale offre le parfait niveau de lumi\u00e8re pour toutes vos activit\u00e9s nocturnes.<\/p>\n<p><strong>Informations sur le produit&nbsp;:<span class=\"Apple-converted-space\">&nbsp;<\/span><\/strong><\/p>\n<ul>\n<li>Lampe frontale LED<\/li>\n<li>L\u00e9g\u00e8re et pratique<span class=\"Apple-converted-space\">&nbsp;<\/span><\/li>\n<li>La taille du bandeau \u00e9lastique est r\u00e9glable<\/li>\n<li>3&nbsp;diff\u00e9rents modes d\u2019\u00e9clairage lumi\u00e8re blanche, variateur d\u2019intensit\u00e9 et mode flash.<\/li>\n<li>Dur\u00e9e d\u2019\u00e9clairage jusqu\u2019\u00e0 5&nbsp;heures (selon les modes d\u2019\u00e9clairage)<\/li>\n<li>Id\u00e9al pour le jogging, le camping, etc.<span class=\"Apple-converted-space\">&nbsp;<\/span><\/li>\n<li>La port\u00e9e de la lumi\u00e8re est de 200 \u00e0 500&nbsp;m\u00e8tres<\/li>\n<li>R\u00e9sistant aux \u00e9claboussures selon IPX6<\/li>\n<li>La lampe peut \u00eatre r\u00e9gl\u00e9e sur 3&nbsp;niveaux de luminosit\u00e9<\/li>\n<li>Couleur&nbsp;: noir<\/li>\n<li>Mat\u00e9riau&nbsp;: plastique ABS<\/li>\n<li>Taille&nbsp;: env. longueur 120&nbsp;x&nbsp;hauteur 45&nbsp;x&nbsp;largeur 20&nbsp;mm<\/li>\n<li>Poids&nbsp;: env. 95&nbsp;g.<\/li>\n<li>Luminosit\u00e9 lumineuse Lumen&nbsp;: 3&nbsp;000&nbsp;lm<\/li>\n<li>Charge&nbsp;: c\u00e2ble de charge USB inclus<\/li>\n<li>Utilisation de la batterie&nbsp;: batterie au lithium int\u00e9gr\u00e9e<\/li>\n<li>LED&nbsp;: 3&nbsp;W LED<\/li>\n<li>Tension de fonctionnement&nbsp;: 3,0&nbsp;V-4,5&nbsp;V<\/li>\n<li>Temps de charge&nbsp;: 2&nbsp;heures<\/li>\n<\/ul>\n","protected":false},"excerpt":{"rendered":"<p>Avec cette lampe frontale LED, vous \u00eates bien \u00e9quip\u00e9 pour toutes sortes d\u2019activit\u00e9s et vous avez une forte lumi\u00e8re avec vous. Les 3&nbsp;modes d\u2019\u00e9clairage diff\u00e9rents conviennent \u00e0 diff\u00e9rents types d\u2019utilisation. La lampe comprend une lumi\u00e8re blanche claire, un variateur d\u2019intensit\u00e9 et un mode strobo et est facile \u00e0 utiliser m\u00eame avec des gants. La lampe frontale de 3&nbsp;000&nbsp;lumens est charg\u00e9e par USB et garantit une charge rapide avec une autonomie de 5&nbsp;heures. Ne craignez pas les intemp\u00e9ries&nbsp;: la lampe frontale est \u00e9quip\u00e9e d\u2019un bo\u00eetier robuste et \u00e9tanche, de sorte qu\u2019elle peut \u00e9galement \u00eatre utilis\u00e9e par temps humide ou de pluie (par exemple dans une grotte ou un jour de pluie).<\/p>\n","protected":false},"featured_media":132020,"comment_status":"closed","ping_status":"closed","template":"","meta":{"inline_featured_image":false},"product_brand":[],"product_cat":[1347,887,1435,1343],"product_tag":[1777,1773,1863,1765],"class_list":{"0":"post-132016","1":"product","2":"type-product","3":"status-publish","4":"has-post-thumbnail","6":"product_cat-accessoires-militaires-de-chasse","7":"product_cat-accessoires","8":"product_cat-camping-voyage","9":"product_cat-lampes-lampes-de-poche","10":"product_tag-camping-voyage","11":"product_tag-chasse-peche","12":"product_tag-lampes-frontale","13":"product_tag-sport-outdoor-fr","15":"first","16":"instock","17":"taxable","18":"shipping-taxable","19":"purchasable","20":"product-type-simple"},"_links":{"self":[{"href":"https:\/\/metal-badge.ch\/fr\/wp-json\/wp\/v2\/product\/132016","targetHints":{"allow":["GET"]}}],"collection":[{"href":"https:\/\/metal-badge.ch\/fr\/wp-json\/wp\/v2\/product"}],"about":[{"href":"https:\/\/metal-badge.ch\/fr\/wp-json\/wp\/v2\/types\/product"}],"replies":[{"embeddable":true,"href":"https:\/\/metal-badge.ch\/fr\/wp-json\/wp\/v2\/comments?post=132016"}],"wp:featuredmedia":[{"embeddable":true,"href":"https:\/\/metal-badge.ch\/fr\/wp-json\/wp\/v2\/media\/132020"}],"wp:attachment":[{"href":"https:\/\/metal-badge.ch\/fr\/wp-json\/wp\/v2\/media?parent=132016"}],"wp:term":[{"taxonomy":"product_brand","embeddable":true,"href":"https:\/\/metal-badge.ch\/fr\/wp-json\/wp\/v2\/product_brand?post=132016"},{"taxonomy":"product_cat","embeddable":true,"href":"https:\/\/metal-badge.ch\/fr\/wp-json\/wp\/v2\/product_cat?post=132016"},{"taxonomy":"product_tag","embeddable":true,"href":"https:\/\/metal-badge.ch\/fr\/wp-json\/wp\/v2\/product_tag?post=132016"}],"curies":[{"name":"wp","href":"https:\/\/api.w.org\/{rel}","templated":true}]}}