{"id":131888,"date":"2023-10-28T13:52:22","date_gmt":"2023-10-28T11:52:23","guid":{"rendered":"https:\/\/metal-badge.ch\/?post_type=product&#038;p=131888"},"modified":"2023-10-28T13:57:10","modified_gmt":"2023-10-28T11:57:10","slug":"polizia-etiquette-de-marquage-2","status":"publish","type":"product","link":"https:\/\/metal-badge.ch\/fr\/product\/131888\/polizia-etiquette-de-marquage-2\/","title":{"rendered":"POLIZIA Etiquette de marquage"},"content":{"rendered":"<p><b>\u00c9tiquette de marquage pour v\u00eatements avec velcro \u00e0 l&rsquo;arri\u00e8re.<\/b><\/p>\n<p>L&rsquo;\u00e9tiquette est pourvue d&rsquo;un velcro \u00e0 l&rsquo;arri\u00e8re. L&rsquo;\u00e9tiquette est r\u00e9fl\u00e9chissante en noir \/ blanc.<span class=\"Apple-converted-space\">&nbsp;<\/span><\/p>\n<p>Taille de l&rsquo;\u00e9tiquette : grande : 11 cm x 24 cm \/ petite : 12 cm x 4 cm<br \/>\nCouleur : noir \/ blanc.<\/p>\n<p>Contactez-nous pour des inscriptions sur demande.<\/p>\n","protected":false},"excerpt":{"rendered":"<p><b>\u00c9tiquette de marquage pour v\u00eatements avec velcro \u00e0 l&rsquo;arri\u00e8re.<\/b><\/p>\n<p>L&rsquo;\u00e9tiquette est pourvue d&rsquo;un velcro \u00e0 l&rsquo;arri\u00e8re. L&rsquo;\u00e9tiquette est r\u00e9fl\u00e9chissante en noir \/ blanc.<span class=\"Apple-converted-space\">&nbsp;<\/span><\/p>\n<p>Taille de l&rsquo;\u00e9tiquette : grande : 11 cm x 24 cm \/ petite : 12 cm x 4 cm<br \/>\nCouleur : noir \/ blanc.<\/p>\n<p>Contactez-nous pour des inscriptions sur demande.<\/p>\n","protected":false},"featured_media":131892,"comment_status":"closed","ping_status":"closed","template":"","meta":{"inline_featured_image":false},"product_brand":[],"product_cat":[2182,1666],"product_tag":[],"class_list":{"0":"post-131888","1":"product","2":"type-product","3":"status-publish","4":"has-post-thumbnail","6":"product_cat-etiquette-de-marquage","7":"product_cat-signes-etiquettes-velcro","9":"first","10":"instock","11":"taxable","12":"shipping-taxable","13":"purchasable","14":"product-type-simple"},"_links":{"self":[{"href":"https:\/\/metal-badge.ch\/fr\/wp-json\/wp\/v2\/product\/131888","targetHints":{"allow":["GET"]}}],"collection":[{"href":"https:\/\/metal-badge.ch\/fr\/wp-json\/wp\/v2\/product"}],"about":[{"href":"https:\/\/metal-badge.ch\/fr\/wp-json\/wp\/v2\/types\/product"}],"replies":[{"embeddable":true,"href":"https:\/\/metal-badge.ch\/fr\/wp-json\/wp\/v2\/comments?post=131888"}],"wp:featuredmedia":[{"embeddable":true,"href":"https:\/\/metal-badge.ch\/fr\/wp-json\/wp\/v2\/media\/131892"}],"wp:attachment":[{"href":"https:\/\/metal-badge.ch\/fr\/wp-json\/wp\/v2\/media?parent=131888"}],"wp:term":[{"taxonomy":"product_brand","embeddable":true,"href":"https:\/\/metal-badge.ch\/fr\/wp-json\/wp\/v2\/product_brand?post=131888"},{"taxonomy":"product_cat","embeddable":true,"href":"https:\/\/metal-badge.ch\/fr\/wp-json\/wp\/v2\/product_cat?post=131888"},{"taxonomy":"product_tag","embeddable":true,"href":"https:\/\/metal-badge.ch\/fr\/wp-json\/wp\/v2\/product_tag?post=131888"}],"curies":[{"name":"wp","href":"https:\/\/api.w.org\/{rel}","templated":true}]}}