{"id":131790,"date":"2023-10-28T05:34:07","date_gmt":"2023-10-28T03:34:08","guid":{"rendered":"https:\/\/metal-badge.ch\/?post_type=product&#038;p=131790"},"modified":"2023-10-28T05:43:16","modified_gmt":"2023-10-28T03:43:16","slug":"gilet-de-chasse-et-de-peche","status":"publish","type":"product","link":"https:\/\/metal-badge.ch\/fr\/product\/131790\/gilet-de-chasse-et-de-peche\/","title":{"rendered":"Gilet de chasse et de p\u00eache"},"content":{"rendered":"<p>Ce gilet de chasse et de p\u00eache au design bien pens\u00e9, de couleur olive, dispose d&rsquo;une grande poche arri\u00e8re zipp\u00e9e. La poche est grande et robuste afin d&rsquo;y transporter du petit gibier, des leurres ou d&rsquo;autres accessoires. Cette grande poche \u00e0 fermeture \u00e0 velcro peut \u00eatre ouverte avec la fermeture \u00e0 glissi\u00e8re sur le dessus et le velcro sur le c\u00f4t\u00e9, et enroul\u00e9e et rang\u00e9e \u00e0 l&rsquo;ext\u00e9rieur de la veste dans le compartiment \u00e0 fermeture \u00e0 glissi\u00e8re. Ainsi, en cas de forte chaleur, la partie dorsale est ouverte et bien a\u00e9r\u00e9e au moyen d&rsquo;un filet. \u00c0 l&rsquo;avant, le gilet est \u00e9quip\u00e9 de 4 poches appos\u00e9es diff\u00e9rentes \u00e0 fermeture \u00e9clair, de 2 poches lat\u00e9rales \u00e0 fermeture \u00e9clair et de 6 poches \u00e0 velcro suppl\u00e9mentaires. Toutes les fermetures \u00e0 glissi\u00e8re sont \u00e9quip\u00e9es d&rsquo;une rallonge zip pour une ouverture rapide. 4 boucles permettant d&rsquo;attacher diff\u00e9rents accessoires et un anneau en D en plastique sont pr\u00e9sents sur l&rsquo;\u00e9paule droite. Le gilet est compos\u00e9 de 35 % de coton et 65 % de polyester, avec 240 GSM.<span class=\"Apple-converted-space\">&nbsp;<\/span><\/p>\n<p><b>Description du produit :<\/b><\/p>\n<ul>\n<li>D\u00e9signation : Gilet de chasse et de p\u00eache Hunt22<\/li>\n<li>Couleur: olive<span class=\"Apple-converted-space\">&nbsp;<\/span><\/li>\n<li>Passants et anneau en D sur l&rsquo;\u00e9paule droite<\/li>\n<li>Composition: 35 % coton \/ 65 % polyester<\/li>\n<li>Grande poche arri\u00e8re plaqu\u00e9e avec fermeture \u00e9clair et velcro qui peut \u00eatre enroul\u00e9e dans une poche \u00e0 fermeture \u00e9clair.<\/li>\n<li>GSM: 240 GSM<\/li>\n<li>Poids: 720 g.<\/li>\n<li>Empi\u00e8cement du dos en maille, s&rsquo;ouvre avec une fermeture \u00e9clair<span class=\"Apple-converted-space\">&nbsp; <\/span><\/li>\n<li>4 poches appos\u00e9es \u00e0 fermeture \u00e9clair<span class=\"Apple-converted-space\">&nbsp;<\/span><\/li>\n<li>2 poches lat\u00e9rales \u00e0 fermeture \u00e9clair au niveau des mains<span class=\"Apple-converted-space\">&nbsp;<\/span><\/li>\n<li>6 poches \u00e0 velcro de diff\u00e9rentes tailles<\/li>\n<li>1 grande poche arri\u00e8re avec fermeture \u00e0 velcro<\/li>\n<li>Fermetures \u00e9clair avec rallonge zip<\/li>\n<li>Tailles: S, M, L, XL, 2XL<span class=\"Apple-converted-space\">&nbsp;<\/span><\/li>\n<\/ul>\n","protected":false},"excerpt":{"rendered":"<p>Ce gilet de chasse et de p\u00eache au design bien pens\u00e9, de couleur olive, dispose d&rsquo;une grande poche arri\u00e8re zipp\u00e9e. La poche est grande et robuste afin d&rsquo;y transporter du petit gibier, des leurres ou d&rsquo;autres accessoires. Cette grande poche \u00e0 fermeture \u00e0 velcro peut \u00eatre ouverte avec la fermeture \u00e0 glissi\u00e8re sur le dessus et le velcro sur le c\u00f4t\u00e9, et enroul\u00e9e et rang\u00e9e \u00e0 l&rsquo;ext\u00e9rieur de la veste dans le compartiment \u00e0 fermeture \u00e0 glissi\u00e8re. Ainsi, en cas de forte chaleur, la partie dorsale est ouverte et bien a\u00e9r\u00e9e au moyen d&rsquo;un filet. \u00c0 l&rsquo;avant, le gilet est \u00e9quip\u00e9 de 4 poches appos\u00e9es diff\u00e9rentes \u00e0 fermeture \u00e9clair, de 2 poches lat\u00e9rales \u00e0 fermeture \u00e9clair et de 6 poches \u00e0 velcro suppl\u00e9mentaires. Toutes les fermetures \u00e0 glissi\u00e8re sont \u00e9quip\u00e9es d&rsquo;une rallonge zip pour une ouverture rapide. 4 boucles permettant d&rsquo;attacher diff\u00e9rents accessoires et un anneau en D en plastique sont pr\u00e9sents sur l&rsquo;\u00e9paule droite. Le gilet est compos\u00e9 de 35 % de coton et 65 % de polyester, avec 240 GSM.<span class=\"Apple-converted-space\">&nbsp;<\/span><\/p>\n","protected":false},"featured_media":131794,"comment_status":"open","ping_status":"closed","template":"","meta":{"inline_featured_image":false},"product_brand":[],"product_cat":[2189,2215,1606],"product_tag":[1773,1765],"class_list":{"0":"post-131790","1":"product","2":"type-product","3":"status-publish","4":"has-post-thumbnail","6":"product_cat-vetementsdeloisirs","7":"product_cat-vestes_tactiques","8":"product_cat-vetements-haute-visibilite-et-lumineux","9":"product_tag-chasse-peche","10":"product_tag-sport-outdoor-fr","12":"first","13":"instock","14":"taxable","15":"shipping-taxable","16":"purchasable","17":"product-type-simple"},"_links":{"self":[{"href":"https:\/\/metal-badge.ch\/fr\/wp-json\/wp\/v2\/product\/131790","targetHints":{"allow":["GET"]}}],"collection":[{"href":"https:\/\/metal-badge.ch\/fr\/wp-json\/wp\/v2\/product"}],"about":[{"href":"https:\/\/metal-badge.ch\/fr\/wp-json\/wp\/v2\/types\/product"}],"replies":[{"embeddable":true,"href":"https:\/\/metal-badge.ch\/fr\/wp-json\/wp\/v2\/comments?post=131790"}],"wp:featuredmedia":[{"embeddable":true,"href":"https:\/\/metal-badge.ch\/fr\/wp-json\/wp\/v2\/media\/131794"}],"wp:attachment":[{"href":"https:\/\/metal-badge.ch\/fr\/wp-json\/wp\/v2\/media?parent=131790"}],"wp:term":[{"taxonomy":"product_brand","embeddable":true,"href":"https:\/\/metal-badge.ch\/fr\/wp-json\/wp\/v2\/product_brand?post=131790"},{"taxonomy":"product_cat","embeddable":true,"href":"https:\/\/metal-badge.ch\/fr\/wp-json\/wp\/v2\/product_cat?post=131790"},{"taxonomy":"product_tag","embeddable":true,"href":"https:\/\/metal-badge.ch\/fr\/wp-json\/wp\/v2\/product_tag?post=131790"}],"curies":[{"name":"wp","href":"https:\/\/api.w.org\/{rel}","templated":true}]}}