{"id":131742,"date":"2023-10-28T04:47:06","date_gmt":"2023-10-28T02:47:06","guid":{"rendered":"https:\/\/metal-badge.ch\/?post_type=product&#038;p=131742"},"modified":"2023-10-28T04:52:12","modified_gmt":"2023-10-28T02:52:12","slug":"sangle-tactique-en-nylon-noire-avec-boucle-metallique","status":"publish","type":"product","link":"https:\/\/metal-badge.ch\/fr\/product\/131742\/sangle-tactique-en-nylon-noire-avec-boucle-metallique\/","title":{"rendered":"Sangle tactique en nylon noire avec boucle m\u00e9tallique"},"content":{"rendered":"<p>Sangle en nylon extr\u00eamement robuste et durable en noir. La fermeture m\u00e9tallique noire sobre de la ceinture en nylon maintient la ceinture d\u2019une longueur totale de 125&nbsp;cm en place. Nos ceintures en kaki, noir ainsi qu\u2019en vert olive se combinent facilement avec presque tout. La boucle de la ceinture est r\u00e9glable et s\u2019ouvre au niveau de la boucle avec le bouton-pression par une l\u00e9g\u00e8re pression. Vous b\u00e9n\u00e9ficiez d\u2019un tr\u00e8s bon rapport qualit\u00e9\/prix.<\/p>\n<p><strong>Description du produit&nbsp;:<span class=\"Apple-converted-space\">&nbsp;<\/span><\/strong><\/p>\n<ul>\n<li>Ceinture unisexe de Tushi<span class=\"Apple-converted-space\">&nbsp;<\/span><\/li>\n<li>Boucle&nbsp;: fermeture de s\u00e9curit\u00e9 en m\u00e9tal<\/li>\n<li>Peut \u00eatre ajust\u00e9 en longueur jusqu\u2019\u00e0 125&nbsp;cm.<span class=\"Apple-converted-space\">&nbsp;<\/span><\/li>\n<li>Mat\u00e9riau ext\u00e9rieur&nbsp;: nylon<\/li>\n<li>Couleur&nbsp;: noir<\/li>\n<li>Largeur&nbsp;: 38&nbsp;mm<\/li>\n<li>Longueur&nbsp;: 110&nbsp;cm \u00e0 125&nbsp;cm<\/li>\n<li>Poids. 190&nbsp;g<\/li>\n<\/ul>\n","protected":false},"excerpt":{"rendered":"<p>Sangle en nylon extr\u00eamement robuste et durable en noir. La fermeture m\u00e9tallique noire sobre de la ceinture en nylon maintient la ceinture d\u2019une longueur totale de 125&nbsp;cm en place. Nos ceintures en kaki, noir ainsi qu\u2019en vert olive se combinent facilement avec presque tout. La boucle de la ceinture est r\u00e9glable et s\u2019ouvre au niveau de la boucle avec le bouton-pression par une l\u00e9g\u00e8re pression. Vous b\u00e9n\u00e9ficiez d\u2019un tr\u00e8s bon rapport qualit\u00e9\/prix.<\/p>\n","protected":false},"featured_media":131746,"comment_status":"closed","ping_status":"closed","template":"","meta":{"inline_featured_image":false},"product_brand":[],"product_cat":[1347,1435,1654],"product_tag":[1769,1777,1773],"class_list":{"0":"post-131742","1":"product","2":"type-product","3":"status-publish","4":"has-post-thumbnail","6":"product_cat-accessoires-militaires-de-chasse","7":"product_cat-camping-voyage","8":"product_cat-sacs-banane-et-sacs-banane","9":"product_tag-army-survival-fr","10":"product_tag-camping-voyage","11":"product_tag-chasse-peche","13":"first","14":"instock","15":"taxable","16":"shipping-taxable","17":"purchasable","18":"product-type-simple"},"_links":{"self":[{"href":"https:\/\/metal-badge.ch\/fr\/wp-json\/wp\/v2\/product\/131742","targetHints":{"allow":["GET"]}}],"collection":[{"href":"https:\/\/metal-badge.ch\/fr\/wp-json\/wp\/v2\/product"}],"about":[{"href":"https:\/\/metal-badge.ch\/fr\/wp-json\/wp\/v2\/types\/product"}],"replies":[{"embeddable":true,"href":"https:\/\/metal-badge.ch\/fr\/wp-json\/wp\/v2\/comments?post=131742"}],"wp:featuredmedia":[{"embeddable":true,"href":"https:\/\/metal-badge.ch\/fr\/wp-json\/wp\/v2\/media\/131746"}],"wp:attachment":[{"href":"https:\/\/metal-badge.ch\/fr\/wp-json\/wp\/v2\/media?parent=131742"}],"wp:term":[{"taxonomy":"product_brand","embeddable":true,"href":"https:\/\/metal-badge.ch\/fr\/wp-json\/wp\/v2\/product_brand?post=131742"},{"taxonomy":"product_cat","embeddable":true,"href":"https:\/\/metal-badge.ch\/fr\/wp-json\/wp\/v2\/product_cat?post=131742"},{"taxonomy":"product_tag","embeddable":true,"href":"https:\/\/metal-badge.ch\/fr\/wp-json\/wp\/v2\/product_tag?post=131742"}],"curies":[{"name":"wp","href":"https:\/\/api.w.org\/{rel}","templated":true}]}}