{"id":131681,"date":"2023-10-25T22:52:20","date_gmt":"2023-10-25T20:52:21","guid":{"rendered":"https:\/\/metal-badge.ch\/?post_type=product&#038;p=131681"},"modified":"2023-10-25T23:02:04","modified_gmt":"2023-10-25T21:02:04","slug":"polo-staff-manches-longues-jaune-noir","status":"publish","type":"product","link":"https:\/\/metal-badge.ch\/fr\/product\/131681\/polo-staff-manches-longues-jaune-noir\/","title":{"rendered":"Polo STAFF manches longues jaune\/noir"},"content":{"rendered":"<p><strong>Avec nos t-shirts, vous serez toujours bien reconnaissable.<\/strong><\/p>\n<p>Polo classique et chic avec passants sous les aisselles pour les insignes de grade.<span class=\"Apple-converted-space\">&nbsp;<\/span><\/p>\n<p>Le maillot a une coupe droite, est ample et ne repose pas sur le corps. Le tissu en coton piqu\u00e9 est agr\u00e9ablement a\u00e9r\u00e9. La patte de boutonnage \u00e0 3 boutons et le col noir conf\u00e8rent au maillot un caract\u00e8re sportif. Le polo est \u00e9quip\u00e9 de bandes r\u00e9fl\u00e9chissantes tout autour sur les manches et le torse pour \u00eatre bien visible m\u00eame dans l\u2019obscurit\u00e9. Le maillot a une inscription \u00ab&nbsp;STAFF&nbsp;\u00bb sur le devant de la poitrine et dans le dos. De plus, un porte-stylo pour deux stylos est fix\u00e9 sur le haut de la manche gauche. Le maillot est fabriqu\u00e9 \u00e0 100&nbsp;% en piqu\u00e9 doux de coton de haute qualit\u00e9.<span class=\"Apple-converted-space\">&nbsp;<\/span><\/p>\n<p>Le polo est disponible \u00e0 manches longues ou courtes avec ou sans inscription.<\/p>\n<p>\u00c0 partir de 30&nbsp;pi\u00e8ces. Nous marquons \u00e9galement le maillot avec votre inscription ou votre logo.<span class=\"Apple-converted-space\">&nbsp;<\/span><\/p>\n<p><strong>Informations sur le produit&nbsp;:<span class=\"Apple-converted-space\">&nbsp;<\/span><\/strong><\/p>\n<ul>\n<li>R\u00e9f\u00e9rence&nbsp;: polo avec passants sous les aisselles<\/li>\n<li>Porte-stylo pour deux stylos sur le haut de la manche gauche<span class=\"Apple-converted-space\">&nbsp;<\/span><\/li>\n<li>Mat\u00e9riau&nbsp;: 100&nbsp;% coton piqu\u00e9 de haute qualit\u00e9<span class=\"Apple-converted-space\">&nbsp;<\/span><\/li>\n<li>Avec patte de boutonnage \u00e0 3&nbsp;boutons et col noir<\/li>\n<li>Inscription&nbsp;: STAFF \u00e0 l\u2019avant et \u00e0 l\u2019arri\u00e8re<span class=\"Apple-converted-space\">&nbsp;<\/span><\/li>\n<li>Avec bandes r\u00e9fl\u00e9chissantes tout autour<span class=\"Apple-converted-space\">&nbsp;<\/span><\/li>\n<li>Certifi\u00e9 selon la norme EN 471, classe&nbsp;2<span class=\"Apple-converted-space\">&nbsp;<\/span><\/li>\n<li>Couleur&nbsp;: jaune\/noir<span class=\"Apple-converted-space\">&nbsp;<\/span><\/li>\n<li>Tailles&nbsp;: Small \/ Medium \/ Large \/ XLarge \/ 2XL<span class=\"Apple-converted-space\">&nbsp;<\/span><\/li>\n<li>Des tailles surdimensionn\u00e9es sont \u00e9galement disponibles sur demande<span class=\"Apple-converted-space\">&nbsp;<\/span><\/li>\n<li>Disponible en manches courtes et longues<\/li>\n<li>Les maillots sont \u00e9galement disponibles sans inscription<span class=\"Apple-converted-space\">&nbsp;<\/span><\/li>\n<\/ul>\n<p>En suppl\u00e9ment \u00e0 partir de 30&nbsp;pi\u00e8ces, nous pouvons imprimer le maillot avec votre logo ou l\u2019inscription de votre choix. Posez-nous vos questions \u00e0 info@metal-badge.ch<span class=\"Apple-converted-space\">&nbsp;<\/span><\/p>\n","protected":false},"excerpt":{"rendered":"<p><strong>Avec nos t-shirts, vous serez toujours bien reconnaissable.<\/strong><\/p>\n<p>Polo classique et chic avec passants sous les aisselles pour les insignes de grade.<span class=\"Apple-converted-space\">&nbsp;<\/span><\/p>\n<p>Le maillot a une coupe droite, est ample et ne repose pas sur le corps. Le tissu en coton piqu\u00e9 est agr\u00e9ablement a\u00e9r\u00e9. La patte de boutonnage \u00e0 3 boutons et le col noir conf\u00e8rent au maillot un caract\u00e8re sportif. Le polo est \u00e9quip\u00e9 de bandes r\u00e9fl\u00e9chissantes tout autour sur les manches et le torse pour \u00eatre bien visible m\u00eame dans l\u2019obscurit\u00e9. Le maillot a une inscription \u00ab&nbsp;STAFF&nbsp;\u00bb sur le devant de la poitrine et dans le dos. De plus, un porte-stylo pour deux stylos est fix\u00e9 sur le haut de la manche gauche. Le maillot est fabriqu\u00e9 \u00e0 100&nbsp;% en piqu\u00e9 doux de coton de haute qualit\u00e9.<span class=\"Apple-converted-space\">&nbsp;<\/span><\/p>\n","protected":false},"featured_media":131685,"comment_status":"closed","ping_status":"closed","template":"","meta":{"inline_featured_image":false},"product_brand":[],"product_cat":[1570],"product_tag":[],"class_list":{"0":"post-131681","1":"product","2":"type-product","3":"status-publish","4":"has-post-thumbnail","6":"product_cat-t-shirts-polo-shirts-fr","8":"first","9":"instock","10":"taxable","11":"shipping-taxable","12":"purchasable","13":"product-type-simple"},"_links":{"self":[{"href":"https:\/\/metal-badge.ch\/fr\/wp-json\/wp\/v2\/product\/131681","targetHints":{"allow":["GET"]}}],"collection":[{"href":"https:\/\/metal-badge.ch\/fr\/wp-json\/wp\/v2\/product"}],"about":[{"href":"https:\/\/metal-badge.ch\/fr\/wp-json\/wp\/v2\/types\/product"}],"replies":[{"embeddable":true,"href":"https:\/\/metal-badge.ch\/fr\/wp-json\/wp\/v2\/comments?post=131681"}],"wp:featuredmedia":[{"embeddable":true,"href":"https:\/\/metal-badge.ch\/fr\/wp-json\/wp\/v2\/media\/131685"}],"wp:attachment":[{"href":"https:\/\/metal-badge.ch\/fr\/wp-json\/wp\/v2\/media?parent=131681"}],"wp:term":[{"taxonomy":"product_brand","embeddable":true,"href":"https:\/\/metal-badge.ch\/fr\/wp-json\/wp\/v2\/product_brand?post=131681"},{"taxonomy":"product_cat","embeddable":true,"href":"https:\/\/metal-badge.ch\/fr\/wp-json\/wp\/v2\/product_cat?post=131681"},{"taxonomy":"product_tag","embeddable":true,"href":"https:\/\/metal-badge.ch\/fr\/wp-json\/wp\/v2\/product_tag?post=131681"}],"curies":[{"name":"wp","href":"https:\/\/api.w.org\/{rel}","templated":true}]}}