{"id":131536,"date":"2023-10-25T18:28:38","date_gmt":"2023-10-25T16:28:38","guid":{"rendered":"https:\/\/metal-badge.ch\/?post_type=product&#038;p=131536"},"modified":"2023-10-25T18:41:14","modified_gmt":"2023-10-25T16:41:14","slug":"inside-out-veste-reversible-dexterieur-homme-olive","status":"publish","type":"product","link":"https:\/\/metal-badge.ch\/fr\/product\/131536\/inside-out-veste-reversible-dexterieur-homme-olive\/","title":{"rendered":"Inside out\/veste r\u00e9versible d\u2019ext\u00e9rieur homme olive"},"content":{"rendered":"<p>Cette veste d\u2019ext\u00e9rieur olive en polyester hydrofuge \u00e0 l\u2019ext\u00e9rieur et en polaire teddy chaude \u00e0 l\u2019int\u00e9rieur peut \u00e9galement \u00eatre port\u00e9e \u00e0 l\u2019envers. La veste d\u2019ext\u00e9rieur peut ainsi \u00eatre port\u00e9e des deux c\u00f4t\u00e9s. La veste en polyester est dot\u00e9e de 3&nbsp;grandes poches ext\u00e9rieures zipp\u00e9es imperm\u00e9ables. \u00c9lastique au niveau de la ceinture et de la capuche. La capuche est en outre \u00e9quip\u00e9e d\u2019un cordon de serrage et d\u2019un \u00e9lastique r\u00e9glable sur le c\u00f4t\u00e9. Sur les deux manches, la veste est dot\u00e9e d\u2019un velcro doux pour fixer les badges. Velcro moelleux du bras gauche 9&nbsp;cm&nbsp;x&nbsp;6&nbsp;cm et velcro doux sur bras droit diam\u00e8tre rond 9&nbsp;cm. \u00c0 l\u2019inverse, la veste est dot\u00e9e d\u2019une polaire teddy chaude de couleur olive.<span class=\"Apple-converted-space\">&nbsp;<\/span><\/p>\n<p><strong>Informations sur le produit&nbsp;:<span class=\"Apple-converted-space\">&nbsp;<\/span><\/strong><\/p>\n<ul>\n<li>R\u00e9f\u00e9rence&nbsp;: veste d\u2019ext\u00e9rieur pour hommes, r\u00e9versible<span class=\"Apple-converted-space\">&nbsp;<\/span><\/li>\n<li>Couleur&nbsp;: olive<span class=\"Apple-converted-space\">&nbsp;<\/span><\/li>\n<li>Fermeture \u00e9clair&nbsp;: YKK<span class=\"Apple-converted-space\">&nbsp;<\/span><\/li>\n<li>120&nbsp;GSM<span class=\"Apple-converted-space\">&nbsp;<\/span><\/li>\n<li>Mati\u00e8re ext\u00e9rieure&nbsp;: 100&nbsp;% polyester hydrofuge avec capuche<\/li>\n<li>Mati\u00e8re int\u00e9rieure&nbsp;: polaire teddy chaude \u00e0 longue fibres<\/li>\n<li>Tr\u00e8s agr\u00e9able \u00e0 porter<span class=\"Apple-converted-space\">&nbsp;<\/span><\/li>\n<li>Capuche avec cordon de serrage et r\u00e9glable sur le c\u00f4t\u00e9<\/li>\n<li>Veste \u00e0 l\u2019ext\u00e9rieur avec 3&nbsp;poches ext\u00e9rieures zipp\u00e9es imperm\u00e9ables<\/li>\n<li>Veste c\u00f4t\u00e9 polaire teddy \u00e9galement dot\u00e9e de 3&nbsp;poches zipp\u00e9es<\/li>\n<li>Poignets et ceinture \u00e9lastiques<span class=\"Apple-converted-space\">&nbsp;<\/span><\/li>\n<li>Velcro sur la manche gauche 9&nbsp;cm&nbsp;x&nbsp;6&nbsp;cm et sur la manche droite Velcro rond 9&nbsp;cm de diam\u00e8tre<\/li>\n<li>Coupe normale<span class=\"Apple-converted-space\">&nbsp;<\/span><\/li>\n<li>Poids&nbsp;: 800&nbsp;g.<span class=\"Apple-converted-space\">&nbsp;<\/span><\/li>\n<li>Tailles&nbsp;: S, M, L, XL, 2XL<span class=\"Apple-converted-space\">&nbsp;<\/span><\/li>\n<\/ul>\n","protected":false},"excerpt":{"rendered":"<p>Cette veste d\u2019ext\u00e9rieur olive en polyester hydrofuge \u00e0 l\u2019ext\u00e9rieur et en polaire teddy chaude \u00e0 l\u2019int\u00e9rieur peut \u00e9galement \u00eatre port\u00e9e \u00e0 l\u2019envers. La veste d\u2019ext\u00e9rieur peut ainsi \u00eatre port\u00e9e des deux c\u00f4t\u00e9s. La veste en polyester est dot\u00e9e de 3&nbsp;grandes poches ext\u00e9rieures zipp\u00e9es imperm\u00e9ables. \u00c9lastique au niveau de la ceinture et de la capuche. La capuche est en outre \u00e9quip\u00e9e d\u2019un cordon de serrage et d\u2019un \u00e9lastique r\u00e9glable sur le c\u00f4t\u00e9. Sur les deux manches, la veste est dot\u00e9e d\u2019un velcro doux pour fixer les badges. Velcro moelleux du bras gauche 9&nbsp;cm&nbsp;x&nbsp;6&nbsp;cm et velcro doux sur bras droit diam\u00e8tre rond 9&nbsp;cm. \u00c0 l\u2019inverse, la veste est dot\u00e9e d\u2019une polaire teddy chaude de couleur olive.<span class=\"Apple-converted-space\">&nbsp;<\/span><\/p>\n","protected":false},"featured_media":131540,"comment_status":"closed","ping_status":"closed","template":"","meta":{"inline_featured_image":false},"product_brand":[],"product_cat":[1610,2189],"product_tag":[],"class_list":{"0":"post-131536","1":"product","2":"type-product","3":"status-publish","4":"has-post-thumbnail","6":"product_cat-veste-en-polaire","7":"product_cat-vetementsdeloisirs","9":"first","10":"instock","11":"taxable","12":"shipping-taxable","13":"purchasable","14":"product-type-simple"},"_links":{"self":[{"href":"https:\/\/metal-badge.ch\/fr\/wp-json\/wp\/v2\/product\/131536","targetHints":{"allow":["GET"]}}],"collection":[{"href":"https:\/\/metal-badge.ch\/fr\/wp-json\/wp\/v2\/product"}],"about":[{"href":"https:\/\/metal-badge.ch\/fr\/wp-json\/wp\/v2\/types\/product"}],"replies":[{"embeddable":true,"href":"https:\/\/metal-badge.ch\/fr\/wp-json\/wp\/v2\/comments?post=131536"}],"wp:featuredmedia":[{"embeddable":true,"href":"https:\/\/metal-badge.ch\/fr\/wp-json\/wp\/v2\/media\/131540"}],"wp:attachment":[{"href":"https:\/\/metal-badge.ch\/fr\/wp-json\/wp\/v2\/media?parent=131536"}],"wp:term":[{"taxonomy":"product_brand","embeddable":true,"href":"https:\/\/metal-badge.ch\/fr\/wp-json\/wp\/v2\/product_brand?post=131536"},{"taxonomy":"product_cat","embeddable":true,"href":"https:\/\/metal-badge.ch\/fr\/wp-json\/wp\/v2\/product_cat?post=131536"},{"taxonomy":"product_tag","embeddable":true,"href":"https:\/\/metal-badge.ch\/fr\/wp-json\/wp\/v2\/product_tag?post=131536"}],"curies":[{"name":"wp","href":"https:\/\/api.w.org\/{rel}","templated":true}]}}