{"id":131427,"date":"2023-10-25T17:17:01","date_gmt":"2023-10-25T15:17:01","guid":{"rendered":"https:\/\/metal-badge.ch\/?post_type=product&#038;p=131427"},"modified":"2023-10-25T19:08:10","modified_gmt":"2023-10-25T17:08:10","slug":"veste-haute-visibilite-veste-tactique-reflechissante-rouge-bleu-fonce-2","status":"publish","type":"product","link":"https:\/\/metal-badge.ch\/fr\/product\/131427\/veste-haute-visibilite-veste-tactique-reflechissante-rouge-bleu-fonce-2\/","title":{"rendered":"Veste haute visibilit\u00e9 \/ veste tactique r\u00e9fl\u00e9chissante rouge \/ bleu fonc\u00e9"},"content":{"rendered":"<p>La veste aux multiples facettes. Cette veste haute visibilit\u00e9 dans les couleurs rouge \/ bleu fonc\u00e9 avec des bandes r\u00e9fl\u00e9chissantes sur les \u00e9paules et deux bandes r\u00e9fl\u00e9chissantes sur toute la circonf\u00e9rence selon la norme EN ISO 471 offre non seulement une protection contre la pluie, le froid et le vent, mais aussi un confort et une s\u00e9curit\u00e9 maximaux. La veste est disponible en version \u00e9t\u00e9 et hiver. La version d&rsquo;\u00e9t\u00e9 est dot\u00e9e d&rsquo;une doublure fine en taffetas \u00e0 l&rsquo;int\u00e9rieur tandis que la version d&rsquo;hiver est \u00e9quip\u00e9e d&rsquo;une doublure matelass\u00e9e un peu plus \u00e9paisse. La veste comporte deux grandes poches ext\u00e9rieures qui se ferment avec un velcro. Il y a \u00e9galement une grande poche de rangement zipp\u00e9e offrant beaucoup d&rsquo;espace dans la doublure int\u00e9rieure. La fermeture \u00e9clair YKK \u00e0 l&rsquo;avant est couverte par une patte de boutonnage.<\/p>\n<p>Sur le c\u00f4t\u00e9 gauche, au niveau de la poitrine, se trouve une fen\u00eatre pour cartes d&rsquo;identit\u00e9 au format carte de cr\u00e9dit. Sur le c\u00f4t\u00e9 gauche, au niveau de la poitrine, se trouve un velcro pour la fixation d\u2019inscriptions de dimensions 12 x 4 cm. Un velcro de 30 cm x 10 cm est \u00e9galement plac\u00e9 sur le dos pour la fixation d&rsquo;inscriptions. Sur la manche droite, un velcro rond de 8,5 cm permet d&rsquo;apposer des logos, etc.<\/p>\n<p>La capuche enroulable peut \u00eatre cach\u00e9e dans le col \u00e0 l&rsquo;aide de fermetures velcro. La capuche est \u00e9quip\u00e9e d&rsquo;un cordon de serrage \u00e9lastique pour l&rsquo;ajustement. La capuche peut \u00e9galement \u00eatre retir\u00e9e au moyen d&rsquo;une fermeture \u00e9clair. Un \u00e9lastique r\u00e9glable est int\u00e9gr\u00e9 au niveau de l&rsquo;ourlet pour permettre de r\u00e9gler la veste.<span class=\"Apple-converted-space\">&nbsp;<\/span><\/p>\n<p><b>Description du produit :&nbsp;<\/b><\/p>\n<ul>\n<li>D\u00e9signation : Veste haute visibilit\u00e9 \/ veste tactique r\u00e9fl\u00e9chissante rouge \/ bleu fonc\u00e9<\/li>\n<li>Mod\u00e8le : HI-5542&nbsp;<\/li>\n<li>1 fen\u00eatre pour carte d\u2019identit\u00e9 \u00e0 gauche sur la poitrine&nbsp;<\/li>\n<li>2 grandes poches ext\u00e9rieures avec fermetures velcro 21 x 21 cm&nbsp;<\/li>\n<li>1 grande poche int\u00e9rieure \u00e0 fermeture \u00e9clair avec poche ext\u00e9rieure de 16 cm de large pour 19 cm de haut<\/li>\n<li>Col rabattu avec bouton-pression, hauteur 9 cm<span class=\"Apple-converted-space\">&nbsp;<\/span><\/li>\n<li>Fermeture \u00e9clair YKK avec patte de boutonnage<span class=\"Apple-converted-space\">&nbsp;<\/span><\/li>\n<li>Certifi\u00e9 EN ISO 20471&nbsp;<\/li>\n<li>Bandes r\u00e9fl\u00e9chissantes autour de la taille et des manches de 5 cm de large<span class=\"Apple-converted-space\">&nbsp;<\/span><\/li>\n<li>Bande r\u00e9fl\u00e9chissante de 5 cm de large sur l&rsquo;\u00e9paule<\/li>\n<li>Ourlet des manches avec finition et velcro<\/li>\n<li>Couleur :&nbsp; Rouge \/ bleu fonc\u00e9<\/li>\n<li>Mati\u00e8re : Polyester \/ Nylon<span class=\"Apple-converted-space\">&nbsp;<\/span><\/li>\n<li>Doublure de la version \u00e9t\u00e9&nbsp;: Doublure en taffetas <span class=\"Apple-converted-space\">&nbsp;<\/span><\/li>\n<li>Capuche enroulable qui peut \u00eatre cach\u00e9e dans le col \u00e0 l&rsquo;aide de fermetures velcro<\/li>\n<li>Capuche d\u00e9tachable \u00e0 l\u2019aide d\u2019une fermeture \u00e9clair<span class=\"Apple-converted-space\">&nbsp;<\/span><\/li>\n<li>Capuche \u00e9quip\u00e9e d\u2019un cordon \u00e9lastique<\/li>\n<li>Fixation pour velcro \u00e0 l&rsquo;arri\u00e8re 30 cm x 10 cm<\/li>\n<li>Fixation pour velcro \u00e0 l&rsquo;avant, sur la poitrine \u00e0 gauche 12 cm x 4 cm<\/li>\n<li>Fixation pour velcro ronde sur le bras droit 8,5 cm<span class=\"Apple-converted-space\">&nbsp;<\/span><\/li>\n<li>Version d\u2019hiver et d\u2019\u00e9t\u00e9 disponibles, deux doublures diff\u00e9rentes<span class=\"Apple-converted-space\">&nbsp;<\/span><\/li>\n<li>Doublure version d\u2019hiver : doublure int\u00e9rieure chaude matelass\u00e9e<span class=\"Apple-converted-space\">&nbsp;<\/span><\/li>\n<li>Poids de la version d\u2019hiver \u00e0 doublure int\u00e9rieure matelass\u00e9e&nbsp;: 150 GSM <span class=\"Apple-converted-space\">&nbsp;<\/span><\/li>\n<li>Poids de la doublure de la version d\u2019\u00e9t\u00e9&nbsp;: 120 GSM<\/li>\n<li>Tailles : S, M, L, XL, 2XL<span class=\"Apple-converted-space\">&nbsp;<\/span><\/li>\n<\/ul>\n<p>Nous avons \u00e9galement un grand choix de plaques d&rsquo;inscriptions en velcro, voir le lien ici.<\/p>\n<p><b>Comme d&rsquo;habitude, une qualit\u00e9 sup\u00e9rieure \u00e0 des prix honn\u00eates<\/b><\/p>\n","protected":false},"excerpt":{"rendered":"<p>La veste aux multiples facettes. Cette veste haute visibilit\u00e9 dans les couleurs rouge \/ bleu fonc\u00e9 avec des bandes r\u00e9fl\u00e9chissantes sur les \u00e9paules et deux bandes r\u00e9fl\u00e9chissantes sur toute la circonf\u00e9rence selon la norme EN ISO 471 offre non seulement une protection contre la pluie, le froid et le vent, mais aussi un confort et une s\u00e9curit\u00e9 maximaux. La veste est disponible en version \u00e9t\u00e9 et hiver. La version d&rsquo;\u00e9t\u00e9 est dot\u00e9e d&rsquo;une doublure fine en taffetas \u00e0 l&rsquo;int\u00e9rieur tandis que la version d&rsquo;hiver est \u00e9quip\u00e9e d&rsquo;une doublure matelass\u00e9e un peu plus \u00e9paisse. La veste comporte deux grandes poches ext\u00e9rieures qui se ferment avec un velcro. Il y a \u00e9galement une grande poche de rangement zipp\u00e9e offrant beaucoup d&rsquo;espace dans la doublure int\u00e9rieure. La fermeture \u00e9clair YKK \u00e0 l&rsquo;avant est couverte par une patte de boutonnage.<\/p>\n","protected":false},"featured_media":131431,"comment_status":"closed","ping_status":"closed","template":"","meta":{"inline_featured_image":false},"product_brand":[],"product_cat":[1606,1582,1602],"product_tag":[],"class_list":{"0":"post-131427","1":"product","2":"type-product","3":"status-publish","4":"has-post-thumbnail","6":"product_cat-vetements-haute-visibilite-et-lumineux","7":"product_cat-sweats-a-capuche","8":"product_cat-vestes-en-softshell-pantalons-et-vetements-haute-visibilite","10":"first","11":"instock","12":"taxable","13":"shipping-taxable","14":"purchasable","15":"product-type-simple"},"_links":{"self":[{"href":"https:\/\/metal-badge.ch\/fr\/wp-json\/wp\/v2\/product\/131427","targetHints":{"allow":["GET"]}}],"collection":[{"href":"https:\/\/metal-badge.ch\/fr\/wp-json\/wp\/v2\/product"}],"about":[{"href":"https:\/\/metal-badge.ch\/fr\/wp-json\/wp\/v2\/types\/product"}],"replies":[{"embeddable":true,"href":"https:\/\/metal-badge.ch\/fr\/wp-json\/wp\/v2\/comments?post=131427"}],"wp:featuredmedia":[{"embeddable":true,"href":"https:\/\/metal-badge.ch\/fr\/wp-json\/wp\/v2\/media\/131431"}],"wp:attachment":[{"href":"https:\/\/metal-badge.ch\/fr\/wp-json\/wp\/v2\/media?parent=131427"}],"wp:term":[{"taxonomy":"product_brand","embeddable":true,"href":"https:\/\/metal-badge.ch\/fr\/wp-json\/wp\/v2\/product_brand?post=131427"},{"taxonomy":"product_cat","embeddable":true,"href":"https:\/\/metal-badge.ch\/fr\/wp-json\/wp\/v2\/product_cat?post=131427"},{"taxonomy":"product_tag","embeddable":true,"href":"https:\/\/metal-badge.ch\/fr\/wp-json\/wp\/v2\/product_tag?post=131427"}],"curies":[{"name":"wp","href":"https:\/\/api.w.org\/{rel}","templated":true}]}}