{"id":131393,"date":"2023-10-21T18:20:32","date_gmt":"2023-10-21T16:20:38","guid":{"rendered":"https:\/\/metal-badge.ch\/?post_type=product&#038;p=131393"},"modified":"2023-10-21T18:28:12","modified_gmt":"2023-10-21T16:28:12","slug":"pantalon-de-randonnee-trekking-olive-3","status":"publish","type":"product","link":"https:\/\/metal-badge.ch\/fr\/product\/131393\/pantalon-de-randonnee-trekking-olive-3\/","title":{"rendered":"Pantalon de randonn\u00e9e\/trekking olive"},"content":{"rendered":"<p>Pantalon de randonn\u00e9e l\u00e9ger, robuste, r\u00e9sistant aux intemp\u00e9ries et extr\u00eamement respirant, avec une coupe parfaite. Le pantalon long est extr\u00eamement agr\u00e9able \u00e0 porter. Toutes ses caract\u00e9ristiques sont con\u00e7ues pour rendre votre prochaine randonn\u00e9e au sommet aussi confortable que possible. Avec des inserts renforc\u00e9s en Ripstop aux genoux. 2&nbsp;poches lat\u00e9rales \u00e0 fermeture \u00e9clair ainsi que 1&nbsp;poche arri\u00e8re avec fermeture \u00e9clair. Le pantalon est dot\u00e9 d\u2019\u00e9lasthanne des deux c\u00f4t\u00e9s de la ceinture.<span class=\"Apple-converted-space\">&nbsp;<\/span><\/p>\n<p>Une ceinture en nylon est \u00e9galement incluse dans le prix.&nbsp;<\/p>\n<p><strong>Informations sur le produit&nbsp;:<\/strong><\/p>\n<ul>\n<li>R\u00e9f\u00e9rence&nbsp;: pantalon de randonn\u00e9e d\u2019\u00e9t\u00e9 l\u00e9ger<span class=\"Apple-converted-space\">&nbsp;<\/span><\/li>\n<li>Domaine d\u2019application&nbsp;: trekking, randonn\u00e9e, sports de montagne&nbsp;&nbsp;<\/li>\n<li>Mati\u00e8re&nbsp;: 89&nbsp;% polyamide 11&nbsp;% \u00e9lasthanne avec inserts renforc\u00e9s en Ripstop aux genoux<\/li>\n<li>Poches&nbsp;: 2&nbsp;poches lat\u00e9rales avec fermeture \u00e9clair<\/li>\n<li>Poches&nbsp;: 1x poche arri\u00e8re avec fermeture \u00e9clair<\/li>\n<li>Fermeture&nbsp;: fermeture \u00e9clair et bouton<\/li>\n<li>Poids&nbsp;: 330&nbsp;g<\/li>\n<li>Ceinture avec \u00e9lasthanne<span class=\"Apple-converted-space\">&nbsp;<\/span><\/li>\n<li>Inclus&nbsp;: sangle en nylon amovible<\/li>\n<li>Couleur&nbsp;: olive<\/li>\n<li>Tailles&nbsp;: M, L, XL, 2XL&nbsp;<\/li>\n<\/ul>\n","protected":false},"excerpt":{"rendered":"<p>Pantalon de randonn\u00e9e l\u00e9ger, robuste, r\u00e9sistant aux intemp\u00e9ries et extr\u00eamement respirant, avec une coupe parfaite. Le pantalon long est extr\u00eamement agr\u00e9able \u00e0 porter. Toutes ses caract\u00e9ristiques sont con\u00e7ues pour rendre votre prochaine randonn\u00e9e au sommet aussi confortable que possible. Avec des inserts renforc\u00e9s en Ripstop aux genoux. 2&nbsp;poches lat\u00e9rales \u00e0 fermeture \u00e9clair ainsi que 1&nbsp;poche arri\u00e8re avec fermeture \u00e9clair. Le pantalon est dot\u00e9 d\u2019\u00e9lasthanne des deux c\u00f4t\u00e9s de la ceinture.<span class=\"Apple-converted-space\">&nbsp;<\/span><\/p>\n","protected":false},"featured_media":131397,"comment_status":"closed","ping_status":"closed","template":"","meta":{"inline_featured_image":false},"product_brand":[],"product_cat":[2189,1614,1602],"product_tag":[],"class_list":{"0":"post-131393","1":"product","2":"type-product","3":"status-publish","4":"has-post-thumbnail","6":"product_cat-vetementsdeloisirs","7":"product_cat-pantalons-et-shorts","8":"product_cat-vestes-en-softshell-pantalons-et-vetements-haute-visibilite","10":"first","11":"instock","12":"taxable","13":"shipping-taxable","14":"purchasable","15":"product-type-simple"},"_links":{"self":[{"href":"https:\/\/metal-badge.ch\/fr\/wp-json\/wp\/v2\/product\/131393","targetHints":{"allow":["GET"]}}],"collection":[{"href":"https:\/\/metal-badge.ch\/fr\/wp-json\/wp\/v2\/product"}],"about":[{"href":"https:\/\/metal-badge.ch\/fr\/wp-json\/wp\/v2\/types\/product"}],"replies":[{"embeddable":true,"href":"https:\/\/metal-badge.ch\/fr\/wp-json\/wp\/v2\/comments?post=131393"}],"wp:featuredmedia":[{"embeddable":true,"href":"https:\/\/metal-badge.ch\/fr\/wp-json\/wp\/v2\/media\/131397"}],"wp:attachment":[{"href":"https:\/\/metal-badge.ch\/fr\/wp-json\/wp\/v2\/media?parent=131393"}],"wp:term":[{"taxonomy":"product_brand","embeddable":true,"href":"https:\/\/metal-badge.ch\/fr\/wp-json\/wp\/v2\/product_brand?post=131393"},{"taxonomy":"product_cat","embeddable":true,"href":"https:\/\/metal-badge.ch\/fr\/wp-json\/wp\/v2\/product_cat?post=131393"},{"taxonomy":"product_tag","embeddable":true,"href":"https:\/\/metal-badge.ch\/fr\/wp-json\/wp\/v2\/product_tag?post=131393"}],"curies":[{"name":"wp","href":"https:\/\/api.w.org\/{rel}","templated":true}]}}