{"id":131381,"date":"2023-10-21T18:05:22","date_gmt":"2023-10-21T16:05:22","guid":{"rendered":"https:\/\/metal-badge.ch\/?post_type=product&#038;p=131381"},"modified":"2023-10-21T18:14:21","modified_gmt":"2023-10-21T16:14:21","slug":"pantalon-court-short-de-randonnee-olive","status":"publish","type":"product","link":"https:\/\/metal-badge.ch\/fr\/product\/131381\/pantalon-court-short-de-randonnee-olive\/","title":{"rendered":"Pantalon court, short de randonn\u00e9e olive"},"content":{"rendered":"<p>Short super l\u00e9ger en mati\u00e8re fonctionnelle \u00e0 s\u00e9chage rapide. Tr\u00e8s facile d\u2019entretien. Une attention particuli\u00e8re est accord\u00e9e \u00e0 l\u2019\u00e9lasthanne, qui s\u2019adapte en douceur au niveau de la ceinture. Le pantalon de randonn\u00e9e peut en outre \u00eatre ajust\u00e9 \u00e0 la taille au moyen d\u2019un \u00e9lastique velcro.<span class=\"Apple-converted-space\">&nbsp;<\/span><\/p>\n<p>Ce short de randonn\u00e9e confortable et fonctionnel est le compagnon id\u00e9al pour vos excursions en montagne. Le parfait short de randonn\u00e9e&nbsp;: de nombreuses poches et le compromis optimal entre l\u00e9g\u00e8ret\u00e9 et durabilit\u00e9&nbsp;! En ce qui concerne l\u2019\u00e9quipement du pantalon, vous trouverez beaucoup d\u2019espace de rangement, deux poches \u00e0 l\u2019avant, une poche arri\u00e8re cach\u00e9e avec fermeture \u00e9clair, ainsi que quatre poches sur les jambes avec fermeture \u00e9clair.<span class=\"Apple-converted-space\">&nbsp;<\/span><\/p>\n<p><strong>Informations sur le produit&nbsp;:<span class=\"Apple-converted-space\">&nbsp;<\/span><\/strong><\/p>\n<ul>\n<li>Ceinture \u00e9lastique pour une libert\u00e9 de mouvement maximale<\/li>\n<li>Velcro \u00e9lastique sur la ceinture pour l\u2019ajuster<\/li>\n<li>Mat\u00e9riau high-tech \u00e0 s\u00e9chage rapide, l\u00e9ger et extr\u00eamement facile d\u2019entretien<\/li>\n<li>2&nbsp;poches \u00e0 l\u2019avant avec inserts extensibles<\/li>\n<li>1&nbsp;poche arri\u00e8re cach\u00e9e avec fermeture \u00e9clair<span class=\"Apple-converted-space\">&nbsp;<\/span><\/li>\n<li>4&nbsp;poches sur les jambes avec fermeture \u00e9clair<\/li>\n<li>Couleur&nbsp;: olive<span class=\"Apple-converted-space\">&nbsp;<\/span><\/li>\n<li>Mat\u00e9riau&nbsp;: 100&nbsp;% polyamide (environ 110&nbsp;g\/m\u00b2)<\/li>\n<li>Lavable \u00e0 40&nbsp;\u00b0C.<\/li>\n<li>Tailles&nbsp;: S, M, L, XL, 2XL, 3XL<\/li>\n<\/ul>\n","protected":false},"excerpt":{"rendered":"<p>Short super l\u00e9ger en mati\u00e8re fonctionnelle \u00e0 s\u00e9chage rapide. Tr\u00e8s facile d\u2019entretien. Une attention particuli\u00e8re est accord\u00e9e \u00e0 l\u2019\u00e9lasthanne, qui s\u2019adapte en douceur au niveau de la ceinture. Le pantalon de randonn\u00e9e peut en outre \u00eatre ajust\u00e9 \u00e0 la taille au moyen d\u2019un \u00e9lastique velcro.<span class=\"Apple-converted-space\">&nbsp;<\/span><\/p>\n<p>Ce short de randonn\u00e9e confortable et fonctionnel est le compagnon id\u00e9al pour vos excursions en montagne. Le parfait short de randonn\u00e9e&nbsp;: de nombreuses poches et le compromis optimal entre l\u00e9g\u00e8ret\u00e9 et durabilit\u00e9&nbsp;! En ce qui concerne l\u2019\u00e9quipement du pantalon, vous trouverez beaucoup d\u2019espace de rangement, deux poches \u00e0 l\u2019avant, une poche arri\u00e8re cach\u00e9e avec fermeture \u00e9clair, ainsi que quatre poches sur les jambes avec fermeture \u00e9clair.<span class=\"Apple-converted-space\">&nbsp;<\/span><\/p>\n","protected":false},"featured_media":131385,"comment_status":"closed","ping_status":"closed","template":"","meta":{"inline_featured_image":false},"product_brand":[],"product_cat":[2189,1614,1602],"product_tag":[],"class_list":{"0":"post-131381","1":"product","2":"type-product","3":"status-publish","4":"has-post-thumbnail","6":"product_cat-vetementsdeloisirs","7":"product_cat-pantalons-et-shorts","8":"product_cat-vestes-en-softshell-pantalons-et-vetements-haute-visibilite","10":"first","11":"instock","12":"taxable","13":"shipping-taxable","14":"purchasable","15":"product-type-simple"},"_links":{"self":[{"href":"https:\/\/metal-badge.ch\/fr\/wp-json\/wp\/v2\/product\/131381","targetHints":{"allow":["GET"]}}],"collection":[{"href":"https:\/\/metal-badge.ch\/fr\/wp-json\/wp\/v2\/product"}],"about":[{"href":"https:\/\/metal-badge.ch\/fr\/wp-json\/wp\/v2\/types\/product"}],"replies":[{"embeddable":true,"href":"https:\/\/metal-badge.ch\/fr\/wp-json\/wp\/v2\/comments?post=131381"}],"wp:featuredmedia":[{"embeddable":true,"href":"https:\/\/metal-badge.ch\/fr\/wp-json\/wp\/v2\/media\/131385"}],"wp:attachment":[{"href":"https:\/\/metal-badge.ch\/fr\/wp-json\/wp\/v2\/media?parent=131381"}],"wp:term":[{"taxonomy":"product_brand","embeddable":true,"href":"https:\/\/metal-badge.ch\/fr\/wp-json\/wp\/v2\/product_brand?post=131381"},{"taxonomy":"product_cat","embeddable":true,"href":"https:\/\/metal-badge.ch\/fr\/wp-json\/wp\/v2\/product_cat?post=131381"},{"taxonomy":"product_tag","embeddable":true,"href":"https:\/\/metal-badge.ch\/fr\/wp-json\/wp\/v2\/product_tag?post=131381"}],"curies":[{"name":"wp","href":"https:\/\/api.w.org\/{rel}","templated":true}]}}