{"id":130888,"date":"2023-10-13T19:19:23","date_gmt":"2023-10-13T17:19:25","guid":{"rendered":"https:\/\/metal-badge.ch\/?post_type=product&#038;p=130888"},"modified":"2023-10-21T04:27:55","modified_gmt":"2023-10-21T02:27:55","slug":"pantalon-de-randonnee-trekking-kaki-2","status":"publish","type":"product","link":"https:\/\/metal-badge.ch\/fr\/product\/130888\/pantalon-de-randonnee-trekking-kaki-2\/","title":{"rendered":"Pantalon de randonn\u00e9e\/trekking kaki"},"content":{"rendered":"<p>Pantalon de randonn\u00e9e tr\u00e8s robuste, r\u00e9sistant aux intemp\u00e9ries et extr\u00eamement respirant, avec une coupe parfaite. Un pantalon long pour les journ\u00e9es chaudes. Toutes ses caract\u00e9ristiques sont con\u00e7ues pour rendre votre prochaine randonn\u00e9e au sommet aussi confortable que possible. Le pantalon se transforme rapidement en short gr\u00e2ce au zip au niveau de la jambe Ce pantalon est \u00e9quip\u00e9 de 2&nbsp;poches zipp\u00e9es sur le devant ainsi que 1&nbsp;poche arri\u00e8re avec fermeture \u00e9clair. Une belle ceinture en nylon marron et r\u00e9glable est \u00e9galement incluse dans le prix.<span class=\"Apple-converted-space\">&nbsp;<\/span><\/p>\n<p><strong>Informations sur le produit&nbsp;:<span class=\"Apple-converted-space\">&nbsp;<\/span><\/strong><\/p>\n<ul>\n<li>Domaine d\u2019application&nbsp;: trekking, randonn\u00e9e, sports de montagne<span class=\"Apple-converted-space\">&nbsp;<\/span><\/li>\n<li>Mat\u00e9riau&nbsp;: 100&nbsp;% polyester<span class=\"Apple-converted-space\">&nbsp;<\/span><\/li>\n<li>Mod\u00e8le&nbsp;: 99813<span class=\"Apple-converted-space\">&nbsp;<\/span><\/li>\n<li>Poches&nbsp;: 2&nbsp;poches \u00e0 fermeture \u00e9clair sur le devant<span class=\"Apple-converted-space\">&nbsp;<\/span><\/li>\n<li>Poches&nbsp;: 1&nbsp;poche arri\u00e8re avec fermeture \u00e9clair<span class=\"Apple-converted-space\">&nbsp;<\/span><\/li>\n<li>Fermeture&nbsp;: patte de boutonnage avec fermeture \u00e9clair<span class=\"Apple-converted-space\">&nbsp;<\/span><\/li>\n<li>Pantalon d\u00e9zippable pour la randonn\u00e9e&nbsp;: facile d\u2019entretien et \u00e0 s\u00e9chage rapide<span class=\"Apple-converted-space\">&nbsp;<\/span><\/li>\n<li>Poids&nbsp;: 280&nbsp;g.<\/li>\n<li>Couleur&nbsp;: kaki<span class=\"Apple-converted-space\">&nbsp;<\/span><\/li>\n<li>Tailles&nbsp;: S, M, L, XL, 2XL<span class=\"Apple-converted-space\">&nbsp;<\/span><\/li>\n<li>Une ceinture en nylon r\u00e9glable marron est incluse dans le prix<span class=\"Apple-converted-space\">&nbsp;<\/span><\/li>\n<\/ul>\n","protected":false},"excerpt":{"rendered":"<p>Pantalon de randonn\u00e9e tr\u00e8s robuste, r\u00e9sistant aux intemp\u00e9ries et extr\u00eamement respirant, avec une coupe parfaite. Un pantalon long pour les journ\u00e9es chaudes. Toutes ses caract\u00e9ristiques sont con\u00e7ues pour rendre votre prochaine randonn\u00e9e au sommet aussi confortable que possible. Le pantalon se transforme rapidement en short gr\u00e2ce au zip au niveau de la jambe Ce pantalon est \u00e9quip\u00e9 de 2&nbsp;poches zipp\u00e9es sur le devant ainsi que 1&nbsp;poche arri\u00e8re avec fermeture \u00e9clair. Une belle ceinture en nylon marron et r\u00e9glable est \u00e9galement incluse dans le prix.<span class=\"Apple-converted-space\">&nbsp;<\/span><\/p>\n","protected":false},"featured_media":131296,"comment_status":"closed","ping_status":"closed","template":"","meta":{"inline_featured_image":false},"product_brand":[],"product_cat":[2189,1614,1602],"product_tag":[],"class_list":{"0":"post-130888","1":"product","2":"type-product","3":"status-publish","4":"has-post-thumbnail","6":"product_cat-vetementsdeloisirs","7":"product_cat-pantalons-et-shorts","8":"product_cat-vestes-en-softshell-pantalons-et-vetements-haute-visibilite","10":"first","11":"instock","12":"taxable","13":"shipping-taxable","14":"purchasable","15":"product-type-simple"},"_links":{"self":[{"href":"https:\/\/metal-badge.ch\/fr\/wp-json\/wp\/v2\/product\/130888","targetHints":{"allow":["GET"]}}],"collection":[{"href":"https:\/\/metal-badge.ch\/fr\/wp-json\/wp\/v2\/product"}],"about":[{"href":"https:\/\/metal-badge.ch\/fr\/wp-json\/wp\/v2\/types\/product"}],"replies":[{"embeddable":true,"href":"https:\/\/metal-badge.ch\/fr\/wp-json\/wp\/v2\/comments?post=130888"}],"wp:featuredmedia":[{"embeddable":true,"href":"https:\/\/metal-badge.ch\/fr\/wp-json\/wp\/v2\/media\/131296"}],"wp:attachment":[{"href":"https:\/\/metal-badge.ch\/fr\/wp-json\/wp\/v2\/media?parent=130888"}],"wp:term":[{"taxonomy":"product_brand","embeddable":true,"href":"https:\/\/metal-badge.ch\/fr\/wp-json\/wp\/v2\/product_brand?post=130888"},{"taxonomy":"product_cat","embeddable":true,"href":"https:\/\/metal-badge.ch\/fr\/wp-json\/wp\/v2\/product_cat?post=130888"},{"taxonomy":"product_tag","embeddable":true,"href":"https:\/\/metal-badge.ch\/fr\/wp-json\/wp\/v2\/product_tag?post=130888"}],"curies":[{"name":"wp","href":"https:\/\/api.w.org\/{rel}","templated":true}]}}