{"id":130844,"date":"2023-10-13T18:45:40","date_gmt":"2023-10-13T16:45:40","guid":{"rendered":"https:\/\/metal-badge.ch\/product\/130844\/pantalon-de-randonnee-trekking-noir\/"},"modified":"2023-10-21T04:46:08","modified_gmt":"2023-10-21T02:46:08","slug":"pantalon-de-randonnee-trekking-noir","status":"publish","type":"product","link":"https:\/\/metal-badge.ch\/fr\/product\/130844\/pantalon-de-randonnee-trekking-noir\/","title":{"rendered":"Pantalon de randonn\u00e9e\/trekking noir"},"content":{"rendered":"<p>Pantalon de randonn\u00e9e l\u00e9ger, robuste, r\u00e9sistant aux intemp\u00e9ries et extr\u00eamement respirant, avec une coupe parfaite. Le pantalon long est extr\u00eamement agr\u00e9able \u00e0 porter. Toutes ses caract\u00e9ristiques sont con\u00e7ues pour rendre votre prochaine randonn\u00e9e au sommet aussi confortable que possible. Le pantalon avec 4&nbsp;poches zipp\u00e9es.<span class=\"Apple-converted-space\">&nbsp;<\/span><\/p>\n<p><strong>Informations sur le produit&nbsp;:<\/strong><\/p>\n<ul>\n<li>R\u00e9f\u00e9rence&nbsp;: pantalon de randonn\u00e9e d\u2019\u00e9t\u00e9 l\u00e9ger<span class=\"Apple-converted-space\">&nbsp;<\/span><\/li>\n<li>Domaine d\u2019application&nbsp;: trekking, randonn\u00e9e, sports de montagne&nbsp;&nbsp;<\/li>\n<li>Mati\u00e8re&nbsp;: 89&nbsp;% polyamide 11&nbsp;% \u00e9lasthanne<span class=\"Apple-converted-space\">&nbsp;<\/span><\/li>\n<li>Poches&nbsp;: 2&nbsp;poches lat\u00e9rales avec fermeture \u00e9clair<\/li>\n<li>Poche&nbsp;: 1&nbsp;poche arri\u00e8re avec fermeture zipp\u00e9e&nbsp;<\/li>\n<li>Poche&nbsp;: 1&nbsp;poche sur la jambe \u00e0 droite avec fermeture zipp\u00e9e<\/li>\n<li>Fermeture&nbsp;: fermeture \u00e9clair et bouton<\/li>\n<li>Poids&nbsp;: 250&nbsp;g<\/li>\n<li>Ceinture avec \u00e9lasthanne<span class=\"Apple-converted-space\">&nbsp;<\/span><\/li>\n<li>Couleur&nbsp;: noir<\/li>\n<li>Tailles&nbsp;: M, L, XL, 2XL&nbsp;<\/li>\n<\/ul>\n","protected":false},"excerpt":{"rendered":"<p>Pantalon de randonn\u00e9e l\u00e9ger, robuste, r\u00e9sistant aux intemp\u00e9ries et extr\u00eamement respirant, avec une coupe parfaite. Le pantalon long est extr\u00eamement agr\u00e9able \u00e0 porter. Toutes ses caract\u00e9ristiques sont con\u00e7ues pour rendre votre prochaine randonn\u00e9e au sommet aussi confortable que possible. Le pantalon avec 4&nbsp;poches zipp\u00e9es.<span class=\"Apple-converted-space\">&nbsp;<\/span><\/p>\n","protected":false},"featured_media":131348,"comment_status":"closed","ping_status":"closed","template":"","meta":{"inline_featured_image":false},"product_brand":[],"product_cat":[2189,1614,1602],"product_tag":[],"class_list":{"0":"post-130844","1":"product","2":"type-product","3":"status-publish","4":"has-post-thumbnail","6":"product_cat-vetementsdeloisirs","7":"product_cat-pantalons-et-shorts","8":"product_cat-vestes-en-softshell-pantalons-et-vetements-haute-visibilite","10":"first","11":"instock","12":"taxable","13":"shipping-taxable","14":"purchasable","15":"product-type-simple"},"_links":{"self":[{"href":"https:\/\/metal-badge.ch\/fr\/wp-json\/wp\/v2\/product\/130844","targetHints":{"allow":["GET"]}}],"collection":[{"href":"https:\/\/metal-badge.ch\/fr\/wp-json\/wp\/v2\/product"}],"about":[{"href":"https:\/\/metal-badge.ch\/fr\/wp-json\/wp\/v2\/types\/product"}],"replies":[{"embeddable":true,"href":"https:\/\/metal-badge.ch\/fr\/wp-json\/wp\/v2\/comments?post=130844"}],"wp:featuredmedia":[{"embeddable":true,"href":"https:\/\/metal-badge.ch\/fr\/wp-json\/wp\/v2\/media\/131348"}],"wp:attachment":[{"href":"https:\/\/metal-badge.ch\/fr\/wp-json\/wp\/v2\/media?parent=130844"}],"wp:term":[{"taxonomy":"product_brand","embeddable":true,"href":"https:\/\/metal-badge.ch\/fr\/wp-json\/wp\/v2\/product_brand?post=130844"},{"taxonomy":"product_cat","embeddable":true,"href":"https:\/\/metal-badge.ch\/fr\/wp-json\/wp\/v2\/product_cat?post=130844"},{"taxonomy":"product_tag","embeddable":true,"href":"https:\/\/metal-badge.ch\/fr\/wp-json\/wp\/v2\/product_tag?post=130844"}],"curies":[{"name":"wp","href":"https:\/\/api.w.org\/{rel}","templated":true}]}}