{"id":130821,"date":"2023-10-12T05:03:16","date_gmt":"2023-10-12T03:03:16","guid":{"rendered":"https:\/\/metal-badge.ch\/product\/130821\/casque-descalade-dalpinisme-de-protection-industriel-en-noir\/"},"modified":"2023-10-12T05:03:16","modified_gmt":"2023-10-12T03:03:16","slug":"casque-descalade-dalpinisme-de-protection-industriel-en-noir","status":"publish","type":"product","link":"https:\/\/metal-badge.ch\/fr\/product\/130821\/casque-descalade-dalpinisme-de-protection-industriel-en-noir\/","title":{"rendered":"Casque d\u2019escalade, d\u2019alpinisme de protection industriel en noir"},"content":{"rendered":"<p>Casque d\u2019escalade, d\u2019alpinisme de protection industriel. Casque de travail et de protection l\u00e9ger, disponible en plusieurs couleurs. Confortable, ses aux dix ouvertures d\u2019a\u00e9ration et aux canaux d\u2019\u00e9vacuation internes garantissent une ventilation optimale.<\/p>\n<p>Le r\u00e9glage de la taille se fait \u00e0 l\u2019aide de la molette et du syst\u00e8me d\u2019ajustement individuel \u00e0 l\u2019arri\u00e8re du casque. Le casque est dot\u00e9 d\u2019une jugulaire conforme \u00e0 la norme EN 492.<\/p>\n<p>Une visi\u00e8re et des protecteurs auditifs peuvent \u00eatre install\u00e9s en option. La protection de la t\u00eate id\u00e9ale sur le chantier ou pour les sorties d\u2019escalade. Les exigences d\u2019un casque de protection de construction\/industriel ont beaucoup chang\u00e9 au fil du temps. En plus d\u2019apporter la meilleure protection possible, ce casque mise plus que jamais sur le design et le confort.Nous vous pr\u00e9sentons ici un casque de protection moderne, id\u00e9al pour les travaux en hauteur et qui offre un confort \u00e9lev\u00e9 m\u00eame en cas de port prolong\u00e9.<span class=\"Apple-converted-space\">&nbsp;<\/span><\/p>\n<p>Particuli\u00e8rement adapt\u00e9 aux activit\u00e9s o\u00f9 conserver une vue d\u00e9gag\u00e9e vers le haut est important, par exemple pour les constructeurs d\u2019\u00e9chafaudages, les arboristes, les grutiers. Avec l\u2019ajout de la jugulaire, le casque de protection sert sp\u00e9cialement d\u2019\u00e9quipement de protection individuelle contre les chutes.<\/p>\n<p>Les casques de protection sont test\u00e9s selon la norme EN 12492, la norme europ\u00e9enne pour les casques industriels.<\/p>\n<p><b>Informations sur le produit&nbsp;:<span class=\"Apple-converted-space\">&nbsp;<\/span><\/b><\/p>\n<ul>\n<li>R\u00e9f\u00e9rence&nbsp;: casque d\u2019alpinisme et casque de protection industriel selon la norme EN 12492&nbsp;<\/li>\n<li>R\u00e9glage confortable de la largeur du bandeau gr\u00e2ce \u00e0 la molette rotative<\/li>\n<li>Taille&nbsp;: r\u00e9glable universellement de 51 \u00e0 63&nbsp;cm (circonf\u00e9rence de la t\u00eate)<\/li>\n<li>Grille de protection contre la p\u00e9n\u00e9tration de la poussi\u00e8re et de la salet\u00e9<\/li>\n<li>Supports pour visi\u00e8re et protection auditive<\/li>\n<li>Clips de maintien pour lampes frontales<\/li>\n<li>Gardez votre t\u00eate au frais&nbsp;! Tr\u00e8s bonne ventilation gr\u00e2ce aux fentes d\u2019a\u00e9ration<\/li>\n<li>Mentonni\u00e8re avec quatre points de fixation pour un excellent maintien<\/li>\n<li>Jugulaire 4 points&nbsp;avec quatre points de fixation \u00e0 ouverture rapide selon EN 12492. Ajustement lat\u00e9ral pour le r\u00e9glage de la longueur des bandes.<\/li>\n<li>Rembourrage int\u00e9rieur lavable<\/li>\n<li>Membrane imperm\u00e9able<\/li>\n<li>Mat\u00e9riau&nbsp;: plastique ABS\/polypropyl\u00e8ne<\/li>\n<li>Coque int\u00e9rieure en polystyr\u00e8ne<\/li>\n<li>Bandeau en nylon PA doux<\/li>\n<li>Poids&nbsp;: 400&nbsp;g.<\/li>\n<li>Domaine d\u2019application&nbsp;: -30&nbsp;\u00b0C \u00e0 +50&nbsp;\u00b0C<\/li>\n<li>Couleur : noir<\/li>\n<\/ul>\n","protected":false},"excerpt":{"rendered":"<p>Casque d\u2019escalade, d\u2019alpinisme de protection industriel. Casque de travail et de protection l\u00e9ger, disponible en plusieurs couleurs. Confortable, ses aux dix ouvertures d\u2019a\u00e9ration et aux canaux d\u2019\u00e9vacuation internes garantissent une ventilation optimale.<\/p>\n<p>Le r\u00e9glage de la taille se fait \u00e0 l\u2019aide de la molette et du syst\u00e8me d\u2019ajustement individuel \u00e0 l\u2019arri\u00e8re du casque. Le casque est dot\u00e9 d\u2019une jugulaire conforme \u00e0 la norme EN 492.<\/p>\n<p>Une visi\u00e8re et des protecteurs auditifs peuvent \u00eatre install\u00e9s en option. La protection de la t\u00eate id\u00e9ale sur le chantier ou pour les sorties d\u2019escalade. Les exigences d\u2019un casque de protection de construction\/industriel ont beaucoup chang\u00e9 au fil du temps. En plus d\u2019apporter la meilleure protection possible, ce casque mise plus que jamais sur le design et le confort.Nous vous pr\u00e9sentons ici un casque de protection moderne, id\u00e9al pour les travaux en hauteur et qui offre un confort \u00e9lev\u00e9 m\u00eame en cas de port prolong\u00e9.<span class=\"Apple-converted-space\">&nbsp;<\/span><\/p>\n","protected":false},"featured_media":130764,"comment_status":"closed","ping_status":"closed","template":"","meta":{"inline_featured_image":false},"product_brand":[],"product_cat":[1706,887],"product_tag":[1765],"class_list":{"0":"post-130821","1":"product","2":"type-product","3":"status-publish","4":"has-post-thumbnail","6":"product_cat-casques","7":"product_cat-accessoires","8":"product_tag-sport-outdoor-fr","10":"first","11":"instock","12":"taxable","13":"shipping-taxable","14":"purchasable","15":"product-type-simple"},"_links":{"self":[{"href":"https:\/\/metal-badge.ch\/fr\/wp-json\/wp\/v2\/product\/130821","targetHints":{"allow":["GET"]}}],"collection":[{"href":"https:\/\/metal-badge.ch\/fr\/wp-json\/wp\/v2\/product"}],"about":[{"href":"https:\/\/metal-badge.ch\/fr\/wp-json\/wp\/v2\/types\/product"}],"replies":[{"embeddable":true,"href":"https:\/\/metal-badge.ch\/fr\/wp-json\/wp\/v2\/comments?post=130821"}],"wp:featuredmedia":[{"embeddable":true,"href":"https:\/\/metal-badge.ch\/fr\/wp-json\/wp\/v2\/media\/130764"}],"wp:attachment":[{"href":"https:\/\/metal-badge.ch\/fr\/wp-json\/wp\/v2\/media?parent=130821"}],"wp:term":[{"taxonomy":"product_brand","embeddable":true,"href":"https:\/\/metal-badge.ch\/fr\/wp-json\/wp\/v2\/product_brand?post=130821"},{"taxonomy":"product_cat","embeddable":true,"href":"https:\/\/metal-badge.ch\/fr\/wp-json\/wp\/v2\/product_cat?post=130821"},{"taxonomy":"product_tag","embeddable":true,"href":"https:\/\/metal-badge.ch\/fr\/wp-json\/wp\/v2\/product_tag?post=130821"}],"curies":[{"name":"wp","href":"https:\/\/api.w.org\/{rel}","templated":true}]}}