{"id":130627,"date":"2023-10-11T00:50:10","date_gmt":"2023-10-10T22:50:10","guid":{"rendered":"https:\/\/metal-badge.ch\/?post_type=product&#038;p=130627"},"modified":"2023-10-11T00:59:37","modified_gmt":"2023-10-10T22:59:37","slug":"poche-pour-menottes-avec-fermeture-a-bouton-pression","status":"publish","type":"product","link":"https:\/\/metal-badge.ch\/fr\/product\/130627\/poche-pour-menottes-avec-fermeture-a-bouton-pression\/","title":{"rendered":"Poche pour menottes avec fermeture \u00e0 bouton-pression"},"content":{"rendered":"<p>Poche pour menottes avec fermeture \u00e0 bouton-pression et boucle de ceinture. Cet \u00e9tui pour menottes est adapt\u00e9 \u00e0 toutes les menottes courantes.<\/p>\n<p><strong>Informations sur le produit&nbsp;:<span class=\"Apple-converted-space\">&nbsp;<\/span><\/strong><\/p>\n<ul>\n<li>R\u00e9f\u00e9rence&nbsp;: poche pour menottes<span class=\"Apple-converted-space\">&nbsp;<\/span><\/li>\n<li>Couleur: noir<span class=\"Apple-converted-space\">&nbsp;<\/span><\/li>\n<li>Avec fermeture \u00e0 bouton-pression et rabat<\/li>\n<li>Boucle de ceinture r\u00e9glable en hauteur avec double bouton-pression de 5 \u00e0 9&nbsp;cm de large 4,5&nbsp;cm<span class=\"Apple-converted-space\">&nbsp;<\/span><\/li>\n<li>Poids: 90&nbsp;g<span class=\"Apple-converted-space\">&nbsp;<\/span><\/li>\n<li>Mat\u00e9riau&nbsp;: Cordura<span class=\"Apple-converted-space\">&nbsp;<\/span><\/li>\n<li>Dimensions: hauteur 15&nbsp;cm&nbsp;x&nbsp;10&nbsp;cm largeur&nbsp;3&nbsp;cm<\/li>\n<\/ul>\n<p><b><i>Cliquez sur le lien ci-dessous pour voir nos poches et nos \u00e9tuis Molle. Et trouvez la poche Molle qui vous convient.<\/i><\/b><\/p>\n<p><span style=\"text-decoration: underline;\"><span style=\"color: #0000ff;\"><a style=\"color: #0000ff;\" href=\"https:\/\/metal-badge.ch\/fr\/product-category\/security-factory-fr\/vetements\/vestes_tactiques\/?v=772de803edb4\">\u00bbVeste Tactique<\/a><\/span><\/span><\/p>\n<p><span style=\"text-decoration: underline;\"><span style=\"color: #0000ff;\">&nbsp;<\/span><\/span><\/p>\n","protected":false},"excerpt":{"rendered":"<p>Poche pour menottes avec fermeture \u00e0 bouton-pression et boucle de ceinture. Cet \u00e9tui pour menottes est adapt\u00e9 \u00e0 toutes les menottes courantes.<\/p>\n<p><strong>Informations sur le produit&nbsp;:<span class=\"Apple-converted-space\">&nbsp;<\/span><\/strong><\/p>\n<ul>\n<li>R\u00e9f\u00e9rence&nbsp;: poche pour menottes<span class=\"Apple-converted-space\">&nbsp;<\/span><\/li>\n<li>Couleur: noir<span class=\"Apple-converted-space\">&nbsp;<\/span><\/li>\n<li>Avec fermeture \u00e0 bouton-pression et rabat<\/li>\n<li>Boucle de ceinture r\u00e9glable en hauteur avec double bouton-pression de 5 \u00e0 9&nbsp;cm de large 4,5&nbsp;cm<span class=\"Apple-converted-space\">&nbsp;<\/span><\/li>\n<li>Poids: 90&nbsp;g<span class=\"Apple-converted-space\">&nbsp;<\/span><\/li>\n<li>Mat\u00e9riau&nbsp;: Cordura<span class=\"Apple-converted-space\">&nbsp;<\/span><\/li>\n<li>Dimensions: hauteur 15&nbsp;cm&nbsp;x&nbsp;10&nbsp;cm largeur&nbsp;3&nbsp;cm<\/li>\n<\/ul>\n<p><b>Vous avez besoin d&rsquo;\u00e9tuis et de sacoches modulaires pour votre gilet et votre sac \u00e0 dos ?&nbsp;<\/b><b><i>Cliquez sur le lien ci-dessous pour voir nos poches et nos \u00e9tuis Molle. Et trouvez la poche Molle qui vous convient. <\/i><\/b><span style=\"text-decoration: underline;\"><span style=\"color: #0000ff;\"><a style=\"color: #0000ff;\" href=\"https:\/\/metal-badge.ch\/fr\/product-category\/security-factory-fr\/vetements\/vestes_tactiques\/?v=772de803edb4\">\u00bbVeste Tactique<\/a><\/span><\/span><\/p>\n","protected":false},"featured_media":130631,"comment_status":"closed","ping_status":"closed","template":"","meta":{"inline_featured_image":false},"product_brand":[],"product_cat":[2291,1059],"product_tag":[1781,1765],"class_list":{"0":"post-130627","1":"product","2":"type-product","3":"status-publish","4":"has-post-thumbnail","6":"product_cat-sacs-modulaires","7":"product_cat-sacs","8":"product_tag-police-securite","9":"product_tag-sport-outdoor-fr","11":"first","12":"instock","13":"taxable","14":"shipping-taxable","15":"purchasable","16":"product-type-simple"},"_links":{"self":[{"href":"https:\/\/metal-badge.ch\/fr\/wp-json\/wp\/v2\/product\/130627","targetHints":{"allow":["GET"]}}],"collection":[{"href":"https:\/\/metal-badge.ch\/fr\/wp-json\/wp\/v2\/product"}],"about":[{"href":"https:\/\/metal-badge.ch\/fr\/wp-json\/wp\/v2\/types\/product"}],"replies":[{"embeddable":true,"href":"https:\/\/metal-badge.ch\/fr\/wp-json\/wp\/v2\/comments?post=130627"}],"wp:featuredmedia":[{"embeddable":true,"href":"https:\/\/metal-badge.ch\/fr\/wp-json\/wp\/v2\/media\/130631"}],"wp:attachment":[{"href":"https:\/\/metal-badge.ch\/fr\/wp-json\/wp\/v2\/media?parent=130627"}],"wp:term":[{"taxonomy":"product_brand","embeddable":true,"href":"https:\/\/metal-badge.ch\/fr\/wp-json\/wp\/v2\/product_brand?post=130627"},{"taxonomy":"product_cat","embeddable":true,"href":"https:\/\/metal-badge.ch\/fr\/wp-json\/wp\/v2\/product_cat?post=130627"},{"taxonomy":"product_tag","embeddable":true,"href":"https:\/\/metal-badge.ch\/fr\/wp-json\/wp\/v2\/product_tag?post=130627"}],"curies":[{"name":"wp","href":"https:\/\/api.w.org\/{rel}","templated":true}]}}