{"id":130519,"date":"2023-10-10T23:18:04","date_gmt":"2023-10-10T21:18:04","guid":{"rendered":"https:\/\/metal-badge.ch\/product\/130519\/pantalon-fonctionnel-et-veste-a-manches-zippees-pour-les-services-durgence-les-services-sanitaires-de-secours\/"},"modified":"2025-05-11T04:45:57","modified_gmt":"2025-05-11T02:45:57","slug":"pantalon-fonctionnel-et-veste-a-manches-zippees-pour-les-services-durgence-les-services-sanitaires-de-secours","status":"publish","type":"product","link":"https:\/\/metal-badge.ch\/fr\/product\/130519\/pantalon-fonctionnel-et-veste-a-manches-zippees-pour-les-services-durgence-les-services-sanitaires-de-secours\/","title":{"rendered":"Pantalon fonctionnel et veste \u00e0 manches zipp\u00e9es pour les services d\u2019urgence, les services sanitaires\/de secours"},"content":{"rendered":"<p><b><i>Pantalon fonctionnel de sauvetage r\u00e9sistant et veste avec manches zipp\u00e9e dans les couleurs rouge vif-jaune-bleu fonc\u00e9.<\/i><\/b> Fabriqu\u00e9 pour une utilisation quotidienne avec des exigences \u00e9lev\u00e9es pour les organisations d\u2019urgence telles que les services de secours, les services sanitaires, les pompiers, etc.<span class=\"Apple-converted-space\">&nbsp;<\/span><\/p>\n<p>\u00c0 l\u2019int\u00e9rieur, le pantalon et la veste sont \u00e9quip\u00e9s d\u2019une doublure en maille respirante. La veste est dot\u00e9e d\u2019une poche int\u00e9rieure avec une fermeture \u00e9clair. La veste et le pantalon sont \u00e9quip\u00e9s de bandes r\u00e9fl\u00e9chissantes de s\u00e9curit\u00e9 sur tout le pourtour selon la norme EN, EN 20471. Ainsi, le porteur peut \u00eatre facilement visible m\u00eame dans l\u2019obscurit\u00e9 et en cas de mauvaise visibilit\u00e9.<span class=\"Apple-converted-space\">&nbsp;<\/span><\/p>\n<p><b>Le pantalon<\/b> est \u00e9quip\u00e9 de deux grandes poches aux fesses avec une fermeture velcro ainsi que de deux grandes poches \u00e0 l\u2019avant et de deux poches sur les jambes avec une fermeture \u00e9clair. En outre, il y a deux poches pour les jambes avec une fermeture Velcro. Les 6&nbsp;boucles de ceinture ainsi que l\u2019\u00e9lastique des deux c\u00f4t\u00e9s \u00e0 la ceinture assurent un bon confort de port.<span class=\"Apple-converted-space\">&nbsp;<\/span><\/p>\n<p><b>La veste<\/b> est dot\u00e9e de 4&nbsp;poches avant avec une fermeture \u00e0 bouton-pression. La fermeture \u00e9clair centrale \u00e0 l\u2019avant est recouverte d\u2019une patte avec 4&nbsp;boutons-pression. Sur le c\u00f4t\u00e9 sup\u00e9rieur gauche de la poitrine se trouve une fen\u00eatre transparente pour loger une carte d\u2019identification et, en dessous, un velcro pour l\u2019\u00e9tiquette du nom 10 &nbsp;cm&nbsp;x&nbsp;2&nbsp;cm. Sur le rabat de la poche droite se trouve un velcro de 12&nbsp;cm&nbsp;x&nbsp;4&nbsp;cm pour apposer diff\u00e9rentes inscriptions. De plus, un velcro rond pour logos de 9&nbsp;cm de diam\u00e8tre est pr\u00e9sent sous la poche de poitrine droite. Les poignets et la ceinture sont en polyester souple et \u00e9lastique. La veste est dot\u00e9e d\u2019un col rabattable, d\u2019une hauteur de 8&nbsp;cm. La partie arri\u00e8re est \u00e9quip\u00e9e d\u2019un velcro rouge de 30&nbsp;cm&nbsp;x&nbsp;10&nbsp;cm pour apposer des inscriptions. Sur la manche gauche se trouvent 4&nbsp;petites poches pour stylos. Les manches peuvent \u00eatre retir\u00e9es au moyen d\u2019une fermeture \u00e9clair pour les journ\u00e9es chaudes.<span class=\"Apple-converted-space\">&nbsp;<\/span><\/p>\n<p><b>La veste et le pantalon<\/b> sont parfaits pour l\u2019\u00e9t\u00e9 et les intersaisons. Ils laissent une grande libert\u00e9 de mouvement tout en assurant une tenue optimale et un grand confort.<span class=\"Apple-converted-space\">&nbsp;<\/span><\/p>\n<p>Conforme aux exigences pour les v\u00eatements de protection dans les services de secours.<\/p>\n<p>Le tissu en polyester\/coton durable est facile \u00e0 entretenir et peut \u00eatre lav\u00e9 en machine \u00e0 40&nbsp;degr\u00e9s.<span class=\"Apple-converted-space\">&nbsp;<\/span><\/p>\n<p>Nous proposons \u00e9galement une large gamme de plaques signal\u00e9tiques. Demandez-nous.&nbsp;&nbsp;&nbsp;&nbsp;&nbsp;<\/p>\n<p><strong>Informations sur le produit&nbsp;:<span class=\"Apple-converted-space\">&nbsp;<\/span><\/strong><\/p>\n<ul>\n<li>Mod\u00e8le&nbsp;: ARS-Resque-2022<\/li>\n<li>Mat\u00e9riau&nbsp;: polyester\/tissu de coton<span class=\"Apple-converted-space\">&nbsp;<\/span><\/li>\n<li>R\u00e9f\u00e9rence&nbsp;: pantalon et veste fonctionnels avec manches zipp\u00e9e<\/li>\n<li>Col relev\u00e9 8&nbsp;cm<\/li>\n<li>Diverses bandes r\u00e9fl\u00e9chissantes sur le pourtour du pantalon et de la veste, de 5&nbsp;cm de large, conform\u00e9ment \u00e0 la norme EN ISO 20471<\/li>\n<li>Ourlet de manches avec bordure \u00e9lastique<span class=\"Apple-converted-space\">&nbsp;<\/span><\/li>\n<li>Ceinture avec bordure \u00e9lastique<\/li>\n<li>Zip sur les manches<span class=\"Apple-converted-space\">&nbsp;<\/span><\/li>\n<li>Veste et pantalon \u00e9quip\u00e9s d\u2019une doublure en maille respirante<span class=\"Apple-converted-space\">&nbsp;<\/span><\/li>\n<li>Veste 1&nbsp;poche int\u00e9rieure avec fermeture \u00e9clair<span class=\"Apple-converted-space\">&nbsp;<\/span><\/li>\n<li>Veste 4&nbsp;poches avant avec une fermeture \u00e0 bouton-pression<span class=\"Apple-converted-space\">&nbsp;<\/span><\/li>\n<li>Veste fermeture \u00e9clair YYK avec rallonge zipp\u00e9e et patte de boutonnage<span class=\"Apple-converted-space\">&nbsp;<\/span><\/li>\n<li>Veste fen\u00eatre d\u2019identification \u00e0 gauche, au niveau de la poitrine<span class=\"Apple-converted-space\">&nbsp;<\/span><\/li>\n<li>Veste \u00e0 l\u2019avant, \u00e0 droite et \u00e0 gauche, divers velcros pour les noms et les inscriptions 12&nbsp;cm&nbsp;x&nbsp;4&nbsp;cm et 10&nbsp;cm&nbsp;x&nbsp;2&nbsp;cm<span class=\"Apple-converted-space\">&nbsp;<\/span><\/li>\n<li>Veste rond velcro au milieu \u00e0 droite diam\u00e8tre 9&nbsp;cm.<\/li>\n<li>Veste velcro au dos 30&nbsp;cm&nbsp;x&nbsp;10&nbsp;cm pour les inscriptions<\/li>\n<li>Veste manche gauche 4&nbsp;petites poches pour stylo<\/li>\n<li>GSM&nbsp;: 220 GSM<\/li>\n<li>Poids du pantalon et de la veste&nbsp;: env. 480&nbsp;g<\/li>\n<li>Lavable en machine jusqu\u2019\u00e0 40&nbsp;\u00b0C<span class=\"Apple-converted-space\">&nbsp;<\/span><\/li>\n<li>Couleur de la veste&nbsp;: rouge\/jaune avec r\u00e9flecteurs<span class=\"Apple-converted-space\">&nbsp;<\/span><\/li>\n<li>Couleur du pantalon&nbsp;: rouge\/jaune\/bleu fonc\u00e9 avec r\u00e9flecteurs<\/li>\n<li>\u00c9lastique des deux c\u00f4t\u00e9s \u00e0 la ceinture<span class=\"Apple-converted-space\">&nbsp;<\/span><\/li>\n<li>6&nbsp;boucles de ceinture hauteur 6&nbsp;cm<\/li>\n<li>Comme d\u2019habitude \u2013 une qualit\u00e9 \u00e9lev\u00e9e \u00e0 des prix \u00e9quitables<\/li>\n<li>Tailles pantalon et veste&nbsp;: XS, S, M, L, XL, 2XL, 3XL<span class=\"Apple-converted-space\">&nbsp;<\/span><\/li>\n<\/ul>\n<p><strong>Tailles&nbsp;: Veste&nbsp;:<span class=\"Apple-converted-space\">&nbsp;<\/span><\/strong><\/p>\n<ul>\n<li>Longueur des manches&nbsp;: XS=59&nbsp;cm \/ Small=61&nbsp;cm \/ Medium=63&nbsp;cm \/ Large=65&nbsp;cm \/ XLarge=67&nbsp;cm<\/li>\n<li>2XL=69&nbsp;cm \/ 3XL=71&nbsp;cm<span class=\"Apple-converted-space\">&nbsp;<\/span><\/li>\n<li>Largeur de poitrine&nbsp;: XS=52&nbsp;cm \/ Small=54&nbsp;cm \/ Medium=56&nbsp;cm \/ Large=58&nbsp;cm \/ XLarge=60&nbsp;cm<span class=\"Apple-converted-space\">&nbsp;<\/span><\/li>\n<li>2XL=62&nbsp;cm \/ 3XLarge=64&nbsp;cm<span class=\"Apple-converted-space\">&nbsp;<\/span><\/li>\n<\/ul>\n<p><strong>Tailles&nbsp;: pantalon<\/strong><\/p>\n<ul>\n<li>Longueur&nbsp;: XS= 96&nbsp;cm \/ Small=98&nbsp;cm\/ Medium=100&nbsp;cm \/ Large=96&nbsp;cm \/ XLarge=98&nbsp;cm<span class=\"Apple-converted-space\">&nbsp;<\/span><\/li>\n<li>2XL=100&nbsp;cm \/ 3XL=102&nbsp;cm<\/li>\n<li>Taille&nbsp;: XS=90&nbsp;cm \/ Small=92&nbsp;cm \/ Medium=94&nbsp;cm \/ Large=110&nbsp;cm \/ XLarge=112&nbsp;cm<\/li>\n<li>2XLarge =114&nbsp;cm \/ 3XLarge=116&nbsp;cm<\/li>\n<li>Si aucune de ces tailles ne vous convient, nous les adaptons \u00e0 la demande du client.<span class=\"Apple-converted-space\">&nbsp;<\/span><\/li>\n<\/ul>\n<p>Veuillez nous indiquer vos tailles&nbsp;: info@metal-badge.ch<span class=\"Apple-converted-space\">&nbsp;<\/span><\/p>\n","protected":false},"excerpt":{"rendered":"<p><b><i>Pantalon fonctionnel de sauvetage r\u00e9sistant et veste avec manches zipp\u00e9e dans les couleurs rouge vif-jaune-bleu fonc\u00e9.<\/i><\/b> Fabriqu\u00e9 pour une utilisation quotidienne avec des exigences \u00e9lev\u00e9es pour les organisations d\u2019urgence telles que les services de secours, les services sanitaires, les pompiers, etc.<span class=\"Apple-converted-space\">&nbsp;<\/span><\/p>\n<p>\u00c0 l\u2019int\u00e9rieur, le pantalon et la veste sont \u00e9quip\u00e9s d\u2019une doublure en maille respirante. La veste est dot\u00e9e d\u2019une poche int\u00e9rieure avec une fermeture \u00e9clair. La veste et le pantalon sont \u00e9quip\u00e9s de bandes r\u00e9fl\u00e9chissantes de s\u00e9curit\u00e9 sur tout le pourtour selon la norme EN, EN 20471. Ainsi, le porteur peut \u00eatre facilement visible m\u00eame dans l\u2019obscurit\u00e9 et en cas de mauvaise visibilit\u00e9.<span class=\"Apple-converted-space\">&nbsp;<\/span><\/p>\n","protected":false},"featured_media":131102,"comment_status":"closed","ping_status":"closed","template":"","meta":{"inline_featured_image":false},"product_brand":[],"product_cat":[1606],"product_tag":[],"class_list":{"0":"post-130519","1":"product","2":"type-product","3":"status-publish","4":"has-post-thumbnail","6":"product_cat-vetements-haute-visibilite-et-lumineux","8":"first","9":"instock","10":"taxable","11":"shipping-taxable","12":"purchasable","13":"product-type-simple"},"_links":{"self":[{"href":"https:\/\/metal-badge.ch\/fr\/wp-json\/wp\/v2\/product\/130519","targetHints":{"allow":["GET"]}}],"collection":[{"href":"https:\/\/metal-badge.ch\/fr\/wp-json\/wp\/v2\/product"}],"about":[{"href":"https:\/\/metal-badge.ch\/fr\/wp-json\/wp\/v2\/types\/product"}],"replies":[{"embeddable":true,"href":"https:\/\/metal-badge.ch\/fr\/wp-json\/wp\/v2\/comments?post=130519"}],"wp:featuredmedia":[{"embeddable":true,"href":"https:\/\/metal-badge.ch\/fr\/wp-json\/wp\/v2\/media\/131102"}],"wp:attachment":[{"href":"https:\/\/metal-badge.ch\/fr\/wp-json\/wp\/v2\/media?parent=130519"}],"wp:term":[{"taxonomy":"product_brand","embeddable":true,"href":"https:\/\/metal-badge.ch\/fr\/wp-json\/wp\/v2\/product_brand?post=130519"},{"taxonomy":"product_cat","embeddable":true,"href":"https:\/\/metal-badge.ch\/fr\/wp-json\/wp\/v2\/product_cat?post=130519"},{"taxonomy":"product_tag","embeddable":true,"href":"https:\/\/metal-badge.ch\/fr\/wp-json\/wp\/v2\/product_tag?post=130519"}],"curies":[{"name":"wp","href":"https:\/\/api.w.org\/{rel}","templated":true}]}}