{"id":130437,"date":"2023-10-10T21:40:34","date_gmt":"2023-10-10T19:40:34","guid":{"rendered":"https:\/\/metal-badge.ch\/product\/130437\/pantalon-tactique-pour-cargo-ripstop-noir-2\/"},"modified":"2023-10-20T23:18:44","modified_gmt":"2023-10-20T21:18:44","slug":"pantalon-tactique-pour-cargo-ripstop-noir-2","status":"publish","type":"product","link":"https:\/\/metal-badge.ch\/fr\/product\/130437\/pantalon-tactique-pour-cargo-ripstop-noir-2\/","title":{"rendered":"Pantalon tactique pour cargo ripstop noir"},"content":{"rendered":"<p>Ce pantalon cargo ripstop tactique de couleur noir offre un confort optimal. Durable et ind\u00e9chirable. Fabriqu\u00e9 avec 65 % polyester et 35 % coton 220 gsm. Braguette avec fermeture \u00e9clair et bouton, deux poches revolver avec compartiment \u00e0 velcro et \u00e0 crayon ainsi que deux poches avant droite \/ gauche avec support en plastique pour attacher un trousseau de cl\u00e9s et plus encore. De plus, il y a une poche sur la jambe avec fermeture \u00e9clair et une poche velcro sur le c\u00f4t\u00e9 droit \/ gauche pour les ustensiles d\u2019\u00e9criture, le couteau de poche, le t\u00e9l\u00e9phone portable. Le pantalon est \u00e9quip\u00e9 d\u2019un \u00e9lastique \u00e0 l\u2019arri\u00e8re de la ceinture, offrant ainsi un ajustement encore meilleur. Les passants de ceinture de 5 cm permettent \u00e9galement d\u2019utiliser facilement des ceintures un peu plus larges.<\/p>\n<p><b>Informations du produit :<span class=\"Apple-converted-space\">&nbsp;<\/span><\/b><\/p>\n<ul>\n<li>Mati\u00e8re: 65 % polyester, 35 % coton<\/li>\n<li>Couleur: noir<\/li>\n<li>Ripstop 220 gsm<\/li>\n<li>2 poches revolver avec fermeture velcro et poche pour stylo<\/li>\n<li>2 poches avant, droite \/ gauche avec support en plastique pour fixer un porte-cl\u00e9, etc.<\/li>\n<li>2 poches sur les jambes avec fermeture \u00e9clair, 15 cm (largeur) x 18 cm (hauteur)<\/li>\n<li>2 x poches \u00e0 velcro sur le devant pour les couteaux de poche, le portable, les ustensiles d\u2019\u00e9criture<\/li>\n<li>Taille \u00e9lastique pour un meilleur ajustement<span class=\"Apple-converted-space\">&nbsp;<\/span><\/li>\n<li>Tailles: S, M, L, XL<span class=\"Apple-converted-space\">&nbsp;<\/span><\/li>\n<li>Ajustement normal<\/li>\n<li>Poids: 460 g<\/li>\n<\/ul>\n<p><strong>Tailles: <\/strong><\/p>\n<table style=\"border-collapse: collapse; width: 100%;\">\n<tbody>\n<tr>\n<td style=\"width: 25%; text-align: center;\"><strong>S\/30<\/strong><\/td>\n<td style=\"width: 25%; text-align: center;\"><strong>M\/32<\/strong><\/td>\n<td style=\"width: 25%; text-align: center;\"><strong>L\/34<\/strong><\/td>\n<td style=\"width: 25%; text-align: center;\"><strong>XL\/36 <\/strong><\/td>\n<\/tr>\n<tr>\n<td style=\"width: 25%; text-align: center;\">77cm<\/td>\n<td style=\"width: 25%; text-align: center;\">82cm<\/td>\n<td style=\"width: 25%; text-align: center;\">87cm<\/td>\n<td style=\"width: 25%; text-align: center;\">92cm<\/td>\n<\/tr>\n<tr>\n<td style=\"width: 25%; text-align: center;\">102cm<\/td>\n<td style=\"width: 25%; text-align: center;\">107cm<\/td>\n<td style=\"width: 25%; text-align: center;\">112cm<\/td>\n<td style=\"width: 25%; text-align: center;\">117cm<\/td>\n<\/tr>\n<tr>\n<td style=\"width: 25%; text-align: center;\">19cm<\/td>\n<td style=\"width: 25%; text-align: center;\">20cm<\/td>\n<td style=\"width: 25%; text-align: center;\">21cm<\/td>\n<td style=\"width: 25%; text-align: center;\">22cm<\/td>\n<\/tr>\n<\/tbody>\n<\/table>\n<p>&nbsp;<\/p>\n","protected":false},"excerpt":{"rendered":"<p>Ce pantalon cargo ripstop tactique de couleur noir offre un confort optimal. Durable et ind\u00e9chirable. Fabriqu\u00e9 avec 65 % polyester et 35 % coton 220 gsm. Braguette avec fermeture \u00e9clair et bouton, deux poches revolver avec compartiment \u00e0 velcro et \u00e0 crayon ainsi que deux poches avant droite \/ gauche avec support en plastique pour attacher un trousseau de cl\u00e9s et plus encore. De plus, il y a une poche sur la jambe avec fermeture \u00e9clair et une poche velcro sur le c\u00f4t\u00e9 droit \/ gauche pour les ustensiles d\u2019\u00e9criture, le couteau de poche, le t\u00e9l\u00e9phone portable. Le pantalon est \u00e9quip\u00e9 d\u2019un \u00e9lastique \u00e0 l\u2019arri\u00e8re de la ceinture, offrant ainsi un ajustement encore meilleur. Les passants de ceinture de 5 cm permettent \u00e9galement d\u2019utiliser facilement des ceintures un peu plus larges.<\/p>\n","protected":false},"featured_media":131276,"comment_status":"closed","ping_status":"closed","template":"","meta":{"inline_featured_image":false},"product_brand":[],"product_cat":[1634,1614],"product_tag":[],"class_list":{"0":"post-130437","1":"product","2":"type-product","3":"status-publish","4":"has-post-thumbnail","6":"product_cat-vestes-and-vetements-tactiques-couleurs-de-camouflage","7":"product_cat-pantalons-et-shorts","9":"first","10":"instock","11":"taxable","12":"shipping-taxable","13":"purchasable","14":"product-type-simple"},"_links":{"self":[{"href":"https:\/\/metal-badge.ch\/fr\/wp-json\/wp\/v2\/product\/130437","targetHints":{"allow":["GET"]}}],"collection":[{"href":"https:\/\/metal-badge.ch\/fr\/wp-json\/wp\/v2\/product"}],"about":[{"href":"https:\/\/metal-badge.ch\/fr\/wp-json\/wp\/v2\/types\/product"}],"replies":[{"embeddable":true,"href":"https:\/\/metal-badge.ch\/fr\/wp-json\/wp\/v2\/comments?post=130437"}],"wp:featuredmedia":[{"embeddable":true,"href":"https:\/\/metal-badge.ch\/fr\/wp-json\/wp\/v2\/media\/131276"}],"wp:attachment":[{"href":"https:\/\/metal-badge.ch\/fr\/wp-json\/wp\/v2\/media?parent=130437"}],"wp:term":[{"taxonomy":"product_brand","embeddable":true,"href":"https:\/\/metal-badge.ch\/fr\/wp-json\/wp\/v2\/product_brand?post=130437"},{"taxonomy":"product_cat","embeddable":true,"href":"https:\/\/metal-badge.ch\/fr\/wp-json\/wp\/v2\/product_cat?post=130437"},{"taxonomy":"product_tag","embeddable":true,"href":"https:\/\/metal-badge.ch\/fr\/wp-json\/wp\/v2\/product_tag?post=130437"}],"curies":[{"name":"wp","href":"https:\/\/api.w.org\/{rel}","templated":true}]}}