{"id":130421,"date":"2023-10-10T21:20:45","date_gmt":"2023-10-10T19:20:45","guid":{"rendered":"https:\/\/metal-badge.ch\/product\/130421\/t-shirt-g3-frog-combat-avec-pantalon\/"},"modified":"2023-10-25T19:05:35","modified_gmt":"2023-10-25T17:05:35","slug":"t-shirt-g3-frog-combat-avec-pantalon","status":"publish","type":"product","link":"https:\/\/metal-badge.ch\/fr\/product\/130421\/t-shirt-g3-frog-combat-avec-pantalon\/","title":{"rendered":"T-shirt G3 Frog Combat avec pantalon"},"content":{"rendered":"<p>T-shirt de combat de couleur kaki r\u00e9sistant \u00e0 l\u2019abrasion avec inserts Ripstop. Avec le pantalon de combat assorti. Le t-shirt en polyester \u00e0 65&nbsp;% et 35&nbsp;% coton est m\u00e9lang\u00e9 avec du tissu en t\u00e9flon, ce qui rend ce t-shirt \u00e0 manches longues et ce pantalon particuli\u00e8rement r\u00e9sistants. Col montant rabattable avec fermeture \u00e9clair, poches des deux c\u00f4t\u00e9s avec compartiment int\u00e9rieur et porte-stylo. Les poches aux bras sont munies de velcro \u00e0 l\u2019ext\u00e9rieur pour les patchs. Poignets r\u00e9glables avec velcro. Fente au niveau des coudes pour les inserts rembourr\u00e9s. Les coussinets des coudes et des genoux peuvent \u00eatre retir\u00e9s gr\u00e2ce au velcro.<\/p>\n<p>Le pantalon est \u00e9quip\u00e9 de deux poches sur les fesses avec fermeture \u00e9clair. Le tissu Ripstop r\u00e9sistant \u00e0 la d\u00e9chirure garantit la long\u00e9vit\u00e9 du pantalon de combat. Deux poches avant ainsi que deux poches lat\u00e9rales sup\u00e9rieures sur les jambes avec fermeture velcro et deux autres poches avant avec fermeture velcro offrent suffisamment d\u2019espace de rangement. Le pantalon peut \u00eatre ajust\u00e9 au moyen de velcro \u00e0 la taille, \u00e0 la jambe et au creux du genou. Les genoux sont prot\u00e9g\u00e9s par deux protections qui se mettent en place \u00e0 l\u2019aide d\u2019une fente velcro.<span class=\"Apple-converted-space\">&nbsp;<\/span><\/p>\n<p>Deux anneaux en plastique \u00ab&nbsp;Triangle&nbsp;\u00bb sont \u00e9galement fix\u00e9s aux deux boucles de ceinture avant pour la fixation des cl\u00e9s, etc.<span class=\"Apple-converted-space\">&nbsp;<\/span><\/p>\n<p><strong>Informations sur le produit&nbsp;:<span class=\"Apple-converted-space\">&nbsp;<\/span><\/strong><\/p>\n<ul>\n<li>Mod\u00e8le&nbsp;: uniforme 3 Frog Combat<span class=\"Apple-converted-space\">&nbsp;<\/span><\/li>\n<li>Type&nbsp;: maillot \u00e0 manches longues avec pantalon<\/li>\n<li>Couleur&nbsp;: kaki<span class=\"Apple-converted-space\">&nbsp;<\/span><\/li>\n<li>Mat\u00e9riau&nbsp;: 65&nbsp;% polyester 35&nbsp;% coton avec renfort Ripstop et tissu en t\u00e9flon<\/li>\n<li>Col montant \u00e0 rabattre avec fermeture \u00e9clair<\/li>\n<li>Tissu robuste et r\u00e9sistant \u00e0 l\u2019abrasion<\/li>\n<li>Rembourrage au niveau du coude avec fente<\/li>\n<li>Poches des deux c\u00f4t\u00e9s avec compartiment int\u00e9rieur et porte-stylo<\/li>\n<li>Poignets r\u00e9glables gr\u00e2ce au velcro<\/li>\n<li>Tissu Ripstop respirant,<\/li>\n<li>Double couture<\/li>\n<li>Le rembourrage du genou est amovible<\/li>\n<li>Poids&nbsp;: 175&nbsp;GSM<span class=\"Apple-converted-space\">&nbsp;<\/span><\/li>\n<li>Tailles&nbsp;: S, M, L, XL, 2XL<\/li>\n<\/ul>\n<p>&nbsp;<\/p>\n<p>Deuxi\u00e8me \u00e9tape&nbsp;: d\u00e9terminez votre taille<\/p>\n<p>Vous trouverez la bonne taille pour un sweat ou un pantalon en fonction des dimensions que vous avez d\u00e9termin\u00e9es dans le tableau des tailles ci-dessous.<span class=\"Apple-converted-space\">&nbsp;<\/span><\/p>\n<p><strong>Tableau des tailles du maillot&nbsp;:<\/strong><\/p>\n<table style=\"border-collapse: collapse; width: 100%; height: 96px;\">\n<tbody>\n<tr style=\"height: 24px;\">\n<td style=\"width: 14.285714%; height: 24px;\">&nbsp;<\/td>\n<td style=\"width: 14.285714%; text-align: center; height: 24px;\"><b>S<\/b><\/td>\n<td style=\"width: 14.285714%; text-align: center; height: 24px;\"><b>M<\/b><\/td>\n<td style=\"width: 14.285714%; text-align: center; height: 24px;\"><b>L<\/b><\/td>\n<td style=\"width: 14.285714%; text-align: center; height: 24px;\"><b>XL<\/b><\/td>\n<td style=\"width: 14.285714%; text-align: center; height: 24px;\"><b>2XL<\/b><\/td>\n<\/tr>\n<tr style=\"height: 24px;\">\n<td style=\"width: 14.285714%; height: 24px; text-align: center;\"><b>A:<\/b><span class=\"Apple-converted-space\">&nbsp;<\/span><\/td>\n<td style=\"width: 14.285714%; height: 24px; text-align: center;\">64.5cm<\/td>\n<td style=\"width: 14.285714%; height: 24px; text-align: center;\">66.5cm <span class=\"Apple-converted-space\">&nbsp;<\/span><\/td>\n<td style=\"width: 14.285714%; height: 24px; text-align: center;\">68.5cm<\/td>\n<td style=\"width: 14.285714%; height: 24px; text-align: center;\">70.5cm<\/td>\n<td style=\"width: 14.285714%; height: 24px; text-align: center;\">72.5cm<\/td>\n<\/tr>\n<tr style=\"height: 24px;\">\n<td style=\"width: 14.285714%; height: 24px; text-align: center;\"><b>B:<\/b><\/td>\n<td style=\"width: 14.285714%; height: 24px; text-align: center;\">52.5cm<\/td>\n<td style=\"width: 14.285714%; height: 24px; text-align: center;\">55cm<span class=\"Apple-converted-space\">&nbsp; <\/span><\/td>\n<td style=\"width: 14.285714%; height: 24px; text-align: center;\">57.5cm<\/td>\n<td style=\"width: 14.285714%; height: 24px; text-align: center;\">60cm<\/td>\n<td style=\"width: 14.285714%; height: 24px; text-align: center;\">62.5cm<\/td>\n<\/tr>\n<tr style=\"height: 24px;\">\n<td style=\"width: 14.285714%; height: 24px; text-align: center;\"><b>E:<\/b> <span class=\"Apple-converted-space\">&nbsp;<\/span><\/td>\n<td style=\"width: 14.285714%; height: 24px; text-align: center;\">78cm<\/td>\n<td style=\"width: 14.285714%; height: 24px; text-align: center;\">79.5cm<\/td>\n<td style=\"width: 14.285714%; height: 24px; text-align: center;\">81cm<\/td>\n<td style=\"width: 14.285714%; height: 24px; text-align: center;\">82.5cm<span class=\"Apple-converted-space\">&nbsp;<\/span><\/td>\n<td style=\"width: 14.285714%; height: 24px; text-align: center;\">84cm<\/td>\n<\/tr>\n<\/tbody>\n<\/table>\n<p><strong>Tableau des tailles du pantalon&nbsp;:<\/strong><\/p>\n<table style=\"border-collapse: collapse; width: 100%;\">\n<tbody>\n<tr>\n<td style=\"width: 14.285714%;\">&nbsp;<\/td>\n<td style=\"width: 14.285714%; text-align: center;\"><strong>S\/30<\/strong><\/td>\n<td style=\"width: 14.285714%; text-align: center;\"><strong>M\/32<span class=\"Apple-converted-space\">&nbsp;<\/span><\/strong><\/td>\n<td style=\"width: 14.285714%; text-align: center;\"><strong>L\/34<\/strong><\/td>\n<td style=\"width: 14.285714%; text-align: center;\"><strong>XL\/36<\/strong><\/td>\n<td style=\"width: 14.285714%; text-align: center;\"><strong>2XL\/38<\/strong><\/td>\n<\/tr>\n<tr>\n<td style=\"width: 14.285714%; text-align: center;\"><strong>A Longueur jambe&nbsp;:<\/strong><\/td>\n<td style=\"width: 14.285714%; text-align: center;\">103cm<\/td>\n<td style=\"width: 14.285714%; text-align: center;\">103cm<\/td>\n<td style=\"width: 14.285714%; text-align: center;\">107cm<\/td>\n<td style=\"width: 14.285714%; text-align: center;\">109cm<\/td>\n<td style=\"width: 14.285714%; text-align: center;\">111cm<\/td>\n<\/tr>\n<\/tbody>\n<\/table>\n<p>&nbsp;<\/p>\n","protected":false},"excerpt":{"rendered":"<p>T-shirt de combat de couleur kaki r\u00e9sistant \u00e0 l\u2019abrasion avec inserts Ripstop. Avec le pantalon de combat assorti. Le t-shirt en polyester \u00e0 65&nbsp;% et 35&nbsp;% coton est m\u00e9lang\u00e9 avec du tissu en t\u00e9flon, ce qui rend ce t-shirt \u00e0 manches longues et ce pantalon particuli\u00e8rement r\u00e9sistants. Col montant rabattable avec fermeture \u00e9clair, poches des deux c\u00f4t\u00e9s avec compartiment int\u00e9rieur et porte-stylo. Les poches aux bras sont munies de velcro \u00e0 l\u2019ext\u00e9rieur pour les patchs. Poignets r\u00e9glables avec velcro. Fente au niveau des coudes pour les inserts rembourr\u00e9s. Les coussinets des coudes et des genoux peuvent \u00eatre retir\u00e9s gr\u00e2ce au velcro.<\/p>\n<p>Le pantalon est \u00e9quip\u00e9 de deux poches sur les fesses avec fermeture \u00e9clair. Le tissu Ripstop r\u00e9sistant \u00e0 la d\u00e9chirure garantit la long\u00e9vit\u00e9 du pantalon de combat. Deux poches avant ainsi que deux poches lat\u00e9rales sup\u00e9rieures sur les jambes avec fermeture velcro et deux autres poches avant avec fermeture velcro offrent suffisamment d\u2019espace de rangement. Le pantalon peut \u00eatre ajust\u00e9 au moyen de velcro \u00e0 la taille, \u00e0 la jambe et au creux du genou. Les genoux sont prot\u00e9g\u00e9s par deux protections qui se mettent en place \u00e0 l\u2019aide d\u2019une fente velcro.<span class=\"Apple-converted-space\">&nbsp;<\/span><\/p>\n","protected":false},"featured_media":131214,"comment_status":"closed","ping_status":"closed","template":"","meta":{"inline_featured_image":false},"product_brand":[],"product_cat":[1634,1614],"product_tag":[],"class_list":{"0":"post-130421","1":"product","2":"type-product","3":"status-publish","4":"has-post-thumbnail","6":"product_cat-vestes-and-vetements-tactiques-couleurs-de-camouflage","7":"product_cat-pantalons-et-shorts","9":"first","10":"instock","11":"taxable","12":"shipping-taxable","13":"purchasable","14":"product-type-simple"},"_links":{"self":[{"href":"https:\/\/metal-badge.ch\/fr\/wp-json\/wp\/v2\/product\/130421","targetHints":{"allow":["GET"]}}],"collection":[{"href":"https:\/\/metal-badge.ch\/fr\/wp-json\/wp\/v2\/product"}],"about":[{"href":"https:\/\/metal-badge.ch\/fr\/wp-json\/wp\/v2\/types\/product"}],"replies":[{"embeddable":true,"href":"https:\/\/metal-badge.ch\/fr\/wp-json\/wp\/v2\/comments?post=130421"}],"wp:featuredmedia":[{"embeddable":true,"href":"https:\/\/metal-badge.ch\/fr\/wp-json\/wp\/v2\/media\/131214"}],"wp:attachment":[{"href":"https:\/\/metal-badge.ch\/fr\/wp-json\/wp\/v2\/media?parent=130421"}],"wp:term":[{"taxonomy":"product_brand","embeddable":true,"href":"https:\/\/metal-badge.ch\/fr\/wp-json\/wp\/v2\/product_brand?post=130421"},{"taxonomy":"product_cat","embeddable":true,"href":"https:\/\/metal-badge.ch\/fr\/wp-json\/wp\/v2\/product_cat?post=130421"},{"taxonomy":"product_tag","embeddable":true,"href":"https:\/\/metal-badge.ch\/fr\/wp-json\/wp\/v2\/product_tag?post=130421"}],"curies":[{"name":"wp","href":"https:\/\/api.w.org\/{rel}","templated":true}]}}