{"id":130173,"date":"2023-10-10T05:26:14","date_gmt":"2023-10-10T03:26:14","guid":{"rendered":"https:\/\/metal-badge.ch\/product\/130173\/tensiometre-de-poignet-axd-113-avec-ecran-led\/"},"modified":"2023-10-10T06:03:26","modified_gmt":"2023-10-10T04:03:26","slug":"tensiometre-de-poignet-axd-113-avec-ecran-led","status":"publish","type":"product","link":"https:\/\/metal-badge.ch\/fr\/product\/130173\/tensiometre-de-poignet-axd-113-avec-ecran-led\/","title":{"rendered":"Tensiom\u00e8tre de poignet AXD-113 avec \u00e9cran LED"},"content":{"rendered":"<p>L\u2019AXD-113 est un tensiom\u00e8tre destin\u00e9 \u00e0 mesurer la pression art\u00e9rielle au poignet. En principe, vous devriez si possible toujours mesurer votre tension art\u00e9rielle \u00e0 la m\u00eame heure et dans les m\u00eames conditions. Une pression sur un bouton pour obtenir un r\u00e9sultat pr\u00e9cis&nbsp;: placez le tensiom\u00e8tre compact sur votre poignet et d\u00e9marrez la mesure de la tension art\u00e9rielle. L\u2019appareil fonctionne de mani\u00e8re enti\u00e8rement automatique et mesure votre tension art\u00e9rielle et votre pouls. Vous pouvez lire les r\u00e9sultats directement sur l\u2019\u00e9cran LCD. La grande pr\u00e9cision du principe de mesure est attest\u00e9e par des \u00e9tudes cliniques men\u00e9es selon les normes internationales. L\u2019affichage num\u00e9rique indique non seulement la systole, la diastole et le pouls, mais aussi la date et l\u2019heure. Il est possible d\u2019enregistrer les r\u00e9sultats de mesure de deux utilisateurs, qui disposent chacun de 90&nbsp;emplacements de m\u00e9moire. En outre, l\u2019\u00ab&nbsp;Audio Voice&nbsp;\u00bb peut \u00eatre activ\u00e9e en anglais. Avec le bouton ON\/OFF, vous \u00eates inform\u00e9 de tous les r\u00e9sultats et de la proc\u00e9dure en anglais. Cette fonction peut \u00eatre activ\u00e9e ou d\u00e9sactiv\u00e9e par simple pression sur un bouton.<\/p>\n<p>M\u00e9thode de mesure : oscillom\u00e9trique, mesure non invasive de la pression art\u00e9rielle au niveau du poignet.<br \/>\nPlage de mesure&nbsp;: pression du brassard 0-299&nbsp;mmHg, systolique 50-280&nbsp;mmHg, diastolique 30-200&nbsp;mmHg, pouls 40-180&nbsp;battements\/minute. Pr\u00e9cision de l\u2019affichage&nbsp;: systolique \u00b13&nbsp;mmHg, diastolique \u00b13&nbsp;mmHg, battements \u00b15&nbsp;% de la valeur affich\u00e9e. Le tensiom\u00e8tre AXD-113 dispose d\u2019un contr\u00f4le optimal de la vitesse et de la pression et d\u2019une technologie avanc\u00e9e qui fournit des r\u00e9sultats pr\u00e9cis. L\u2019appareil est con\u00e7u pour \u00eatre utilis\u00e9 \u00e0 la maison, ce qui permet de contr\u00f4ler facilement les valeurs au quotidien. Le tensiom\u00e8tre est charg\u00e9 via un c\u00e2ble USB depuis le r\u00e9seau ou un PC. Le c\u00e2ble de charge et la fiche sont inclus dans le prix. Une bo\u00eete de rangement est \u00e9galement incluse dans le prix.<\/p>\n<p><strong>Informations sur le produit&nbsp;:<span class=\"Apple-converted-space\">&nbsp;<\/span><\/strong><\/p>\n<ul>\n<li>R\u00e9f\u00e9rence&nbsp;: tensiom\u00e8tre au poignet<span class=\"Apple-converted-space\">&nbsp;<\/span><\/li>\n<li>Mod\u00e8le&nbsp;: AXD-113<\/li>\n<li>Couleur&nbsp;: noir<\/li>\n<li>\u00c9cran LED<span class=\"Apple-converted-space\">&nbsp;<\/span><\/li>\n<li>Voix audio&nbsp;: commutable en anglais fonction ON\/OFF<\/li>\n<li>M\u00e9thode de mesure&nbsp;: oscillom\u00e9trique<span class=\"Apple-converted-space\">&nbsp;<\/span><\/li>\n<li>Mesure enti\u00e8rement automatique de la pression art\u00e9rielle et du pouls au poignet<span class=\"Apple-converted-space\">&nbsp;<\/span><\/li>\n<li>Affichage de la pression systolique et diastolique, du pouls, de la date et de l\u2019heure<\/li>\n<li>Id\u00e9al pour la mesure et le contr\u00f4le quotidiens de la pression art\u00e9rielle<\/li>\n<li>Manipulation facile et lecture s\u00fbre<\/li>\n<li>Indicateur de risque (selon la classification de l\u2019OMS)<\/li>\n<li>\u00c9cran facile \u00e0 lire<\/li>\n<li>Facile \u00e0 utiliser<span class=\"Apple-converted-space\">&nbsp;<\/span><\/li>\n<li>Pr\u00e9s\u00e9lection automatique de la pression et \u00e9vacuation de l\u2019air<\/li>\n<li>90&nbsp;emplacements de m\u00e9moire chacun pour 2&nbsp;utilisateurs<\/li>\n<li>L\u2019appareil se charge via un c\u00e2ble USB<\/li>\n<li>La fiche et le c\u00e2ble sont inclus dans le prix<span class=\"Apple-converted-space\">&nbsp;<\/span><\/li>\n<li>Plage de mesure du pouls&nbsp;: 40 \u00e0 180&nbsp;battements\/min.&nbsp;<\/li>\n<li>Pression du brassard 0-280&nbsp;mmHg<\/li>\n<li>systolique 50-299&nbsp;mmHg<\/li>\n<li>diastolique 30-200 \u00b13&nbsp;mmHg<\/li>\n<li>\u00c9cart de mesure maximal de la pression statique&nbsp;: \u00b1 3&nbsp;mmHg<\/li>\n<li>G\u00e9n\u00e9ration de pression&nbsp;: automatique avec pompe&nbsp;<\/li>\n<li>Arr\u00eat autom.&nbsp;: apr\u00e8s environ 1&nbsp;min.&nbsp;<\/li>\n<li>Message en cas d\u2019erreur d\u2019application<\/li>\n<li>Dimensions du produit (L&nbsp;x&nbsp;l&nbsp;x&nbsp;H)&nbsp;: 80&nbsp;x&nbsp;70&nbsp;x&nbsp;30&nbsp;mm<\/li>\n<li>Poids du produit&nbsp;: env. 115&nbsp;g (avec manchon)<\/li>\n<li>Bo\u00eete de rangement<span class=\"Apple-converted-space\">&nbsp;<\/span><\/li>\n<\/ul>\n","protected":false},"excerpt":{"rendered":"<p>L\u2019AXD-113 est un tensiom\u00e8tre destin\u00e9 \u00e0 mesurer la pression art\u00e9rielle au poignet. En principe, vous devriez si possible toujours mesurer votre tension art\u00e9rielle \u00e0 la m\u00eame heure et dans les m\u00eames conditions. Une pression sur un bouton pour obtenir un r\u00e9sultat pr\u00e9cis&nbsp;: placez le tensiom\u00e8tre compact sur votre poignet et d\u00e9marrez la mesure de la tension art\u00e9rielle. L\u2019appareil fonctionne de mani\u00e8re enti\u00e8rement automatique et mesure votre tension art\u00e9rielle et votre pouls. Vous pouvez lire les r\u00e9sultats directement sur l\u2019\u00e9cran LCD. La grande pr\u00e9cision du principe de mesure est attest\u00e9e par des \u00e9tudes cliniques men\u00e9es selon les normes internationales. L\u2019affichage num\u00e9rique indique non seulement la systole, la diastole et le pouls, mais aussi la date et l\u2019heure. Il est possible d\u2019enregistrer les r\u00e9sultats de mesure de deux utilisateurs, qui disposent chacun de 90&nbsp;emplacements de m\u00e9moire. En outre, l\u2019\u00ab&nbsp;Audio Voice&nbsp;\u00bb peut \u00eatre activ\u00e9e en anglais. Avec le bouton ON\/OFF, vous \u00eates inform\u00e9 de tous les r\u00e9sultats et de la proc\u00e9dure en anglais. Cette fonction peut \u00eatre activ\u00e9e ou d\u00e9sactiv\u00e9e par simple pression sur un bouton.<\/p>\n","protected":false},"featured_media":130158,"comment_status":"closed","ping_status":"closed","template":"","meta":{"inline_featured_image":false},"product_brand":[],"product_cat":[1946,887,1435],"product_tag":[1785],"class_list":{"0":"post-130173","1":"product","2":"type-product","3":"status-publish","4":"has-post-thumbnail","6":"product_cat-organisations-lumiere-bleue-securite","7":"product_cat-accessoires","8":"product_cat-camping-voyage","9":"product_tag-premiers-secours-sauvetage","11":"first","12":"instock","13":"taxable","14":"shipping-taxable","15":"purchasable","16":"product-type-simple"},"_links":{"self":[{"href":"https:\/\/metal-badge.ch\/fr\/wp-json\/wp\/v2\/product\/130173","targetHints":{"allow":["GET"]}}],"collection":[{"href":"https:\/\/metal-badge.ch\/fr\/wp-json\/wp\/v2\/product"}],"about":[{"href":"https:\/\/metal-badge.ch\/fr\/wp-json\/wp\/v2\/types\/product"}],"replies":[{"embeddable":true,"href":"https:\/\/metal-badge.ch\/fr\/wp-json\/wp\/v2\/comments?post=130173"}],"wp:featuredmedia":[{"embeddable":true,"href":"https:\/\/metal-badge.ch\/fr\/wp-json\/wp\/v2\/media\/130158"}],"wp:attachment":[{"href":"https:\/\/metal-badge.ch\/fr\/wp-json\/wp\/v2\/media?parent=130173"}],"wp:term":[{"taxonomy":"product_brand","embeddable":true,"href":"https:\/\/metal-badge.ch\/fr\/wp-json\/wp\/v2\/product_brand?post=130173"},{"taxonomy":"product_cat","embeddable":true,"href":"https:\/\/metal-badge.ch\/fr\/wp-json\/wp\/v2\/product_cat?post=130173"},{"taxonomy":"product_tag","embeddable":true,"href":"https:\/\/metal-badge.ch\/fr\/wp-json\/wp\/v2\/product_tag?post=130173"}],"curies":[{"name":"wp","href":"https:\/\/api.w.org\/{rel}","templated":true}]}}