{"id":129870,"date":"2023-10-06T18:45:52","date_gmt":"2023-10-06T16:45:52","guid":{"rendered":"https:\/\/metal-badge.ch\/?post_type=product&#038;p=129870"},"modified":"2023-12-27T02:57:04","modified_gmt":"2023-12-27T01:57:04","slug":"hache-coupe-pizza-forgee-a-la-main-sj-ax-2001","status":"publish","type":"product","link":"https:\/\/metal-badge.ch\/fr\/product\/129870\/hache-coupe-pizza-forgee-a-la-main-sj-ax-2001\/","title":{"rendered":"Hache coupe-pizza forg\u00e9e \u00e0 la main \u2013 SJ-AX-2001"},"content":{"rendered":"<p>Hache coupe-pizza forg\u00e9e \u00e0 la main en acier au carbone 1095. Le manche est en bois de fr\u00eane courb\u00e9. Cette hache coupe-pizza tient tr\u00e8s bien dans la main et nous la livrons dans un beau fourreau en cuir. &nbsp;<\/p>\n<p><strong>Informations sur le produit&nbsp;:<\/strong><\/p>\n<ul>\n<li>Mod\u00e8le&nbsp;: hache \u00e0 lancer et de combat SJ-AX-2001<\/li>\n<li>Mat\u00e9riau&nbsp;: acier au carbone 1095<\/li>\n<li>Forg\u00e9e \u00e0 la main&nbsp;<\/li>\n<li>Manche&nbsp;: bois de fr\u00eane&nbsp;<span class=\"Apple-converted-space\">&nbsp;<\/span><\/li>\n<li>Longueur&nbsp;: 13&nbsp;cm<\/li>\n<li>Poids&nbsp;: 800&nbsp;g.<\/li>\n<li>Fourreau en cuir cousu \u00e0 la main&nbsp;<\/li>\n<li>Hauteur de la lame de la hache&nbsp;: 24&nbsp;cm<\/li>\n<li>Largeur de la lame de la hache&nbsp;: 13&nbsp;cm<\/li>\n<\/ul>\n","protected":false},"excerpt":{"rendered":"<p>Hache coupe-pizza forg\u00e9e \u00e0 la main en acier au carbone 1095. Le manche est en bois de fr\u00eane courb\u00e9. Cette hache coupe-pizza tient tr\u00e8s bien dans la main et nous la livrons dans un beau fourreau en cuir.<\/p>\n","protected":false},"featured_media":134789,"comment_status":"closed","ping_status":"closed","template":"","meta":{"inline_featured_image":false},"product_brand":[],"product_cat":[1347,1435,1035],"product_tag":[1769],"class_list":{"0":"post-129870","1":"product","2":"type-product","3":"status-publish","4":"has-post-thumbnail","6":"product_cat-accessoires-militaires-de-chasse","7":"product_cat-camping-voyage","8":"product_cat-couteaux-machettes","9":"product_tag-army-survival-fr","11":"first","12":"instock","13":"taxable","14":"shipping-taxable","15":"purchasable","16":"product-type-simple"},"_links":{"self":[{"href":"https:\/\/metal-badge.ch\/fr\/wp-json\/wp\/v2\/product\/129870","targetHints":{"allow":["GET"]}}],"collection":[{"href":"https:\/\/metal-badge.ch\/fr\/wp-json\/wp\/v2\/product"}],"about":[{"href":"https:\/\/metal-badge.ch\/fr\/wp-json\/wp\/v2\/types\/product"}],"replies":[{"embeddable":true,"href":"https:\/\/metal-badge.ch\/fr\/wp-json\/wp\/v2\/comments?post=129870"}],"wp:featuredmedia":[{"embeddable":true,"href":"https:\/\/metal-badge.ch\/fr\/wp-json\/wp\/v2\/media\/134789"}],"wp:attachment":[{"href":"https:\/\/metal-badge.ch\/fr\/wp-json\/wp\/v2\/media?parent=129870"}],"wp:term":[{"taxonomy":"product_brand","embeddable":true,"href":"https:\/\/metal-badge.ch\/fr\/wp-json\/wp\/v2\/product_brand?post=129870"},{"taxonomy":"product_cat","embeddable":true,"href":"https:\/\/metal-badge.ch\/fr\/wp-json\/wp\/v2\/product_cat?post=129870"},{"taxonomy":"product_tag","embeddable":true,"href":"https:\/\/metal-badge.ch\/fr\/wp-json\/wp\/v2\/product_tag?post=129870"}],"curies":[{"name":"wp","href":"https:\/\/api.w.org\/{rel}","templated":true}]}}