{"id":129846,"date":"2023-10-06T18:31:18","date_gmt":"2023-10-06T16:31:19","guid":{"rendered":"https:\/\/metal-badge.ch\/?post_type=product&#038;p=129846"},"modified":"2023-10-06T18:41:25","modified_gmt":"2023-10-06T16:41:25","slug":"hache-viking-forgee-a-la-main-pour-le-lancer-et-le-combat-sj-ax-1109","status":"publish","type":"product","link":"https:\/\/metal-badge.ch\/fr\/product\/129846\/hache-viking-forgee-a-la-main-pour-le-lancer-et-le-combat-sj-ax-1109\/","title":{"rendered":"Hache viking forg\u00e9e \u00e0 la main pour le lancer et le combat &#8211; SJ-AX-1109"},"content":{"rendered":"<p>Hache viking forg\u00e9e \u00e0 la main pour le lancer et le combat en acier au carbone 1095. Le manche est en bois de fr\u00eane courb\u00e9. Manche en bois avec lani\u00e8res en cuir tress\u00e9. Dragonne \u00e9galement en cuir tress\u00e9. Ces mod\u00e8les ont \u00e9t\u00e9 utilis\u00e9s par les Vikings comme outil de travail et arme de guerre.&nbsp;<\/p>\n<p><strong>Informations sur le produit&nbsp;:<\/strong><\/p>\n<ul>\n<li>Mod\u00e8le&nbsp;: hache \u00e0 lancer et de combat SJ-AX-1109<\/li>\n<li>Mat\u00e9riau&nbsp;: acier au carbone 1095<\/li>\n<li>Forg\u00e9e \u00e0 la main&nbsp;<\/li>\n<li>Manche&nbsp;: bois de fr\u00eane br\u00fbl\u00e9<\/li>\n<li>Longueur&nbsp;: 44&nbsp;cm<\/li>\n<li>Poids&nbsp;: 1&nbsp;080&nbsp;g.&nbsp;<\/li>\n<li>Fourreau en cuir cousu \u00e0 la main&nbsp;<\/li>\n<li>Manche en bois avec lani\u00e8res en cuir tress\u00e9<\/li>\n<li>Dragonne en cuir tress\u00e9<\/li>\n<li>Hauteur de la lame de la hache&nbsp;: 14&nbsp;cm<\/li>\n<li>Largeur de la lame de la hache&nbsp;: 17&nbsp;cm<\/li>\n<\/ul>\n","protected":false},"excerpt":{"rendered":"<p>Hache viking forg\u00e9e \u00e0 la main pour le lancer et le combat en acier au carbone 1095. Le manche est en bois de fr\u00eane courb\u00e9. Manche en bois avec lani\u00e8res en cuir tress\u00e9. Dragonne \u00e9galement en cuir tress\u00e9. Ces mod\u00e8les ont \u00e9t\u00e9 utilis\u00e9s par les Vikings comme outil de travail et arme de guerre.&nbsp;<\/p>\n","protected":false},"featured_media":129850,"comment_status":"closed","ping_status":"closed","template":"","meta":{"inline_featured_image":false},"product_brand":[],"product_cat":[1347,1435,1035],"product_tag":[1769],"class_list":{"0":"post-129846","1":"product","2":"type-product","3":"status-publish","4":"has-post-thumbnail","6":"product_cat-accessoires-militaires-de-chasse","7":"product_cat-camping-voyage","8":"product_cat-couteaux-machettes","9":"product_tag-army-survival-fr","11":"first","12":"instock","13":"taxable","14":"shipping-taxable","15":"purchasable","16":"product-type-simple"},"_links":{"self":[{"href":"https:\/\/metal-badge.ch\/fr\/wp-json\/wp\/v2\/product\/129846","targetHints":{"allow":["GET"]}}],"collection":[{"href":"https:\/\/metal-badge.ch\/fr\/wp-json\/wp\/v2\/product"}],"about":[{"href":"https:\/\/metal-badge.ch\/fr\/wp-json\/wp\/v2\/types\/product"}],"replies":[{"embeddable":true,"href":"https:\/\/metal-badge.ch\/fr\/wp-json\/wp\/v2\/comments?post=129846"}],"wp:featuredmedia":[{"embeddable":true,"href":"https:\/\/metal-badge.ch\/fr\/wp-json\/wp\/v2\/media\/129850"}],"wp:attachment":[{"href":"https:\/\/metal-badge.ch\/fr\/wp-json\/wp\/v2\/media?parent=129846"}],"wp:term":[{"taxonomy":"product_brand","embeddable":true,"href":"https:\/\/metal-badge.ch\/fr\/wp-json\/wp\/v2\/product_brand?post=129846"},{"taxonomy":"product_cat","embeddable":true,"href":"https:\/\/metal-badge.ch\/fr\/wp-json\/wp\/v2\/product_cat?post=129846"},{"taxonomy":"product_tag","embeddable":true,"href":"https:\/\/metal-badge.ch\/fr\/wp-json\/wp\/v2\/product_tag?post=129846"}],"curies":[{"name":"wp","href":"https:\/\/api.w.org\/{rel}","templated":true}]}}