{"id":129740,"date":"2023-10-03T21:14:04","date_gmt":"2023-10-03T19:14:05","guid":{"rendered":"https:\/\/metal-badge.ch\/?post_type=product&#038;p=129740"},"modified":"2023-10-03T21:23:57","modified_gmt":"2023-10-03T19:23:57","slug":"hache-viking-forgee-a-la-main-pour-le-lancer-et-le-combat-sj-ax-1053","status":"publish","type":"product","link":"https:\/\/metal-badge.ch\/fr\/product\/129740\/hache-viking-forgee-a-la-main-pour-le-lancer-et-le-combat-sj-ax-1053\/","title":{"rendered":"Hache viking forg\u00e9e \u00e0 la main pour le lancer et le combat &#8211; SJ-AX-1053"},"content":{"rendered":"<p>Hache viking forg\u00e9e \u00e0 la main pour le lancer et le combat en acier au carbone 1095. Le manche est en bois de rose noble et courb\u00e9. Ces mod\u00e8les ont \u00e9t\u00e9 utilis\u00e9s par les Vikings comme outil de travail et arme de guerre.&nbsp;<\/p>\n<p><strong>Informations sur le produit&nbsp;:<\/strong><\/p>\n<ul>\n<li>Mod\u00e8le&nbsp;: hacher \u00e0 lancer et de combat SJ-AX-1053<\/li>\n<li>Mat\u00e9riau&nbsp;: acier Damas 1095<\/li>\n<li>Forg\u00e9e \u00e0 la main&nbsp;<\/li>\n<li>Manche&nbsp;: bois de rose noble et courb\u00e9, poli<span class=\"Apple-converted-space\">&nbsp;<\/span><\/li>\n<li>Longueur&nbsp;: 47&nbsp;cm<\/li>\n<li>Poids&nbsp;: 1&nbsp;350 g.&nbsp;<\/li>\n<li>Fourreau en cuir cousu \u00e0 la main&nbsp;<\/li>\n<li>Hauteur de la lame de la hache&nbsp;: 17&nbsp;cm<\/li>\n<li>Largeur de la lame de la hache&nbsp;: 27&nbsp;cm<\/li>\n<\/ul>\n","protected":false},"excerpt":{"rendered":"<p>Hache viking forg\u00e9e \u00e0 la main pour le lancer et le combat en acier au carbone 1095. Le manche est en bois de rose noble et courb\u00e9. Ces mod\u00e8les ont \u00e9t\u00e9 utilis\u00e9s par les Vikings comme outil de travail et arme de guerre.&nbsp;<\/p>\n","protected":false},"featured_media":129744,"comment_status":"closed","ping_status":"closed","template":"","meta":{"inline_featured_image":false},"product_brand":[],"product_cat":[1347,1435,1035],"product_tag":[1769],"class_list":{"0":"post-129740","1":"product","2":"type-product","3":"status-publish","4":"has-post-thumbnail","6":"product_cat-accessoires-militaires-de-chasse","7":"product_cat-camping-voyage","8":"product_cat-couteaux-machettes","9":"product_tag-army-survival-fr","11":"first","12":"instock","13":"taxable","14":"shipping-taxable","15":"purchasable","16":"product-type-simple"},"_links":{"self":[{"href":"https:\/\/metal-badge.ch\/fr\/wp-json\/wp\/v2\/product\/129740","targetHints":{"allow":["GET"]}}],"collection":[{"href":"https:\/\/metal-badge.ch\/fr\/wp-json\/wp\/v2\/product"}],"about":[{"href":"https:\/\/metal-badge.ch\/fr\/wp-json\/wp\/v2\/types\/product"}],"replies":[{"embeddable":true,"href":"https:\/\/metal-badge.ch\/fr\/wp-json\/wp\/v2\/comments?post=129740"}],"wp:featuredmedia":[{"embeddable":true,"href":"https:\/\/metal-badge.ch\/fr\/wp-json\/wp\/v2\/media\/129744"}],"wp:attachment":[{"href":"https:\/\/metal-badge.ch\/fr\/wp-json\/wp\/v2\/media?parent=129740"}],"wp:term":[{"taxonomy":"product_brand","embeddable":true,"href":"https:\/\/metal-badge.ch\/fr\/wp-json\/wp\/v2\/product_brand?post=129740"},{"taxonomy":"product_cat","embeddable":true,"href":"https:\/\/metal-badge.ch\/fr\/wp-json\/wp\/v2\/product_cat?post=129740"},{"taxonomy":"product_tag","embeddable":true,"href":"https:\/\/metal-badge.ch\/fr\/wp-json\/wp\/v2\/product_tag?post=129740"}],"curies":[{"name":"wp","href":"https:\/\/api.w.org\/{rel}","templated":true}]}}