{"id":129204,"date":"2023-09-28T20:27:45","date_gmt":"2023-09-28T18:27:46","guid":{"rendered":"https:\/\/metal-badge.ch\/?post_type=product&#038;p=129204"},"modified":"2023-09-28T20:33:47","modified_gmt":"2023-09-28T18:33:47","slug":"gants-dintervention-et-de-travail","status":"publish","type":"product","link":"https:\/\/metal-badge.ch\/fr\/product\/129204\/gants-dintervention-et-de-travail\/","title":{"rendered":"Gants d\u2019intervention et de travail"},"content":{"rendered":"<p>Gants d\u2019intervention avec doigt en silicone caoutchout\u00e9 et repose-pouce, pour une prise antid\u00e9rapante et une meilleure dext\u00e9rit\u00e9. Une fermeture velcro r\u00e9glable sert \u00e0 la fixation au poignet. Ajustement id\u00e9al avec une mati\u00e8re en n\u00e9opr\u00e8ne et cuir Amara. Similicuir unique qui se distingue par sa grande durabilit\u00e9. Une partie du dos de la main ainsi que deux doigts en haut sont \u00e9quip\u00e9s d\u2019un mesh sup\u00e9rieur respirant.<span class=\"Apple-converted-space\">&nbsp;<\/span><\/p>\n<p><strong>Description du produit&nbsp;:<span class=\"Apple-converted-space\">&nbsp;<\/span><\/strong><\/p>\n<ul>\n<li>Gant d\u2019intervention et de travail<span class=\"Apple-converted-space\">&nbsp;<\/span><\/li>\n<li>R\u00e9f\u00e9rence&nbsp;: A-1939<span class=\"Apple-converted-space\">&nbsp;<\/span><\/li>\n<li>Poignet avec fermeture Velcro<\/li>\n<li>Mat\u00e9riau&nbsp;: cuir Amara, n\u00e9opr\u00e8ne, mesh<\/li>\n<li>Ajustement id\u00e9al<\/li>\n<li>Lavable en machine jusqu\u2019\u00e0 30&nbsp;\u00b0C<\/li>\n<li>Couleur&nbsp;: noir<span class=\"Apple-converted-space\">&nbsp;<\/span><\/li>\n<li>Doigt et repose-pouce en silicone caoutchout\u00e9<span class=\"Apple-converted-space\">&nbsp;<\/span><\/li>\n<li>Tailles&nbsp;: S \u2013 2XL<span class=\"Apple-converted-space\">&nbsp;<\/span><\/li>\n<\/ul>\n","protected":false},"excerpt":{"rendered":"<p>Gants d\u2019intervention avec doigt en silicone caoutchout\u00e9 et repose-pouce, pour une prise antid\u00e9rapante et une meilleure dext\u00e9rit\u00e9. Une fermeture velcro r\u00e9glable sert \u00e0 la fixation au poignet. Ajustement id\u00e9al avec une mati\u00e8re en n\u00e9opr\u00e8ne et cuir Amara. Similicuir unique qui se distingue par sa grande durabilit\u00e9. Une partie du dos de la main ainsi que deux doigts en haut sont \u00e9quip\u00e9s d\u2019un mesh sup\u00e9rieur respirant.<span class=\"Apple-converted-space\">&nbsp;<\/span><\/p>\n","protected":false},"featured_media":129208,"comment_status":"closed","ping_status":"closed","template":"","meta":{"inline_featured_image":false},"product_brand":[],"product_cat":[1643],"product_tag":[],"class_list":{"0":"post-129204","1":"product","2":"type-product","3":"status-publish","4":"has-post-thumbnail","6":"product_cat-gants-gants-dintervention","8":"first","9":"instock","10":"taxable","11":"shipping-taxable","12":"purchasable","13":"product-type-simple"},"_links":{"self":[{"href":"https:\/\/metal-badge.ch\/fr\/wp-json\/wp\/v2\/product\/129204","targetHints":{"allow":["GET"]}}],"collection":[{"href":"https:\/\/metal-badge.ch\/fr\/wp-json\/wp\/v2\/product"}],"about":[{"href":"https:\/\/metal-badge.ch\/fr\/wp-json\/wp\/v2\/types\/product"}],"replies":[{"embeddable":true,"href":"https:\/\/metal-badge.ch\/fr\/wp-json\/wp\/v2\/comments?post=129204"}],"wp:featuredmedia":[{"embeddable":true,"href":"https:\/\/metal-badge.ch\/fr\/wp-json\/wp\/v2\/media\/129208"}],"wp:attachment":[{"href":"https:\/\/metal-badge.ch\/fr\/wp-json\/wp\/v2\/media?parent=129204"}],"wp:term":[{"taxonomy":"product_brand","embeddable":true,"href":"https:\/\/metal-badge.ch\/fr\/wp-json\/wp\/v2\/product_brand?post=129204"},{"taxonomy":"product_cat","embeddable":true,"href":"https:\/\/metal-badge.ch\/fr\/wp-json\/wp\/v2\/product_cat?post=129204"},{"taxonomy":"product_tag","embeddable":true,"href":"https:\/\/metal-badge.ch\/fr\/wp-json\/wp\/v2\/product_tag?post=129204"}],"curies":[{"name":"wp","href":"https:\/\/api.w.org\/{rel}","templated":true}]}}