{"id":129011,"date":"2023-09-18T20:09:21","date_gmt":"2023-09-18T18:09:21","guid":{"rendered":"https:\/\/metal-badge.ch\/?post_type=product&#038;p=129011"},"modified":"2023-09-18T20:18:50","modified_gmt":"2023-09-18T18:18:50","slug":"etui-en-cuir-smart-ipa-bresil","status":"publish","type":"product","link":"https:\/\/metal-badge.ch\/fr\/product\/129011\/etui-en-cuir-smart-ipa-bresil\/","title":{"rendered":"Etui en cuir \u00ab\u00a0Smart\u00a0\u00bb IPA Br\u00e9sil"},"content":{"rendered":"<p>Porte-badge en cuir de b\u0153uf noir de premi\u00e8re qualit\u00e9 avec porte-cl\u00e9 et mousqueton.<br \/>\nPeut \u00eatre fix\u00e9 et utilis\u00e9 de plusieurs fa\u00e7ons. Le mousqueton et le porte-cl\u00e9s peuvent \u00eatre enlev\u00e9s et utilis\u00e9s individuellement. La boucle de connexion, \u00e9galement faite de cuir, est aussi \u00e9quip\u00e9e d&rsquo;une fente pour attacher au bouton de la chemise \/ poche frontale.<\/p>\n<p>La boucle de connexion a encore deux forts boutons-pression devant et derri\u00e8re. Ainsi, ce porte-badge peut \u00eatre fix\u00e9 avec le porte-cl\u00e9s, mousqueton ou bouton. Le badge est simplement ins\u00e9r\u00e9 dans le support par la fente.<\/p>\n<p>Taille \/ Dimensions: hauteur 12,5 cm, largeur 7,0 cm<\/p>\n<p class=\"red_underline\">Attention: badge uniquement disponible pour les membres IPA!<\/p>\n","protected":false},"excerpt":{"rendered":"<p>Porte-badge en cuir de b\u0153uf noir de premi\u00e8re qualit\u00e9 avec porte-cl\u00e9 et mousqueton.<br \/>\nPeut \u00eatre fix\u00e9 et utilis\u00e9 de plusieurs fa\u00e7ons. Le mousqueton et le porte-cl\u00e9s peuvent \u00eatre enlev\u00e9s et utilis\u00e9s individuellement. La boucle de connexion, \u00e9galement faite de cuir, est aussi \u00e9quip\u00e9e d&rsquo;une fente pour attacher au bouton de la chemise \/ poche frontale.<\/p>\n","protected":false},"featured_media":129015,"comment_status":"open","ping_status":"closed","template":"","meta":{"inline_featured_image":false},"product_brand":[],"product_cat":[2449],"product_tag":[],"class_list":{"0":"post-129011","1":"product","2":"type-product","3":"status-publish","4":"has-post-thumbnail","6":"product_cat-bresil","8":"first","9":"instock","10":"taxable","11":"shipping-taxable","12":"purchasable","13":"product-type-simple"},"_links":{"self":[{"href":"https:\/\/metal-badge.ch\/fr\/wp-json\/wp\/v2\/product\/129011","targetHints":{"allow":["GET"]}}],"collection":[{"href":"https:\/\/metal-badge.ch\/fr\/wp-json\/wp\/v2\/product"}],"about":[{"href":"https:\/\/metal-badge.ch\/fr\/wp-json\/wp\/v2\/types\/product"}],"replies":[{"embeddable":true,"href":"https:\/\/metal-badge.ch\/fr\/wp-json\/wp\/v2\/comments?post=129011"}],"wp:featuredmedia":[{"embeddable":true,"href":"https:\/\/metal-badge.ch\/fr\/wp-json\/wp\/v2\/media\/129015"}],"wp:attachment":[{"href":"https:\/\/metal-badge.ch\/fr\/wp-json\/wp\/v2\/media?parent=129011"}],"wp:term":[{"taxonomy":"product_brand","embeddable":true,"href":"https:\/\/metal-badge.ch\/fr\/wp-json\/wp\/v2\/product_brand?post=129011"},{"taxonomy":"product_cat","embeddable":true,"href":"https:\/\/metal-badge.ch\/fr\/wp-json\/wp\/v2\/product_cat?post=129011"},{"taxonomy":"product_tag","embeddable":true,"href":"https:\/\/metal-badge.ch\/fr\/wp-json\/wp\/v2\/product_tag?post=129011"}],"curies":[{"name":"wp","href":"https:\/\/api.w.org\/{rel}","templated":true}]}}