{"id":128556,"date":"2023-09-08T02:08:40","date_gmt":"2023-09-08T00:08:41","guid":{"rendered":"https:\/\/metal-badge.ch\/?post_type=product&#038;p=128556"},"modified":"2023-09-08T02:13:58","modified_gmt":"2023-09-08T00:13:58","slug":"pince-de-ceinture-approach-avec-badge-extractible-ipa-bresil","status":"publish","type":"product","link":"https:\/\/metal-badge.ch\/fr\/product\/128556\/pince-de-ceinture-approach-avec-badge-extractible-ipa-bresil\/","title":{"rendered":"Pince de ceinture Approach avec badge extractible IPA Br\u00e9sil"},"content":{"rendered":"<p class=\"s4\"><span class=\"s5\">Le badge <\/span><span class=\"s5\">peut<\/span> <span class=\"s5\">\u00eatre<\/span> <span class=\"s5\">tir\u00e9<\/span> <span class=\"s5\">confortablement<\/span> <span class=\"s5\">jusqu&rsquo;\u00e0<\/span><span class=\"s5\"> la <\/span><span class=\"s5\">but\u00e9e<\/span><span class=\"s5\"> sur 65 cm du <\/span><span class=\"s5\">c\u00e2ble<\/span><span class=\"s5\">m\u00e9tallique<\/span><span class=\"s5\"> et <\/span><span class=\"s5\">revient<\/span> <span class=\"s5\">proprement<\/span><span class=\"s5\"> sur la <\/span><span class=\"s5\">pince<\/span><span class=\"s5\"> de ceinture apr\u00e8s utilisation. <\/span><\/p>\n<p class=\"s4\"><span class=\"s5\">Il peut \u00eatre utilis\u00e9 et rang\u00e9 \u00e0 nouveau facilement. Gr\u00e2ce au syst\u00e8me yoyo int\u00e9gr\u00e9 avec le cordon m\u00e9tallique r\u00e9sistant \u00e0 la d\u00e9chirure, il suffit de tirer sur le badge pour le montrer. Le badge peut \u00eatre s\u00e9par\u00e9 de la pince de ceinture en une seule \u00e9tape facile. Le prix comprend ce magnifique coffret cadeau en aluminium argent\u00e9 avec fen\u00eatre. <\/span><\/p>\n<p class=\"s4\"><strong><span class=\"s3\">Informations du produit :<\/span><\/strong><\/p>\n<ul>\n<li class=\"s4\"><span class=\"s5\">Mod\u00e8le : Approach &nbsp;&nbsp;<\/span><\/li>\n<li class=\"s4\"><span class=\"s6\">Syst\u00e8me yoyo pratique pour une pr\u00e9sentation rapide du badge &nbsp;<\/span><\/li>\n<li class=\"s4\"><span class=\"s6\">Cordon m\u00e9tallique r\u00e9sistant \u00e0 la d\u00e9chirure &nbsp;&nbsp;<\/span><\/li>\n<li class=\"s4\"><span class=\"s6\">C\u00e2blage<\/span><span class=\"s6\"> extensible <\/span><span class=\"s6\">jusqu&rsquo;\u00e0<\/span><span class=\"s6\"> 65 cm &nbsp;<\/span><\/li>\n<li class=\"s4\"><span class=\"s6\">Poids<\/span><span class=\"s6\"> : Badge avec <\/span><span class=\"s6\">pince<\/span><span class=\"s6\"> ceinture : 88 g &nbsp;&nbsp;<\/span><\/li>\n<li class=\"s4\"><span class=\"s6\">Dimensions&nbsp;: Badge 82,5 x 55,5 mm&nbsp;<\/span><\/li>\n<li class=\"s4\"><span class=\"s6\">Poids du badge : 58 g &nbsp;<br \/>\n<\/span><\/li>\n<li class=\"s4\"><span class=\"s6\">Couleur <\/span><span class=\"s6\">pince<\/span><span class=\"s6\"> ceinture : <\/span><span class=\"s6\">argent\u00e9<\/span><span class=\"s6\">.&nbsp;<\/span><\/li>\n<li class=\"s4\"><span class=\"s6\">Couleur du badge : or <\/span><span class=\"s6\">brillant<\/span> <span class=\"s6\">ou<\/span> <span class=\"s6\">argent\u00e9<\/span><span class=\"s6\"> mat &nbsp;<\/span><\/li>\n<\/ul>\n","protected":false},"excerpt":{"rendered":"<p class=\"s4\"><span class=\"s5\">Le badge <\/span><span class=\"s5\">peut<\/span> <span class=\"s5\">\u00eatre<\/span> <span class=\"s5\">tir\u00e9<\/span> <span class=\"s5\">confortablement<\/span> <span class=\"s5\">jusqu&rsquo;\u00e0<\/span><span class=\"s5\"> la <\/span><span class=\"s5\">but\u00e9e<\/span><span class=\"s5\"> sur 65 cm du <\/span><span class=\"s5\">c\u00e2ble<\/span><span class=\"s5\">m\u00e9tallique<\/span><span class=\"s5\"> et <\/span><span class=\"s5\">revient<\/span> <span class=\"s5\">proprement<\/span><span class=\"s5\"> sur la <\/span><span class=\"s5\">pince<\/span><span class=\"s5\"> de ceinture apr\u00e8s utilisation. <\/span><\/p>\n<p class=\"s4\"><span class=\"s5\">Il peut \u00eatre utilis\u00e9 et rang\u00e9 \u00e0 nouveau facilement. Gr\u00e2ce au syst\u00e8me yoyo int\u00e9gr\u00e9 avec le cordon m\u00e9tallique r\u00e9sistant \u00e0 la d\u00e9chirure, il suffit de tirer sur le badge pour le montrer. Le badge peut \u00eatre s\u00e9par\u00e9 de la pince de ceinture en une seule \u00e9tape facile. Le prix comprend ce magnifique coffret cadeau en aluminium argent\u00e9 avec fen\u00eatre.<\/span><\/p>\n","protected":false},"featured_media":128560,"comment_status":"open","ping_status":"closed","template":"","meta":{"inline_featured_image":false},"product_brand":[],"product_cat":[2449],"product_tag":[],"class_list":{"0":"post-128556","1":"product","2":"type-product","3":"status-publish","4":"has-post-thumbnail","6":"product_cat-bresil","8":"first","9":"instock","10":"taxable","11":"shipping-taxable","12":"purchasable","13":"product-type-simple"},"_links":{"self":[{"href":"https:\/\/metal-badge.ch\/fr\/wp-json\/wp\/v2\/product\/128556","targetHints":{"allow":["GET"]}}],"collection":[{"href":"https:\/\/metal-badge.ch\/fr\/wp-json\/wp\/v2\/product"}],"about":[{"href":"https:\/\/metal-badge.ch\/fr\/wp-json\/wp\/v2\/types\/product"}],"replies":[{"embeddable":true,"href":"https:\/\/metal-badge.ch\/fr\/wp-json\/wp\/v2\/comments?post=128556"}],"wp:featuredmedia":[{"embeddable":true,"href":"https:\/\/metal-badge.ch\/fr\/wp-json\/wp\/v2\/media\/128560"}],"wp:attachment":[{"href":"https:\/\/metal-badge.ch\/fr\/wp-json\/wp\/v2\/media?parent=128556"}],"wp:term":[{"taxonomy":"product_brand","embeddable":true,"href":"https:\/\/metal-badge.ch\/fr\/wp-json\/wp\/v2\/product_brand?post=128556"},{"taxonomy":"product_cat","embeddable":true,"href":"https:\/\/metal-badge.ch\/fr\/wp-json\/wp\/v2\/product_cat?post=128556"},{"taxonomy":"product_tag","embeddable":true,"href":"https:\/\/metal-badge.ch\/fr\/wp-json\/wp\/v2\/product_tag?post=128556"}],"curies":[{"name":"wp","href":"https:\/\/api.w.org\/{rel}","templated":true}]}}