{"id":128515,"date":"2023-09-06T23:58:59","date_gmt":"2023-09-06T21:59:00","guid":{"rendered":"https:\/\/metal-badge.ch\/?post_type=product&#038;p=128515"},"modified":"2023-09-07T00:03:31","modified_gmt":"2023-09-06T22:03:31","slug":"bolo-cravate-de-western-ipa-bresil","status":"publish","type":"product","link":"https:\/\/metal-badge.ch\/fr\/product\/128515\/bolo-cravate-de-western-ipa-bresil\/","title":{"rendered":"Bolo, cravate de Western IPA Br\u00e9sil"},"content":{"rendered":"<p>Ils ont de nombreux noms et sont utilis\u00e9s depuis longtemps en dehors du Western et&nbsp;de la sc\u00e8ne country. Bolo avec extr\u00e9mit\u00e9s d\u00e9coratives \u00e9l\u00e9gantes. Bolo avec badge.&nbsp;Le support sur le bolo permet de l&rsquo;ajuster facilement au badge. Le badge peut \u00eatre&nbsp;tir\u00e9 facilement avec une poign\u00e9e au-dessus du support. Le bolo est fourni&nbsp;avec&nbsp;une&nbsp;pince.&nbsp;Deux&nbsp;bolos&nbsp;diff\u00e9rents&nbsp;sont&nbsp;disponibles:&nbsp;un&nbsp;en&nbsp;cuir&nbsp;marron&nbsp;avec&nbsp;des&nbsp;extr\u00e9mit\u00e9s&nbsp;argent\u00e9es en m\u00e9tal. Et un bolo en nylon noir avec extr\u00e9mit\u00e9s dor\u00e9es en m\u00e9tal.&nbsp;<\/p>\n<p>Peut \u00eatre ajust\u00e9 au porteur.&nbsp;<\/p>\n","protected":false},"excerpt":{"rendered":"<p>Ils ont de nombreux noms et sont utilis\u00e9s depuis longtemps en dehors du Western et&nbsp;de la sc\u00e8ne country. Bolo avec extr\u00e9mit\u00e9s d\u00e9coratives \u00e9l\u00e9gantes. Bolo avec badge.&nbsp;Le support sur le bolo permet de l&rsquo;ajuster facilement au badge. Le badge peut \u00eatre&nbsp;tir\u00e9 facilement avec une poign\u00e9e au-dessus du support. Le bolo est fourni&nbsp;avec&nbsp;une&nbsp;pince.&nbsp;Deux&nbsp;bolos&nbsp;diff\u00e9rents&nbsp;sont&nbsp;disponibles:&nbsp;un&nbsp;en&nbsp;cuir&nbsp;marron&nbsp;avec&nbsp;des&nbsp;extr\u00e9mit\u00e9s&nbsp;argent\u00e9es en m\u00e9tal. Et un bolo en nylon noir avec extr\u00e9mit\u00e9s dor\u00e9es en m\u00e9tal.&nbsp;<\/p>\n<p>Peut \u00eatre ajust\u00e9 au porteur.&nbsp;<\/p>\n","protected":false},"featured_media":128519,"comment_status":"open","ping_status":"closed","template":"","meta":{"inline_featured_image":false},"product_brand":[],"product_cat":[2449],"product_tag":[],"class_list":{"0":"post-128515","1":"product","2":"type-product","3":"status-publish","4":"has-post-thumbnail","6":"product_cat-bresil","8":"first","9":"instock","10":"taxable","11":"shipping-taxable","12":"purchasable","13":"product-type-simple"},"_links":{"self":[{"href":"https:\/\/metal-badge.ch\/fr\/wp-json\/wp\/v2\/product\/128515","targetHints":{"allow":["GET"]}}],"collection":[{"href":"https:\/\/metal-badge.ch\/fr\/wp-json\/wp\/v2\/product"}],"about":[{"href":"https:\/\/metal-badge.ch\/fr\/wp-json\/wp\/v2\/types\/product"}],"replies":[{"embeddable":true,"href":"https:\/\/metal-badge.ch\/fr\/wp-json\/wp\/v2\/comments?post=128515"}],"wp:featuredmedia":[{"embeddable":true,"href":"https:\/\/metal-badge.ch\/fr\/wp-json\/wp\/v2\/media\/128519"}],"wp:attachment":[{"href":"https:\/\/metal-badge.ch\/fr\/wp-json\/wp\/v2\/media?parent=128515"}],"wp:term":[{"taxonomy":"product_brand","embeddable":true,"href":"https:\/\/metal-badge.ch\/fr\/wp-json\/wp\/v2\/product_brand?post=128515"},{"taxonomy":"product_cat","embeddable":true,"href":"https:\/\/metal-badge.ch\/fr\/wp-json\/wp\/v2\/product_cat?post=128515"},{"taxonomy":"product_tag","embeddable":true,"href":"https:\/\/metal-badge.ch\/fr\/wp-json\/wp\/v2\/product_tag?post=128515"}],"curies":[{"name":"wp","href":"https:\/\/api.w.org\/{rel}","templated":true}]}}