{"id":128475,"date":"2023-09-06T22:52:08","date_gmt":"2023-09-06T20:52:09","guid":{"rendered":"https:\/\/metal-badge.ch\/?post_type=product&#038;p=128475"},"modified":"2023-12-11T02:05:16","modified_gmt":"2023-12-11T01:05:16","slug":"bois-a-suspendre-ipa-bresil","status":"publish","type":"product","link":"https:\/\/metal-badge.ch\/fr\/product\/128475\/bois-a-suspendre-ipa-bresil\/","title":{"rendered":"Bois \u00e0 suspendre IPA Br\u00e9sil"},"content":{"rendered":"<p>Id\u00e9al comme cadeau ou comme distinction. 100% bois suisse, \u00e0 suspendre. Vous avez le choix entre un badge en argent ou en or ainsi qu&rsquo;entre du bois d&rsquo;\u00e9rable, d&rsquo;h\u00eatre ou de noyer.<\/p>\n<ul>\n<li>Hauteur: 16,5 cm<\/li>\n<li>Largeur: 12 cm<\/li>\n<\/ul>\n<p>Attention: badge uniquement disponible pour les membres IPA!<\/p>\n","protected":false},"excerpt":{"rendered":"<p>Id\u00e9al comme cadeau ou comme distinction. 100% bois suisse, \u00e0 suspendre. Vous avez le choix entre un badge en argent ou en or ainsi qu&rsquo;entre du bois d&rsquo;\u00e9rable, d&rsquo;h\u00eatre ou de noyer.<\/p>\n<ul>\n<li>Hauteur: 16,5 cm<\/li>\n<li>Largeur: 12 cm<\/li>\n<\/ul>\n<p>Attention: badge uniquement disponible pour les membres IPA!<\/p>\n","protected":false},"featured_media":128479,"comment_status":"open","ping_status":"closed","template":"","meta":{"inline_featured_image":false},"product_brand":[],"product_cat":[2449],"product_tag":[],"class_list":{"0":"post-128475","1":"product","2":"type-product","3":"status-publish","4":"has-post-thumbnail","6":"product_cat-bresil","8":"first","9":"instock","10":"taxable","11":"shipping-taxable","12":"purchasable","13":"product-type-simple"},"_links":{"self":[{"href":"https:\/\/metal-badge.ch\/fr\/wp-json\/wp\/v2\/product\/128475","targetHints":{"allow":["GET"]}}],"collection":[{"href":"https:\/\/metal-badge.ch\/fr\/wp-json\/wp\/v2\/product"}],"about":[{"href":"https:\/\/metal-badge.ch\/fr\/wp-json\/wp\/v2\/types\/product"}],"replies":[{"embeddable":true,"href":"https:\/\/metal-badge.ch\/fr\/wp-json\/wp\/v2\/comments?post=128475"}],"wp:featuredmedia":[{"embeddable":true,"href":"https:\/\/metal-badge.ch\/fr\/wp-json\/wp\/v2\/media\/128479"}],"wp:attachment":[{"href":"https:\/\/metal-badge.ch\/fr\/wp-json\/wp\/v2\/media?parent=128475"}],"wp:term":[{"taxonomy":"product_brand","embeddable":true,"href":"https:\/\/metal-badge.ch\/fr\/wp-json\/wp\/v2\/product_brand?post=128475"},{"taxonomy":"product_cat","embeddable":true,"href":"https:\/\/metal-badge.ch\/fr\/wp-json\/wp\/v2\/product_cat?post=128475"},{"taxonomy":"product_tag","embeddable":true,"href":"https:\/\/metal-badge.ch\/fr\/wp-json\/wp\/v2\/product_tag?post=128475"}],"curies":[{"name":"wp","href":"https:\/\/api.w.org\/{rel}","templated":true}]}}