{"id":128134,"date":"2023-07-24T08:18:35","date_gmt":"2023-07-24T06:18:35","guid":{"rendered":"https:\/\/metal-badge.ch\/?post_type=product&#038;p=128134"},"modified":"2023-07-24T08:23:07","modified_gmt":"2023-07-24T06:23:07","slug":"poche-modulaire-radio-pour-ceintures-sacs-a-dos-et-gilets-de-combat-orange-lumineux","status":"publish","type":"product","link":"https:\/\/metal-badge.ch\/fr\/product\/128134\/poche-modulaire-radio-pour-ceintures-sacs-a-dos-et-gilets-de-combat-orange-lumineux\/","title":{"rendered":"Poche modulaire radio pour ceintures, sacs \u00e0 dos et gilets de combat &#8211; orange lumineux"},"content":{"rendered":"<p><span style=\"font-weight: 400;\">Poche radio universelle \u00e0 fixer sur le gilet d&rsquo;intervention ou la ceinture. Syst\u00e8me Molle. Une double sangle en nylon avec bouton-pression et velcro maintient la radio dans l&rsquo;\u00e9tui. Le mat\u00e9riau en nylon est tr\u00e8s r\u00e9sistant.<\/span><\/p>\n<p><span style=\"font-weight: 400;\">Imperm\u00e9able \u00e0 l&rsquo;eau avec fermeture par velcro et bouton-pression. Les sangles de radio sont \u00e9lastiques et peuvent \u00eatre ajust\u00e9es sur la hauteur \u00e0 l&rsquo;int\u00e9rieur de l&rsquo;\u00e9tui \u00e0 l&rsquo;aide d&rsquo;une fermeture velcro.&nbsp;<\/span><\/p>\n<p><span style=\"font-weight: 400;\">Les sangles Molle \u00e0 l&rsquo;arri\u00e8re sont \u00e9quip\u00e9es d&rsquo;un syst\u00e8me de boutons-pression et de velcro pour les adapter au gilet ou au harnais.&nbsp;<\/span><\/p>\n<ul>\n<li><span style=\"font-weight: 400;\">Dimensions : hauteur 11 cm x largeur 9 cm x profondeur 6 cm&nbsp;<\/span><\/li>\n<li><span style=\"font-weight: 400;\">Poche modulaire pour radio avec \u00e9lastique r\u00e9glable sur la hauteur<\/span><\/li>\n<li><span style=\"font-weight: 400;\">Mati\u00e8re : 1000D Nylon Cordura&nbsp;<\/span><\/li>\n<li><span style=\"font-weight: 400;\"><span style=\"font-weight: 400;\">Couleur : <\/span><\/span>orange lumineux<\/li>\n<li><span style=\"font-weight: 400;\">Poids : 100 g <\/span><\/li>\n<\/ul>\n","protected":false},"excerpt":{"rendered":"<p><span style=\"font-weight: 400;\">Poche radio universelle \u00e0 fixer sur le gilet d&rsquo;intervention ou la ceinture. Syst\u00e8me Molle. Une double sangle en nylon avec bouton-pression et velcro maintient la radio dans l&rsquo;\u00e9tui. Le mat\u00e9riau en nylon est tr\u00e8s r\u00e9sistant.<\/span><\/p>\n<p><span style=\"font-weight: 400;\">Imperm\u00e9able \u00e0 l&rsquo;eau avec fermeture par velcro et bouton-pression. Les sangles de radio sont \u00e9lastiques et peuvent \u00eatre ajust\u00e9es sur la hauteur \u00e0 l&rsquo;int\u00e9rieur de l&rsquo;\u00e9tui \u00e0 l&rsquo;aide d&rsquo;une fermeture velcro.&nbsp;<\/span><\/p>\n<p><span style=\"font-weight: 400;\">Les sangles Molle \u00e0 l&rsquo;arri\u00e8re sont \u00e9quip\u00e9es d&rsquo;un syst\u00e8me de boutons-pression et de velcro pour les adapter au gilet ou au harnais.&nbsp;<\/span><\/p>\n<ul>\n<li><span style=\"font-weight: 400;\">Dimensions : hauteur 11 cm x largeur 9 cm x profondeur 6 cm&nbsp;<\/span><\/li>\n<li><span style=\"font-weight: 400;\">Poche modulaire pour radio avec \u00e9lastique r\u00e9glable sur la hauteur<\/span><\/li>\n<li><span style=\"font-weight: 400;\">Mati\u00e8re : 1000D Nylon Cordura&nbsp;<\/span><\/li>\n<li><span style=\"font-weight: 400;\"><span style=\"font-weight: 400;\">Couleur : <\/span><\/span>orange lumineux<\/li>\n<li><span style=\"font-weight: 400;\">Poids : 100 g<\/span><\/li>\n<\/ul>\n","protected":false},"featured_media":128138,"comment_status":"closed","ping_status":"closed","template":"","meta":{"inline_featured_image":false},"product_brand":[],"product_cat":[2291,1059],"product_tag":[1781,1765],"class_list":{"0":"post-128134","1":"product","2":"type-product","3":"status-publish","4":"has-post-thumbnail","6":"product_cat-sacs-modulaires","7":"product_cat-sacs","8":"product_tag-police-securite","9":"product_tag-sport-outdoor-fr","11":"first","12":"instock","13":"taxable","14":"shipping-taxable","15":"purchasable","16":"product-type-simple"},"_links":{"self":[{"href":"https:\/\/metal-badge.ch\/fr\/wp-json\/wp\/v2\/product\/128134","targetHints":{"allow":["GET"]}}],"collection":[{"href":"https:\/\/metal-badge.ch\/fr\/wp-json\/wp\/v2\/product"}],"about":[{"href":"https:\/\/metal-badge.ch\/fr\/wp-json\/wp\/v2\/types\/product"}],"replies":[{"embeddable":true,"href":"https:\/\/metal-badge.ch\/fr\/wp-json\/wp\/v2\/comments?post=128134"}],"wp:featuredmedia":[{"embeddable":true,"href":"https:\/\/metal-badge.ch\/fr\/wp-json\/wp\/v2\/media\/128138"}],"wp:attachment":[{"href":"https:\/\/metal-badge.ch\/fr\/wp-json\/wp\/v2\/media?parent=128134"}],"wp:term":[{"taxonomy":"product_brand","embeddable":true,"href":"https:\/\/metal-badge.ch\/fr\/wp-json\/wp\/v2\/product_brand?post=128134"},{"taxonomy":"product_cat","embeddable":true,"href":"https:\/\/metal-badge.ch\/fr\/wp-json\/wp\/v2\/product_cat?post=128134"},{"taxonomy":"product_tag","embeddable":true,"href":"https:\/\/metal-badge.ch\/fr\/wp-json\/wp\/v2\/product_tag?post=128134"}],"curies":[{"name":"wp","href":"https:\/\/api.w.org\/{rel}","templated":true}]}}