{"id":128117,"date":"2023-07-24T08:06:32","date_gmt":"2023-07-24T06:06:32","guid":{"rendered":"https:\/\/metal-badge.ch\/?post_type=product&#038;p=128117"},"modified":"2023-07-24T08:16:24","modified_gmt":"2023-07-24T06:16:24","slug":"poche-modulaire-multi-outils-lampe-de-poches-couteau-pour-ceintures-sacs-a-dos-et-gilets-de-combat-orange-lumineux","status":"publish","type":"product","link":"https:\/\/metal-badge.ch\/fr\/product\/128117\/poche-modulaire-multi-outils-lampe-de-poches-couteau-pour-ceintures-sacs-a-dos-et-gilets-de-combat-orange-lumineux\/","title":{"rendered":"Poche modulaire multi-outils, lampe de poches, couteau pour ceintures, sacs \u00e0 dos et gilets de combat &#8211; orange lumineux"},"content":{"rendered":"<p><span style=\"font-weight: 400;\">Imperm\u00e9able avec fermeture \u00e0 velcro, avec sangle Molle et fermeture \u00e0 bouton-pression pour l&rsquo;ajuster sur le gilet ou la ceinture.&nbsp;<\/span><\/p>\n<ul>\n<li><span style=\"font-weight: 400;\">Dimensions : hauteur 13 cm x largeur 5 cm x profondeur 4 cm&nbsp;<\/span><\/li>\n<li><span style=\"font-weight: 400;\">Pour lampe de poche, couteau, multi-outils, etc.<\/span><\/li>\n<li><span style=\"font-weight: 400;\">Mati\u00e8re : 1000D Nylon Cordura&nbsp;<\/span><\/li>\n<li><span style=\"font-weight: 400;\"><span style=\"font-weight: 400;\">Couleur : <\/span><\/span>orange lumineux<\/li>\n<li><span style=\"font-weight: 400;\">Poids : 50 g<\/span><\/li>\n<\/ul>\n","protected":false},"excerpt":{"rendered":"<p><span style=\"font-weight: 400;\">Imperm\u00e9able avec fermeture \u00e0 velcro, avec sangle Molle et fermeture \u00e0 bouton-pression pour l&rsquo;ajuster sur le gilet ou la ceinture.&nbsp;<\/span><\/p>\n<ul>\n<li><span style=\"font-weight: 400;\">Dimensions : hauteur 13 cm x largeur 5 cm x profondeur 4 cm&nbsp;<\/span><\/li>\n<li><span style=\"font-weight: 400;\">Pour lampe de poche, couteau, multi-outils, etc.<\/span><\/li>\n<li><span style=\"font-weight: 400;\">Mati\u00e8re : 1000D Nylon Cordura&nbsp;<\/span><\/li>\n<li><span style=\"font-weight: 400;\"><span style=\"font-weight: 400;\">Couleur : <\/span><\/span>orange lumineux<\/li>\n<li><span style=\"font-weight: 400;\">Poids : 50 g<\/span><\/li>\n<\/ul>\n","protected":false},"featured_media":128121,"comment_status":"closed","ping_status":"closed","template":"","meta":{"inline_featured_image":false},"product_brand":[],"product_cat":[2291,1059],"product_tag":[1781,1765],"class_list":{"0":"post-128117","1":"product","2":"type-product","3":"status-publish","4":"has-post-thumbnail","6":"product_cat-sacs-modulaires","7":"product_cat-sacs","8":"product_tag-police-securite","9":"product_tag-sport-outdoor-fr","11":"first","12":"instock","13":"taxable","14":"shipping-taxable","15":"purchasable","16":"product-type-simple"},"_links":{"self":[{"href":"https:\/\/metal-badge.ch\/fr\/wp-json\/wp\/v2\/product\/128117","targetHints":{"allow":["GET"]}}],"collection":[{"href":"https:\/\/metal-badge.ch\/fr\/wp-json\/wp\/v2\/product"}],"about":[{"href":"https:\/\/metal-badge.ch\/fr\/wp-json\/wp\/v2\/types\/product"}],"replies":[{"embeddable":true,"href":"https:\/\/metal-badge.ch\/fr\/wp-json\/wp\/v2\/comments?post=128117"}],"wp:featuredmedia":[{"embeddable":true,"href":"https:\/\/metal-badge.ch\/fr\/wp-json\/wp\/v2\/media\/128121"}],"wp:attachment":[{"href":"https:\/\/metal-badge.ch\/fr\/wp-json\/wp\/v2\/media?parent=128117"}],"wp:term":[{"taxonomy":"product_brand","embeddable":true,"href":"https:\/\/metal-badge.ch\/fr\/wp-json\/wp\/v2\/product_brand?post=128117"},{"taxonomy":"product_cat","embeddable":true,"href":"https:\/\/metal-badge.ch\/fr\/wp-json\/wp\/v2\/product_cat?post=128117"},{"taxonomy":"product_tag","embeddable":true,"href":"https:\/\/metal-badge.ch\/fr\/wp-json\/wp\/v2\/product_tag?post=128117"}],"curies":[{"name":"wp","href":"https:\/\/api.w.org\/{rel}","templated":true}]}}