{"id":127988,"date":"2023-07-24T07:07:37","date_gmt":"2023-07-24T05:07:37","guid":{"rendered":"https:\/\/metal-badge.ch\/?post_type=product&#038;p=127988"},"modified":"2023-07-24T07:25:39","modified_gmt":"2023-07-24T05:25:39","slug":"poches-multifonctions-molle-pouvant-etre-fixees-sur-tous-les-gilets-sacs-a-dos-et-ceintures-du-systeme-molle-orange","status":"publish","type":"product","link":"https:\/\/metal-badge.ch\/fr\/product\/127988\/poches-multifonctions-molle-pouvant-etre-fixees-sur-tous-les-gilets-sacs-a-dos-et-ceintures-du-systeme-molle-orange\/","title":{"rendered":"Poches multifonctions Molle pouvant \u00eatre fix\u00e9es sur tous les gilets, sacs \u00e0 dos et ceintures du syst\u00e8me Molle &#8211; orange"},"content":{"rendered":"<p><span style=\"font-weight: 400;\">4 mod\u00e8les avec double fermeture \u00e9clair sur tout le pourtour. Grand compartiment int\u00e9rieur avec 6 \u00e9lastiques pour fixer divers petits objets. Grande poche ext\u00e9rieure avec velcro pour patchs \u00e0 l&rsquo;ext\u00e9rieur.&nbsp;<\/span><\/p>\n<p><span style=\"font-weight: 400;\">Poches de ceinture pratiques de diff\u00e9rentes couleurs et tailles.<\/span><span style=\"font-weight: 400;\"><br \/>\n<\/span><span style=\"font-weight: 400;\">Syst\u00e8me de fixation Molle \u00e0 l&rsquo;avant et \u00e0 l&rsquo;arri\u00e8re, fermeture \u00e9clair \u00e0 double sens. Les poches comportent toutes un velcro ext\u00e9rieur pour l&rsquo;application de patchs. L&rsquo;int\u00e9rieur des poches est \u00e9quip\u00e9 de divers compartiments des \u00e9lastiques afin d&rsquo;offrir un grand espace de rangement.&nbsp;<\/span><\/p>\n<p><b>Informations sur le produit :&nbsp;<\/b><\/p>\n<ul>\n<li style=\"font-weight: 400;\" aria-level=\"1\"><span style=\"font-weight: 400;\">D\u00e9signation : Poches multifonctions \/ poches modulaires syst\u00e8me Molle<\/span><\/li>\n<li style=\"font-weight: 400;\" aria-level=\"1\"><span style=\"font-weight: 400;\">Avec des sangles Molle et un syst\u00e8me de boutons-pression pour l&rsquo;ajustement<\/span><\/li>\n<li style=\"font-weight: 400;\" aria-level=\"1\"><span style=\"font-weight: 400;\">Mat\u00e9riau : en polyester 1000D robuste<\/span><\/li>\n<li style=\"font-weight: 400;\" aria-level=\"1\"><span style=\"font-weight: 400;\">Fermeture \u00e9clair \u00e0 double sens<\/span><\/li>\n<li style=\"font-weight: 400;\" aria-level=\"1\"><span style=\"font-weight: 400;\">\u00c9tanche&nbsp;<\/span><\/li>\n<li style=\"font-weight: 400;\" aria-level=\"1\"><span style=\"font-weight: 400;\">Avec du velcro \u00e0 l&rsquo;ext\u00e9rieur pour les patchs<\/span><\/li>\n<li style=\"font-weight: 400;\" aria-level=\"1\"><span style=\"font-weight: 400;\">Int\u00e9rieur avec divers compartiments et \u00e9lastiques&nbsp;<\/span><\/li>\n<li style=\"font-weight: 400;\" aria-level=\"1\"><span style=\"font-weight: 400;\">Couleur : jaune fluo ; autres couleurs sur demande comme : noir, vert, kaki et orange&nbsp;<\/span><\/li>\n<li style=\"font-weight: 400;\" aria-level=\"1\"><span style=\"font-weight: 400;\">Poids : entre 130 et 200 g selon la taille<\/span><\/li>\n<li style=\"font-weight: 400;\" aria-level=\"1\">A : Taille : hauteur 16 cm x largeur 15 cm x profondeur 7 cm<\/li>\n<li style=\"font-weight: 400;\" aria-level=\"1\">B : Taille : hauteur 15 cm x largeur 14 cm x profondeur 6 cm<\/li>\n<li style=\"font-weight: 400;\" aria-level=\"1\">C : Taille : hauteur 15 cm x largeur 13 cm x profondeur 4 cm<\/li>\n<li style=\"font-weight: 400;\" aria-level=\"1\">D : Taille : hauteur 13 cm x largeur 11 cm x profondeur 5 cm<\/li>\n<\/ul>\n<p>&nbsp;<\/p>\n<p><b>Vous avez besoin d&rsquo;\u00e9tuis et de sacoches modulaires pour votre gilet et votre sac \u00e0 dos ?&nbsp;<\/b><\/p>\n<p><span style=\"font-weight: 400;\">Nous avons en stock des poches modulaires et des \u00e9tuis de diff\u00e9rentes couleurs : citron, orange, noir, kaki et vert. Nous en fabriquons \u00e9galement sur mesure selon les demandes de nos clients.&nbsp;<\/span><\/p>\n<p><span style=\"font-weight: 400;\">Les poches modulaires robustes avec syst\u00e8me Molle se fixent facilement \u00e0 la ceinture, au sac \u00e0 dos ou aux gilets avec syst\u00e8me de fixation Molle. Les poches multifonctions sont disponibles en plusieurs tailles et mod\u00e8les.&nbsp;<\/span><\/p>\n<p><span style=\"font-weight: 400;\">Nous avons 11 mod\u00e8les et tailles diff\u00e9rentes de&nbsp; ces poches modulaires jaunes \/ oranges qui peuvent \u00eatre fix\u00e9s sur tous les gilets ou sacs \u00e0 dos Molle.<\/span><\/p>\n<p><b><i>Cliquez sur le lien ci-dessous pour voir nos poches et nos \u00e9tuis Molle. Et trouvez la poche Molle qui vous convient.<\/i><\/b><\/p>\n<p><span style=\"color: #0000ff;\"><a style=\"color: #0000ff;\" href=\"https:\/\/metal-badge.ch\/fr\/product\/127727\/veste-dutilisation-tactique-orange-systeme-molle-420-gsm\/?v=772de803edb4\">\u00bbVeste Tactique<\/a><\/span><\/p>\n","protected":false},"excerpt":{"rendered":"<p><b>Vous avez besoin d&rsquo;\u00e9tuis et de sacoches modulaires pour votre gilet et votre sac \u00e0 dos ?&nbsp;<\/b><\/p>\n<p><span style=\"font-weight: 400;\">Nous avons en stock des poches modulaires et des \u00e9tuis de diff\u00e9rentes couleurs : citron, orange, noir, kaki et vert. Nous en fabriquons \u00e9galement sur mesure selon les demandes de nos clients.&nbsp;<\/span><\/p>\n<p><span style=\"font-weight: 400;\">Les poches modulaires robustes avec syst\u00e8me Molle se fixent facilement \u00e0 la ceinture, au sac \u00e0 dos ou aux gilets avec syst\u00e8me de fixation Molle. Les poches multifonctions sont disponibles en plusieurs tailles et mod\u00e8les.&nbsp;<\/span><\/p>\n<p><span style=\"font-weight: 400;\">Nous avons 11 mod\u00e8les et tailles diff\u00e9rentes de&nbsp; ces poches modulaires jaunes \/ oranges qui peuvent \u00eatre fix\u00e9s sur tous les gilets ou sacs \u00e0 dos Molle.<\/span><\/p>\n<p><b><i>Cliquez sur le lien ci-dessous pour voir nos poches et nos \u00e9tuis Molle. Et trouvez la poche Molle qui vous convient.<\/i><\/b><\/p>\n<p><span style=\"color: #0000ff;\"><a style=\"color: #0000ff;\" href=\"https:\/\/metal-badge.ch\/fr\/product\/127727\/veste-dutilisation-tactique-orange-systeme-molle-420-gsm\/?v=772de803edb4\">\u00bbVeste Tactique<\/a><\/span><\/p>\n","protected":false},"featured_media":127992,"comment_status":"closed","ping_status":"closed","template":"","meta":{"inline_featured_image":false},"product_brand":[],"product_cat":[2291,1059],"product_tag":[1781,1765],"class_list":{"0":"post-127988","1":"product","2":"type-product","3":"status-publish","4":"has-post-thumbnail","6":"product_cat-sacs-modulaires","7":"product_cat-sacs","8":"product_tag-police-securite","9":"product_tag-sport-outdoor-fr","11":"first","12":"instock","13":"taxable","14":"shipping-taxable","15":"purchasable","16":"product-type-simple"},"_links":{"self":[{"href":"https:\/\/metal-badge.ch\/fr\/wp-json\/wp\/v2\/product\/127988","targetHints":{"allow":["GET"]}}],"collection":[{"href":"https:\/\/metal-badge.ch\/fr\/wp-json\/wp\/v2\/product"}],"about":[{"href":"https:\/\/metal-badge.ch\/fr\/wp-json\/wp\/v2\/types\/product"}],"replies":[{"embeddable":true,"href":"https:\/\/metal-badge.ch\/fr\/wp-json\/wp\/v2\/comments?post=127988"}],"wp:featuredmedia":[{"embeddable":true,"href":"https:\/\/metal-badge.ch\/fr\/wp-json\/wp\/v2\/media\/127992"}],"wp:attachment":[{"href":"https:\/\/metal-badge.ch\/fr\/wp-json\/wp\/v2\/media?parent=127988"}],"wp:term":[{"taxonomy":"product_brand","embeddable":true,"href":"https:\/\/metal-badge.ch\/fr\/wp-json\/wp\/v2\/product_brand?post=127988"},{"taxonomy":"product_cat","embeddable":true,"href":"https:\/\/metal-badge.ch\/fr\/wp-json\/wp\/v2\/product_cat?post=127988"},{"taxonomy":"product_tag","embeddable":true,"href":"https:\/\/metal-badge.ch\/fr\/wp-json\/wp\/v2\/product_tag?post=127988"}],"curies":[{"name":"wp","href":"https:\/\/api.w.org\/{rel}","templated":true}]}}