{"id":127970,"date":"2023-07-23T20:21:13","date_gmt":"2023-07-23T18:21:13","guid":{"rendered":"https:\/\/metal-badge.ch\/?post_type=product&#038;p=127970"},"modified":"2023-07-23T20:28:23","modified_gmt":"2023-07-23T18:28:23","slug":"poche-modulaire-multifonctionnelle-en-nylon-cordura-1000-d-pour-gilets-dintervention-ceintures-ou-sac-a-dos-jaune-fluo-2","status":"publish","type":"product","link":"https:\/\/metal-badge.ch\/fr\/product\/127970\/poche-modulaire-multifonctionnelle-en-nylon-cordura-1000-d-pour-gilets-dintervention-ceintures-ou-sac-a-dos-jaune-fluo-2\/","title":{"rendered":"Poche modulaire multifonctionnelle en nylon Cordura 1000 D pour gilets d\u2019intervention, ceintures ou sac \u00e0 dos &#8211; jaune fluo"},"content":{"rendered":"<p><i><span style=\"font-weight: 400;\">Cette poche modulaire robuste est parfaite pour une utilisation au quotidien avec tous les gilets d&rsquo;intervention, les ceintures ou les sacs \u00e0 dos Molle.<\/span><\/i><\/p>\n<p><span style=\"font-weight: 400;\">Le sac modulaire est \u00e9quip\u00e9 d&rsquo;un grand compartiment avec une fermeture \u00e9clair circulaire \u00e0 double sens. Le compartiment dispose \u00e9galement d&rsquo;une poche int\u00e9rieure. Une poche pour le t\u00e9l\u00e9phone portable se trouve \u00e0 l&rsquo;ext\u00e9rieur. La poche ext\u00e9rieure mesure 9,0 cm de large, ce qui est id\u00e9al pour les t\u00e9l\u00e9phones portables de grande taille, et elle est r\u00e9glable en hauteur. Cette poche ext\u00e9rieure est tr\u00e8s facile \u00e0 utiliser gr\u00e2ce \u00e0 sa fermeture rapide r\u00e9glable par clic.<\/span><\/p>\n<p><span style=\"font-weight: 400;\">L&rsquo;arri\u00e8re de cette pochette modulaire est dot\u00e9 de 4 boutons-pression et de boucles permettant de l&rsquo;attacher ou de la d\u00e9tacher rapidement \u00e0 un gilet d&rsquo;intervention, une ceinture ou un sac \u00e0 dos, etc. Une boucle avec mousqueton est \u00e9galement pr\u00e9vue \u00e0 l&rsquo;arri\u00e8re pour d&rsquo;autres possibilit\u00e9s de fixation.<\/span><\/p>\n<p><b>Informations sur le produit :<\/b><\/p>\n<ul>\n<li><span style=\"font-weight: 400;\">&nbsp;Dimensions : hauteur 16 cm x largeur 10 cm x profondeur 4 cm&nbsp;<\/span><\/li>\n<li><span style=\"font-weight: 400;\">Poche modulaire pour usage quotidien, des outils \u00e0 la pharmacie de voyage: une poche avec beaucoup d&rsquo;espace de rangement.<\/span><\/li>\n<li><span style=\"font-weight: 400;\">Fermeture \u00e0 glissi\u00e8re double sens sur tout le pourtour<\/span><\/li>\n<li><span style=\"font-weight: 400;\">Couleur : jaune fluo<\/span><\/li>\n<li><span style=\"font-weight: 400;\">Mati\u00e8re : 1000D Nylon Cordura&nbsp;<\/span><\/li>\n<li><span style=\"font-weight: 400;\">Poids : 140 g.&nbsp;<\/span><\/li>\n<\/ul>\n","protected":false},"excerpt":{"rendered":"<p><i><span style=\"font-weight: 400;\">Cette poche modulaire robuste est parfaite pour une utilisation au quotidien avec tous les gilets d&rsquo;intervention, les ceintures ou les sacs \u00e0 dos Molle.<\/span><\/i><\/p>\n<p><span style=\"font-weight: 400;\">Le sac modulaire est \u00e9quip\u00e9 d&rsquo;un grand compartiment avec une fermeture \u00e9clair circulaire \u00e0 double sens. Le compartiment dispose \u00e9galement d&rsquo;une poche int\u00e9rieure. Une poche pour le t\u00e9l\u00e9phone portable se trouve \u00e0 l&rsquo;ext\u00e9rieur. La poche ext\u00e9rieure mesure 9,0 cm de large, ce qui est id\u00e9al pour les t\u00e9l\u00e9phones portables de grande taille, et elle est r\u00e9glable en hauteur. Cette poche ext\u00e9rieure est tr\u00e8s facile \u00e0 utiliser gr\u00e2ce \u00e0 sa fermeture rapide r\u00e9glable par clic.<\/span><\/p>\n","protected":false},"featured_media":127974,"comment_status":"closed","ping_status":"closed","template":"","meta":{"inline_featured_image":false},"product_brand":[],"product_cat":[2291,1059],"product_tag":[1781,1765],"class_list":{"0":"post-127970","1":"product","2":"type-product","3":"status-publish","4":"has-post-thumbnail","6":"product_cat-sacs-modulaires","7":"product_cat-sacs","8":"product_tag-police-securite","9":"product_tag-sport-outdoor-fr","11":"first","12":"instock","13":"taxable","14":"shipping-taxable","15":"purchasable","16":"product-type-simple"},"_links":{"self":[{"href":"https:\/\/metal-badge.ch\/fr\/wp-json\/wp\/v2\/product\/127970","targetHints":{"allow":["GET"]}}],"collection":[{"href":"https:\/\/metal-badge.ch\/fr\/wp-json\/wp\/v2\/product"}],"about":[{"href":"https:\/\/metal-badge.ch\/fr\/wp-json\/wp\/v2\/types\/product"}],"replies":[{"embeddable":true,"href":"https:\/\/metal-badge.ch\/fr\/wp-json\/wp\/v2\/comments?post=127970"}],"wp:featuredmedia":[{"embeddable":true,"href":"https:\/\/metal-badge.ch\/fr\/wp-json\/wp\/v2\/media\/127974"}],"wp:attachment":[{"href":"https:\/\/metal-badge.ch\/fr\/wp-json\/wp\/v2\/media?parent=127970"}],"wp:term":[{"taxonomy":"product_brand","embeddable":true,"href":"https:\/\/metal-badge.ch\/fr\/wp-json\/wp\/v2\/product_brand?post=127970"},{"taxonomy":"product_cat","embeddable":true,"href":"https:\/\/metal-badge.ch\/fr\/wp-json\/wp\/v2\/product_cat?post=127970"},{"taxonomy":"product_tag","embeddable":true,"href":"https:\/\/metal-badge.ch\/fr\/wp-json\/wp\/v2\/product_tag?post=127970"}],"curies":[{"name":"wp","href":"https:\/\/api.w.org\/{rel}","templated":true}]}}