{"id":127906,"date":"2023-07-20T01:59:40","date_gmt":"2023-07-19T23:59:40","guid":{"rendered":"https:\/\/metal-badge.ch\/?post_type=product&#038;p=127906"},"modified":"2023-07-20T02:07:10","modified_gmt":"2023-07-20T00:07:10","slug":"poche-modulaire-multi-outils-lampe-de-poches-couteau-pour-ceintures-sacs-a-dos-et-gilets-de-combat-jaune-fluo","status":"publish","type":"product","link":"https:\/\/metal-badge.ch\/fr\/product\/127906\/poche-modulaire-multi-outils-lampe-de-poches-couteau-pour-ceintures-sacs-a-dos-et-gilets-de-combat-jaune-fluo\/","title":{"rendered":"Poche modulaire multi-outils, lampe de poches, couteau pour ceintures, sacs \u00e0 dos et gilets de combat &#8211; jaune fluo"},"content":{"rendered":"<p><span style=\"font-weight: 400;\">Imperm\u00e9able avec fermeture \u00e0 velcro, avec sangle Molle et fermeture \u00e0 bouton-pression pour l&rsquo;ajuster sur le gilet ou la ceinture.&nbsp;<\/span><\/p>\n<ul>\n<li><span style=\"font-weight: 400;\">Dimensions : hauteur 13 cm x largeur 5 cm x profondeur 4 cm&nbsp;<\/span><\/li>\n<li><span style=\"font-weight: 400;\">Pour lampe de poche, couteau, multi-outils, etc.<\/span><\/li>\n<li><span style=\"font-weight: 400;\">Mati\u00e8re : 1000D Nylon Cordura&nbsp;<\/span><\/li>\n<li><span style=\"font-weight: 400;\">Couleur : jaune fluo<\/span><\/li>\n<li><span style=\"font-weight: 400;\">Poids : 50 g<\/span><\/li>\n<\/ul>\n","protected":false},"excerpt":{"rendered":"<p><span style=\"font-weight: 400;\">Imperm\u00e9able avec fermeture \u00e0 velcro, avec sangle Molle et fermeture \u00e0 bouton-pression pour l&rsquo;ajuster sur le gilet ou la ceinture.&nbsp;<\/span><\/p>\n<ul>\n<li><span style=\"font-weight: 400;\">Dimensions : hauteur 13 cm x largeur 5 cm x profondeur 4 cm&nbsp;<\/span><\/li>\n<li><span style=\"font-weight: 400;\">Pour lampe de poche, couteau, multi-outils, etc.<\/span><\/li>\n<li><span style=\"font-weight: 400;\">Mati\u00e8re : 1000D Nylon Cordura&nbsp;<\/span><\/li>\n<li><span style=\"font-weight: 400;\">Couleur : jaune fluo<\/span><\/li>\n<li><span style=\"font-weight: 400;\">Poids : 50 g<\/span><\/li>\n<\/ul>\n","protected":false},"featured_media":127918,"comment_status":"closed","ping_status":"closed","template":"","meta":{"inline_featured_image":false},"product_brand":[],"product_cat":[2291,1059],"product_tag":[1781,1765],"class_list":{"0":"post-127906","1":"product","2":"type-product","3":"status-publish","4":"has-post-thumbnail","6":"product_cat-sacs-modulaires","7":"product_cat-sacs","8":"product_tag-police-securite","9":"product_tag-sport-outdoor-fr","11":"first","12":"instock","13":"taxable","14":"shipping-taxable","15":"purchasable","16":"product-type-simple"},"_links":{"self":[{"href":"https:\/\/metal-badge.ch\/fr\/wp-json\/wp\/v2\/product\/127906","targetHints":{"allow":["GET"]}}],"collection":[{"href":"https:\/\/metal-badge.ch\/fr\/wp-json\/wp\/v2\/product"}],"about":[{"href":"https:\/\/metal-badge.ch\/fr\/wp-json\/wp\/v2\/types\/product"}],"replies":[{"embeddable":true,"href":"https:\/\/metal-badge.ch\/fr\/wp-json\/wp\/v2\/comments?post=127906"}],"wp:featuredmedia":[{"embeddable":true,"href":"https:\/\/metal-badge.ch\/fr\/wp-json\/wp\/v2\/media\/127918"}],"wp:attachment":[{"href":"https:\/\/metal-badge.ch\/fr\/wp-json\/wp\/v2\/media?parent=127906"}],"wp:term":[{"taxonomy":"product_brand","embeddable":true,"href":"https:\/\/metal-badge.ch\/fr\/wp-json\/wp\/v2\/product_brand?post=127906"},{"taxonomy":"product_cat","embeddable":true,"href":"https:\/\/metal-badge.ch\/fr\/wp-json\/wp\/v2\/product_cat?post=127906"},{"taxonomy":"product_tag","embeddable":true,"href":"https:\/\/metal-badge.ch\/fr\/wp-json\/wp\/v2\/product_tag?post=127906"}],"curies":[{"name":"wp","href":"https:\/\/api.w.org\/{rel}","templated":true}]}}