{"id":127849,"date":"2023-07-19T00:18:47","date_gmt":"2023-07-18T22:18:47","guid":{"rendered":"https:\/\/metal-badge.ch\/?post_type=product&#038;p=127849"},"modified":"2023-07-25T08:01:14","modified_gmt":"2023-07-25T06:01:14","slug":"poche-pour-menottes-poche-modulaire-pour-ceintures-sacs-a-dos-et-gilets-de-combat-jaune-fluo","status":"publish","type":"product","link":"https:\/\/metal-badge.ch\/fr\/product\/127849\/poche-pour-menottes-poche-modulaire-pour-ceintures-sacs-a-dos-et-gilets-de-combat-jaune-fluo\/","title":{"rendered":"Poche pour menottes \/ poche modulaire pour ceintures, sacs \u00e0 dos et gilets de combat &#8211; jaune fluo"},"content":{"rendered":"<p><span style=\"font-weight: 400;\">Imperm\u00e9able avec fermeture \u00e0 bouton-pression, petite poche ext\u00e9rieure, sangle Molle et fermeture \u00e0 bouton-pression pour l&rsquo;ajuster sur le gilet ou la ceinture.&nbsp;<\/span><\/p>\n<ul>\n<li><span style=\"font-weight: 400;\">Taille : hauteur x largeur<\/span><span style=\"font-weight: 400;\">&nbsp;<\/span><\/li>\n<li><span style=\"font-weight: 400;\">Mati\u00e8re : 1000D Nylon Cordura&nbsp;<\/span><\/li>\n<li><span style=\"font-weight: 400;\">Couleur : jaune fluo<\/span><\/li>\n<li><span style=\"font-weight: 400;\">Poids : 95 gr.&nbsp;<\/span><\/li>\n<\/ul>\n<p><b>Vous avez besoin d&rsquo;\u00e9tuis et de sacoches modulaires pour votre gilet et votre sac \u00e0 dos ?&nbsp;<\/b><\/p>\n<p><span style=\"font-weight: 400;\">Nous avons en stock des poches modulaires et des \u00e9tuis de diff\u00e9rentes couleurs : citron, orange, noir, kaki et vert. Nous en fabriquons \u00e9galement sur mesure selon les demandes de nos clients.&nbsp;<\/span><\/p>\n<p><span style=\"font-weight: 400;\">Les poches modulaires robustes avec syst\u00e8me Molle se fixent facilement \u00e0 la ceinture, au sac \u00e0 dos ou aux gilets avec syst\u00e8me de fixation Molle. Les poches multifonctions sont disponibles en plusieurs tailles et mod\u00e8les.&nbsp;<\/span><\/p>\n<p><span style=\"font-weight: 400;\">Nous avons 11 mod\u00e8les et tailles diff\u00e9rentes de&nbsp; ces poches modulaires jaunes \/ oranges qui peuvent \u00eatre fix\u00e9s sur tous les gilets ou sacs \u00e0 dos Molle.<\/span><\/p>\n<p><b><i>Cliquez sur le lien ci-dessous pour voir nos poches et nos \u00e9tuis Molle. Et trouvez la poche Molle qui vous convient.<\/i><\/b><\/p>\n<p><span style=\"text-decoration: underline;\"><span style=\"color: #0000ff;\"><a style=\"color: #0000ff;\" href=\"https:\/\/metal-badge.ch\/fr\/product-category\/security-factory-fr\/vetements\/vestes_tactiques\/?v=772de803edb4\">\u00bbVeste Tactique<\/a><\/span><\/span><\/p>\n<p><span style=\"text-decoration: underline;\"><span style=\"color: #0000ff;\">&nbsp;<\/span><\/span><\/p>\n","protected":false},"excerpt":{"rendered":"<p><span style=\"font-weight: 400;\">Imperm\u00e9able avec fermeture \u00e0 bouton-pression, petite poche ext\u00e9rieure, sangle Molle et fermeture \u00e0 bouton-pression pour l&rsquo;ajuster sur le gilet ou la ceinture.&nbsp;<\/span><\/p>\n<ul>\n<li><span style=\"font-weight: 400;\">Taille : hauteur x largeur<\/span><span style=\"font-weight: 400;\">&nbsp;<\/span><\/li>\n<li><span style=\"font-weight: 400;\">Mati\u00e8re : 1000D Nylon Cordura&nbsp;<\/span><\/li>\n<li><span style=\"font-weight: 400;\">Couleur : jaune fluo<\/span><\/li>\n<li><span style=\"font-weight: 400;\">Poids : 95 gr.&nbsp;<\/span><\/li>\n<\/ul>\n<p><b>Vous avez besoin d&rsquo;\u00e9tuis et de sacoches modulaires pour votre gilet et votre sac \u00e0 dos ?&nbsp;<\/b><b><i>Cliquez sur le lien ci-dessous pour voir nos poches et nos \u00e9tuis Molle. Et trouvez la poche Molle qui vous convient. <\/i><\/b><span style=\"text-decoration: underline;\"><span style=\"color: #0000ff;\"><a style=\"color: #0000ff;\" href=\"https:\/\/metal-badge.ch\/fr\/product-category\/security-factory-fr\/vetements\/vestes_tactiques\/?v=772de803edb4\">\u00bbVeste Tactique<\/a><\/span><\/span><\/p>\n","protected":false},"featured_media":127853,"comment_status":"closed","ping_status":"closed","template":"","meta":{"inline_featured_image":false},"product_brand":[],"product_cat":[2291,1059],"product_tag":[1781,1765],"class_list":{"0":"post-127849","1":"product","2":"type-product","3":"status-publish","4":"has-post-thumbnail","6":"product_cat-sacs-modulaires","7":"product_cat-sacs","8":"product_tag-police-securite","9":"product_tag-sport-outdoor-fr","11":"first","12":"instock","13":"taxable","14":"shipping-taxable","15":"purchasable","16":"product-type-simple"},"_links":{"self":[{"href":"https:\/\/metal-badge.ch\/fr\/wp-json\/wp\/v2\/product\/127849","targetHints":{"allow":["GET"]}}],"collection":[{"href":"https:\/\/metal-badge.ch\/fr\/wp-json\/wp\/v2\/product"}],"about":[{"href":"https:\/\/metal-badge.ch\/fr\/wp-json\/wp\/v2\/types\/product"}],"replies":[{"embeddable":true,"href":"https:\/\/metal-badge.ch\/fr\/wp-json\/wp\/v2\/comments?post=127849"}],"wp:featuredmedia":[{"embeddable":true,"href":"https:\/\/metal-badge.ch\/fr\/wp-json\/wp\/v2\/media\/127853"}],"wp:attachment":[{"href":"https:\/\/metal-badge.ch\/fr\/wp-json\/wp\/v2\/media?parent=127849"}],"wp:term":[{"taxonomy":"product_brand","embeddable":true,"href":"https:\/\/metal-badge.ch\/fr\/wp-json\/wp\/v2\/product_brand?post=127849"},{"taxonomy":"product_cat","embeddable":true,"href":"https:\/\/metal-badge.ch\/fr\/wp-json\/wp\/v2\/product_cat?post=127849"},{"taxonomy":"product_tag","embeddable":true,"href":"https:\/\/metal-badge.ch\/fr\/wp-json\/wp\/v2\/product_tag?post=127849"}],"curies":[{"name":"wp","href":"https:\/\/api.w.org\/{rel}","templated":true}]}}