{"id":127332,"date":"2023-05-26T22:06:27","date_gmt":"2023-05-26T20:06:27","guid":{"rendered":"https:\/\/metal-badge.ch\/?post_type=product&#038;p=127332"},"modified":"2023-05-26T22:15:00","modified_gmt":"2023-05-26T20:15:00","slug":"etui-en-cuir-maverick-m1-pompiers","status":"publish","type":"product","link":"https:\/\/metal-badge.ch\/fr\/product\/127332\/etui-en-cuir-maverick-m1-pompiers\/","title":{"rendered":"\u00c9tui en cuir \u00ab Maverick M1 \u00bb Pompiers"},"content":{"rendered":"<p><span style=\"font-weight: 400;\">Notre \u00e9tui Maverick M1 con\u00e7u pour une utilisation intensive. L&rsquo;\u00e9tui au format vertical avec un cadre en aluminium pour l&rsquo;a\u00e9ronautique et l&rsquo;a\u00e9rospatiale 6061 frais\u00e9 CNC combin\u00e9 avec du cuir de vache pleine fleur et une fermeture magn\u00e9tique en bas. Cet \u00e9tui tr\u00e8s r\u00e9sistant est dot\u00e9 d&rsquo;une fen\u00eatre transparente pour votre carte d&rsquo;identit\u00e9 ainsi que d&rsquo;un \u00e9videment pour badge \u00e0 l&rsquo;ext\u00e9rieur. Le badge en m\u00e9tal est ins\u00e9r\u00e9 par le haut dans l&rsquo;espace pr\u00e9vu \u00e0 cet effet. L&rsquo;\u00e9tui s&rsquo;ouvre par le bas au moyen d&rsquo;une fermeture magn\u00e9tique et se d\u00e9plie. L&rsquo;int\u00e9rieur de l&rsquo;\u00e9tui Maverick M1 est \u00e9quip\u00e9 de deux compartiments pour 2 \u00e0 4 cartes de cr\u00e9dit. Le prix comprend \u00e9galement l&rsquo;outil multi-t\u00e2ches MT04, qui dispose de 10 fonctions et a \u00e9t\u00e9 sp\u00e9cialement con\u00e7u pour les situations d&rsquo;urgence.<\/span><\/p>\n<p><span style=\"font-weight: 400;\">Ses fonctions comprennent : coupe-ceinture de s\u00e9curit\u00e9, d\u00e9capsuleur, cl\u00e9 hexagonale, fonction de scie dentel\u00e9e, pince \u00e0 ongles, etc. L&rsquo;outil multi-t\u00e2ches en acier inoxydable peut \u00eatre rang\u00e9 en toute s\u00e9curit\u00e9 \u00e0 l&rsquo;int\u00e9rieur de l&rsquo;\u00e9tui. L&rsquo;\u00e9lastique int\u00e9rieur sert de support pour les cartes de cr\u00e9dit ou les billets de banque.<\/span><\/p>\n<p><span style=\"font-weight: 400;\">Il est \u00e9galement possible d&rsquo;acheter la \u00ab Swiss-Card \u00bb&nbsp; moyennant un suppl\u00e9ment de 10 CHF. Celle-ci peut \u00eatre gliss\u00e9e sous l&rsquo;\u00e9lastique \u00e0 l&rsquo;int\u00e9rieur de l&rsquo;\u00e9tui Maverick M1. La \u00ab Swiss-Card \u00bb comporte sept objets : \u00e9pingle \u00e0 nourrice, ciseaux, stylo \u00e0 bille, pince \u00e0 \u00e9piler, cure-dents, lime \u00e0 ongles, petit couteau.<\/span><\/p>\n<p><span style=\"font-weight: 400;\">L&rsquo;\u00e9tui peut \u00eatre rallong\u00e9 par une sangle en paracorde qui se rallonge en tirant et dont la longueur peut \u00eatre r\u00e9gl\u00e9e en fonction du porteur. La sangle en paracorde peut \u00eatre retir\u00e9 \u00e0 l&rsquo;aide de deux petits mousquetons. La petite dragonne suppl\u00e9mentaire en paracorde de 20 cm de long avec mousqueton est utile lorsque l&rsquo;\u00e9tui est fix\u00e9 \u00e0 la ceinture du pantalon. L&rsquo;\u00e9tui en cuir peut ainsi \u00eatre rang\u00e9 en toute s\u00e9curit\u00e9 dans la poche du pantalon tout en \u00e9vitant les vols.<\/span><\/p>\n<p><b>Tous nos \u00e9tuis sont compatibles avec tous nos badges et sont interchangeables.&nbsp;&nbsp;&nbsp;&nbsp;&nbsp;&nbsp;<\/b><\/p>\n<p><b>Informations sur le produit :&nbsp;<\/b><\/p>\n<ul>\n<li><span style=\"font-weight: 400;\">Nom du produit&nbsp;: Maverick M1 avec outil multi-t\u00e2ches compris, Swisscard bleue avec suppl\u00e9ment de prix&nbsp;<\/span><\/li>\n<li><span style=\"font-weight: 400;\">Couleur : noir&nbsp;<\/span><\/li>\n<li><span style=\"font-weight: 400;\">\u00c9tui au format vertical<\/span><\/li>\n<li><span style=\"font-weight: 400;\">Mat\u00e9riau : cuir de vachette pleine fleur v\u00e9ritable de qualit\u00e9 Nappa combin\u00e9 avec un cadre en aluminium a\u00e9rospatial 6061 frais\u00e9 CNC&nbsp;<\/span><\/li>\n<li><span style=\"font-weight: 400;\">2 compartiments pour 2 \u00e0 4 cartes de cr\u00e9dit<\/span><\/li>\n<li><span style=\"font-weight: 400;\">1 fen\u00eatre transparente pour carte d&rsquo;identit\u00e9<\/span><\/li>\n<li><span style=\"font-weight: 400;\">Avec bandouli\u00e8re en paracorde r\u00e9glable et deux petits mousquetons en m\u00e9tal<\/span><\/li>\n<li><span style=\"font-weight: 400;\">Dragonne en paracorde de 20 cm avec mousquetons pour fixation \u00e0 la ceinture<\/span><\/li>\n<li><span style=\"font-weight: 400;\">Design compact et format pratique<\/span><\/li>\n<li><span style=\"font-weight: 400;\">Avec fermeture magn\u00e9tique &nbsp;<\/span><\/li>\n<li><span style=\"font-weight: 400;\">Outil multi-t\u00e2ches MT04 avec plus de 10 fonctions &nbsp;<\/span><\/li>\n<li><span style=\"font-weight: 400;\">Dimensions porte-monnaie : hauteur 10 cm \/ largeur 7.5cm <\/span><\/li>\n<li><span style=\"font-weight: 400;\">\u00ab <\/span><b>Swiss-Card&nbsp;\u00bb avec 7 fonctions suppl\u00e9mentaire comme stylo, pince \u00e0 \u00e9piler, ciseaux, etc., contre un suppl\u00e9ment de 10.-&nbsp;<\/b><\/li>\n<\/ul>\n<p><iframe title=\"Maverick M1 02\" src=\"https:\/\/www.youtube.com\/embed\/6MdriFSH9hY\" width=\"500\" height=\"300\" frameborder=\"0\" allowfullscreen=\"allowfullscreen\"><\/iframe><\/p>\n<p><iframe title=\"Leather case &quot;Maverick M1&quot;\" src=\"https:\/\/www.youtube.com\/embed\/WvqqKkoWgAc\" width=\"500\" height=\"300\" frameborder=\"0\" allowfullscreen=\"allowfullscreen\"><\/iframe><\/p>\n","protected":false},"excerpt":{"rendered":"<p><span style=\"font-weight: 400;\">Notre \u00e9tui Maverick M1 con\u00e7u pour une utilisation intensive. L&rsquo;\u00e9tui au format vertical avec un cadre en aluminium pour l&rsquo;a\u00e9ronautique et l&rsquo;a\u00e9rospatiale 6061 frais\u00e9 CNC combin\u00e9 avec du cuir de vache pleine fleur et une fermeture magn\u00e9tique en bas. Cet \u00e9tui tr\u00e8s r\u00e9sistant est dot\u00e9 d&rsquo;une fen\u00eatre transparente pour votre carte d&rsquo;identit\u00e9 ainsi que d&rsquo;un \u00e9videment pour badge \u00e0 l&rsquo;ext\u00e9rieur. Le badge en m\u00e9tal est ins\u00e9r\u00e9 par le haut dans l&rsquo;espace pr\u00e9vu \u00e0 cet effet. L&rsquo;\u00e9tui s&rsquo;ouvre par le bas au moyen d&rsquo;une fermeture magn\u00e9tique et se d\u00e9plie. L&rsquo;int\u00e9rieur de l&rsquo;\u00e9tui Maverick M1 est \u00e9quip\u00e9 de deux compartiments pour 2 \u00e0 4 cartes de cr\u00e9dit. Le prix comprend \u00e9galement l&rsquo;outil multi-t\u00e2ches MT04, qui dispose de 10 fonctions et a \u00e9t\u00e9 sp\u00e9cialement con\u00e7u pour les situations d&rsquo;urgence.<\/span><\/p>\n","protected":false},"featured_media":127140,"comment_status":"open","ping_status":"closed","template":"","meta":{"inline_featured_image":false},"product_brand":[],"product_cat":[1099],"product_tag":[],"class_list":{"0":"post-127332","1":"product","2":"type-product","3":"status-publish","4":"has-post-thumbnail","6":"product_cat-sapeurs-pompiers-sub","8":"first","9":"instock","10":"taxable","11":"shipping-taxable","12":"purchasable","13":"product-type-simple"},"_links":{"self":[{"href":"https:\/\/metal-badge.ch\/fr\/wp-json\/wp\/v2\/product\/127332","targetHints":{"allow":["GET"]}}],"collection":[{"href":"https:\/\/metal-badge.ch\/fr\/wp-json\/wp\/v2\/product"}],"about":[{"href":"https:\/\/metal-badge.ch\/fr\/wp-json\/wp\/v2\/types\/product"}],"replies":[{"embeddable":true,"href":"https:\/\/metal-badge.ch\/fr\/wp-json\/wp\/v2\/comments?post=127332"}],"wp:featuredmedia":[{"embeddable":true,"href":"https:\/\/metal-badge.ch\/fr\/wp-json\/wp\/v2\/media\/127140"}],"wp:attachment":[{"href":"https:\/\/metal-badge.ch\/fr\/wp-json\/wp\/v2\/media?parent=127332"}],"wp:term":[{"taxonomy":"product_brand","embeddable":true,"href":"https:\/\/metal-badge.ch\/fr\/wp-json\/wp\/v2\/product_brand?post=127332"},{"taxonomy":"product_cat","embeddable":true,"href":"https:\/\/metal-badge.ch\/fr\/wp-json\/wp\/v2\/product_cat?post=127332"},{"taxonomy":"product_tag","embeddable":true,"href":"https:\/\/metal-badge.ch\/fr\/wp-json\/wp\/v2\/product_tag?post=127332"}],"curies":[{"name":"wp","href":"https:\/\/api.w.org\/{rel}","templated":true}]}}