{"id":126021,"date":"2023-03-28T23:13:01","date_gmt":"2023-03-28T21:13:02","guid":{"rendered":"https:\/\/metal-badge.ch\/?post_type=product&#038;p=126021"},"modified":"2023-03-28T23:21:43","modified_gmt":"2023-03-28T21:21:43","slug":"etui-en-cuir-spirit-garde-suisse","status":"publish","type":"product","link":"https:\/\/metal-badge.ch\/fr\/product\/126021\/etui-en-cuir-spirit-garde-suisse\/","title":{"rendered":"\u00c9tui en cuir \u00ab Spirit \u00bb Garde Suisse"},"content":{"rendered":"<p><span style=\"font-weight: 400;\">\u00c9tui en cuir lisse noir de qualit\u00e9 sup\u00e9rieure avec deux fen\u00eatres \u00e0 l&rsquo;ext\u00e9rieur pour une carte d\u2019identit\u00e9. Cet \u00e9tui raffin\u00e9 en cuir de vachette avec deux compartiments zipp\u00e9s s&rsquo;ouvre rapidement et facilement gr\u00e2ce \u00e0 la fermeture \u00e0 glissi\u00e8re robuste, en un seul passage et sans se bloquer. Le premier compartiment zipp\u00e9 comporte une encoche \u00e0 l&rsquo;int\u00e9rieur pour placer un badge ainsi qu&rsquo;une fen\u00eatre pour une carte d\u2019identit\u00e9 suppl\u00e9mentaire. La carte d\u2019identit\u00e9 s&rsquo;ins\u00e8re lat\u00e9ralement \u00e0 l&rsquo;int\u00e9rieur de la fen\u00eatre pr\u00e9vue \u00e0 cet effet. Le deuxi\u00e8me compartiment zipp\u00e9 est \u00e9quip\u00e9 de 8&nbsp;compartiments pour cartes de cr\u00e9dit, ce qui offre la possibilit\u00e9 d&rsquo;ins\u00e9rer un total de 30&nbsp;cartes au format carte de cr\u00e9dit et notes. Par ailleurs, l&rsquo;un des compartiments contient une pochette pour cl\u00e9 USB avec une cl\u00e9 USB de 64&nbsp;Go rotative pouvant \u00eatre utilis\u00e9e comme porte-cl\u00e9s. Un autre atout de cet \u00e9tui est la petite, mais puissante, lampe LED qui est livr\u00e9e fix\u00e9e au petit mousqueton sur la fermeture \u00e0 glissi\u00e8re. Cet \u00e9tui en cuir offre un format tr\u00e8s pratique.&nbsp;&nbsp;<\/span><\/p>\n<p><b>Informations sur le produit&nbsp;:<\/b><\/p>\n<ul>\n<li><b>Dimensions de l&rsquo;\u00e9tui&nbsp;:<\/b><span style=\"font-weight: 400;\">&nbsp;hauteur 11&nbsp;cm\/largeur 8&nbsp;cm\/profondeur 3,5&nbsp;cm<\/span><span style=\"font-weight: 400;\"><br \/>\n<\/span><b><\/b><\/li>\n<li><b>Dimension de la fen\u00eatre pour le badge d&rsquo;identification&nbsp;:<\/b><span style=\"font-weight: 400;\">&nbsp;largeur 6,5&nbsp;cm\/hauteur 9&nbsp;cm<\/span><span style=\"font-weight: 400;\"><br \/>\n<\/span><\/li>\n<li><span style=\"font-weight: 400;\">2&nbsp;fen\u00eatres pour badge d&rsquo;identification \u00e0 l&rsquo;ext\u00e9rieur&nbsp;<\/span><\/li>\n<li><span style=\"font-weight: 400;\">1&nbsp;fen\u00eatre pour badge d&rsquo;identification \u00e0 l&rsquo;int\u00e9rieur<\/span><span style=\"font-weight: 400;\"><br \/>\n<\/span><\/li>\n<li><span style=\"font-weight: 400;\">8&nbsp;compartiments pour cartes de cr\u00e9dit pour, au minimum, 30&nbsp;cartes de cr\u00e9dit<\/span><\/li>\n<li><span style=\"font-weight: 400;\">1&nbsp;pochette int\u00e9gr\u00e9e pour cl\u00e9 USB avec une cl\u00e9 USB rotative de 64&nbsp;Go avec porte-cl\u00e9s&nbsp;<\/span><\/li>\n<li><span style=\"font-weight: 400;\">1&nbsp;cl\u00e9 USB de 64&nbsp;Go incluse dans le prix<\/span><\/li>\n<li><span style=\"font-weight: 400;\">1&nbsp;petite lampe LED puissante incluse dans le prix<\/span><span style=\"font-weight: 400;\"><br \/>\n<\/span><b><\/b><\/li>\n<li><b>Poids&nbsp;:<\/b><span style=\"font-weight: 400;\">&nbsp;120&nbsp;g<\/span><span style=\"font-weight: 400;\"><br \/>\n<\/span><b><\/b><\/li>\n<li><b>Couleur&nbsp;:&nbsp;<\/b><span style=\"font-weight: 400;\">noir<\/span><span style=\"font-weight: 400;\"><br \/>\n<\/span><b><\/b><\/li>\n<li><b>Mati\u00e8re&nbsp;:<\/b><span style=\"font-weight: 400;\"> cuir de vachette lisse<\/span><\/li>\n<\/ul>\n","protected":false},"excerpt":{"rendered":"<p><span style=\"font-weight: 400;\">\u00c9tui en cuir lisse noir de qualit\u00e9 sup\u00e9rieure avec deux fen\u00eatres \u00e0 l&rsquo;ext\u00e9rieur pour une carte d\u2019identit\u00e9. Cet \u00e9tui raffin\u00e9 en cuir de vachette avec deux compartiments zipp\u00e9s s&rsquo;ouvre rapidement et facilement gr\u00e2ce \u00e0 la fermeture \u00e0 glissi\u00e8re robuste, en un seul passage et sans se bloquer. Le premier compartiment zipp\u00e9 comporte une encoche \u00e0 l&rsquo;int\u00e9rieur pour placer un badge ainsi qu&rsquo;une fen\u00eatre pour une carte d\u2019identit\u00e9 suppl\u00e9mentaire. La carte d\u2019identit\u00e9 s&rsquo;ins\u00e8re lat\u00e9ralement \u00e0 l&rsquo;int\u00e9rieur de la fen\u00eatre pr\u00e9vue \u00e0 cet effet. Le deuxi\u00e8me compartiment zipp\u00e9 est \u00e9quip\u00e9 de 8&nbsp;compartiments pour cartes de cr\u00e9dit, ce qui offre la possibilit\u00e9 d&rsquo;ins\u00e9rer un total de 30&nbsp;cartes au format carte de cr\u00e9dit et notes. Par ailleurs, l&rsquo;un des compartiments contient une pochette pour cl\u00e9 USB avec une cl\u00e9 USB de 64&nbsp;Go rotative pouvant \u00eatre utilis\u00e9e comme porte-cl\u00e9s. Un autre atout de cet \u00e9tui est la petite, mais puissante, lampe LED qui est livr\u00e9e fix\u00e9e au petit mousqueton sur la fermeture \u00e0 glissi\u00e8re. Cet \u00e9tui en cuir offre un format tr\u00e8s pratique.&nbsp;&nbsp;<\/span><\/p>\n","protected":false},"featured_media":126025,"comment_status":"open","ping_status":"closed","template":"","meta":{"inline_featured_image":false},"product_brand":[],"product_cat":[1047],"product_tag":[],"class_list":{"0":"post-126021","1":"product","2":"type-product","3":"status-publish","4":"has-post-thumbnail","6":"product_cat-garde-suisse","8":"first","9":"instock","10":"taxable","11":"shipping-taxable","12":"purchasable","13":"product-type-simple"},"_links":{"self":[{"href":"https:\/\/metal-badge.ch\/fr\/wp-json\/wp\/v2\/product\/126021","targetHints":{"allow":["GET"]}}],"collection":[{"href":"https:\/\/metal-badge.ch\/fr\/wp-json\/wp\/v2\/product"}],"about":[{"href":"https:\/\/metal-badge.ch\/fr\/wp-json\/wp\/v2\/types\/product"}],"replies":[{"embeddable":true,"href":"https:\/\/metal-badge.ch\/fr\/wp-json\/wp\/v2\/comments?post=126021"}],"wp:featuredmedia":[{"embeddable":true,"href":"https:\/\/metal-badge.ch\/fr\/wp-json\/wp\/v2\/media\/126025"}],"wp:attachment":[{"href":"https:\/\/metal-badge.ch\/fr\/wp-json\/wp\/v2\/media?parent=126021"}],"wp:term":[{"taxonomy":"product_brand","embeddable":true,"href":"https:\/\/metal-badge.ch\/fr\/wp-json\/wp\/v2\/product_brand?post=126021"},{"taxonomy":"product_cat","embeddable":true,"href":"https:\/\/metal-badge.ch\/fr\/wp-json\/wp\/v2\/product_cat?post=126021"},{"taxonomy":"product_tag","embeddable":true,"href":"https:\/\/metal-badge.ch\/fr\/wp-json\/wp\/v2\/product_tag?post=126021"}],"curies":[{"name":"wp","href":"https:\/\/api.w.org\/{rel}","templated":true}]}}