{"id":125769,"date":"2023-03-16T01:18:00","date_gmt":"2023-03-16T00:18:01","guid":{"rendered":"https:\/\/metal-badge.ch\/?post_type=product&#038;p=125769"},"modified":"2023-03-16T01:22:05","modified_gmt":"2023-03-16T00:22:05","slug":"etui-en-cuir-blue-line-pompiers-aeroport-zurich","status":"publish","type":"product","link":"https:\/\/metal-badge.ch\/fr\/product\/125769\/etui-en-cuir-blue-line-pompiers-aeroport-zurich\/","title":{"rendered":"\u00c9tui en cuir \u00ab Blue Line \u00bb Pompiers A\u00e9roport Zurich"},"content":{"rendered":"<p><span style=\"font-weight: 400;\">\u00c9tui \u00e9l\u00e9gant en cuir de vachette v\u00e9ritable \u00ab&nbsp;Napa Full-Grain&nbsp;\u00bb au format vertical, avec protection RFID.<\/span><\/p>\n<p><span style=\"font-weight: 400;\">La discr\u00e8te \u00ab&nbsp;bande Blue Line&nbsp;\u00bb offre une touche symbolique pour toutes les forces de l&rsquo;ordre.<\/span><\/p>\n<p><span style=\"font-weight: 400;\">\u00c0 l&rsquo;ext\u00e9rieur, l&rsquo;\u00e9tui est pourvu d&rsquo;une fen\u00eatre transparente pour une carte d&rsquo;identit\u00e9 et d&rsquo;un anneau m\u00e9tallique pour la rabattre. Le porte-cl\u00e9s noir est amovible. L&rsquo;\u00e9tui dispose d&rsquo;une fermeture magn\u00e9tique en bas. L&rsquo;\u00e9tui est muni d&rsquo;un porte-stylo \u00e0 l&rsquo;int\u00e9rieur. Le prix comprend le petit stylo \u00e0 bille t\u00e9lescopique de qualit\u00e9 sup\u00e9rieure avec un porte-cl\u00e9s int\u00e9gr\u00e9. Ce stylo en m\u00e9tal mesure 6&nbsp;cm quand il est repli\u00e9 et 12&nbsp;cm quand il est d\u00e9ploy\u00e9. Il est petit et peut donc s&rsquo;int\u00e9grer parfaitement dans le porte-stylo, mais il peut \u00e9galement \u00eatre utilis\u00e9 comme porte-cl\u00e9s.&nbsp;<\/span><\/p>\n<p><span style=\"font-weight: 400;\">L&rsquo;\u00e9tui est con\u00e7u avec deux parois int\u00e9rieures rabattables. L&rsquo;\u00e9tui ouvert contient 6&nbsp;compartiments format carte de cr\u00e9dit pouvant contenir au minimum 12&nbsp;cartes de cr\u00e9dit. Sur le deuxi\u00e8me c\u00f4t\u00e9 rabattable se trouve une autre fen\u00eatre transparente pour glisser une carte d&rsquo;identit\u00e9 ainsi qu&rsquo;une encoche pour placer un badge. Le badge en m\u00e9tal s&rsquo;ins\u00e8re par le haut dans l&rsquo;encoche. L&rsquo;\u00e9tui peut \u00eatre attach\u00e9 \u00e0 l&rsquo;aide du passant r\u00e9glable. Il est aussi possible de retirer le passant \u00e0 l&rsquo;aide des deux petits mousquetons lat\u00e9raux. Cet \u00e9tui en cuir se range facilement dans la poche du pantalon.<\/span><\/p>\n<p><span style=\"font-weight: 400;\">Tous nos \u00e9tuis sont compatibles et interchangeables avec tous nos badges.&nbsp; &nbsp; &nbsp; <\/span><span style=\"font-weight: 400;\"><br \/>\n<\/span><\/p>\n<p><b>Informations sur le produit&nbsp;:&nbsp;<\/b><\/p>\n<ul>\n<li><span style=\"font-weight: 400;\">Nom du produit&nbsp;: Blue Line<\/span><\/li>\n<li><span style=\"font-weight: 400;\">Couleur&nbsp;: noir avec une bande bleue<\/span><\/li>\n<li><span style=\"font-weight: 400;\">Mati\u00e8re&nbsp;: cuir de vachette v\u00e9ritable et de qualit\u00e9 Nappa \u00ab&nbsp;Full-Grain&nbsp;\u00bb<\/span><\/li>\n<li><span style=\"font-weight: 400;\">6&nbsp;compartiments pour cartes de cr\u00e9dit pour un total de 12&nbsp;cartes de cr\u00e9dit<\/span><\/li>\n<li><span style=\"font-weight: 400;\">2&nbsp;fen\u00eatres transparentes pour cartes d\u2019identit\u00e9<\/span><\/li>\n<li><span style=\"font-weight: 400;\">1&nbsp;porte-stylo avec un stylo \u00e0 bille t\u00e9lescopique en m\u00e9tal de 6&nbsp;cm repli\u00e9, de 12&nbsp;cm d\u00e9ploy\u00e9&nbsp;<\/span><\/li>\n<li><span style=\"font-weight: 400;\">Avec protection RFID contre la fraude&nbsp;<\/span><\/li>\n<li><span style=\"font-weight: 400;\">Dot\u00e9 d&rsquo;une dragonne r\u00e9glable munie de deux petits mousquetons en m\u00e9tal&nbsp;<\/span><\/li>\n<li><span style=\"font-weight: 400;\">Il est possible de retirer l&rsquo;anneau ext\u00e9rieur en m\u00e9tal de 3&nbsp;cm de diam\u00e8tre<\/span><\/li>\n<li><span style=\"font-weight: 400;\">Design compact avec un format pratique<\/span><\/li>\n<li><span style=\"font-weight: 400;\">Dimensions du porte-monnaie&nbsp;: hauteur 9&nbsp;cm\/largeur 12&nbsp;cm<\/span><\/li>\n<li><span style=\"font-weight: 400;\">Dimensions de la fen\u00eatre&nbsp;: hauteur 6&nbsp;cm\/largeur 9&nbsp;cm <\/span><\/li>\n<\/ul>\n","protected":false},"excerpt":{"rendered":"<p><span style=\"font-weight: 400;\">\u00c9tui \u00e9l\u00e9gant en cuir de vachette v\u00e9ritable \u00ab&nbsp;Napa Full-Grain&nbsp;\u00bb au format vertical, avec protection RFID.<\/span><\/p>\n<p><span style=\"font-weight: 400;\">La discr\u00e8te \u00ab&nbsp;bande Blue Line&nbsp;\u00bb offre une touche symbolique pour toutes les forces de l&rsquo;ordre.<\/span><\/p>\n<p><span style=\"font-weight: 400;\">\u00c0 l&rsquo;ext\u00e9rieur, l&rsquo;\u00e9tui est pourvu d&rsquo;une fen\u00eatre transparente pour une carte d&rsquo;identit\u00e9 et d&rsquo;un anneau m\u00e9tallique pour la rabattre. Le porte-cl\u00e9s noir est amovible. L&rsquo;\u00e9tui dispose d&rsquo;une fermeture magn\u00e9tique en bas. L&rsquo;\u00e9tui est muni d&rsquo;un porte-stylo \u00e0 l&rsquo;int\u00e9rieur. Le prix comprend le petit stylo \u00e0 bille t\u00e9lescopique de qualit\u00e9 sup\u00e9rieure avec un porte-cl\u00e9s int\u00e9gr\u00e9. Ce stylo en m\u00e9tal mesure 6&nbsp;cm quand il est repli\u00e9 et 12&nbsp;cm quand il est d\u00e9ploy\u00e9. Il est petit et peut donc s&rsquo;int\u00e9grer parfaitement dans le porte-stylo, mais il peut \u00e9galement \u00eatre utilis\u00e9 comme porte-cl\u00e9s.&nbsp;<\/span><\/p>\n","protected":false},"featured_media":125773,"comment_status":"closed","ping_status":"closed","template":"","meta":{"inline_featured_image":false},"product_brand":[],"product_cat":[995],"product_tag":[],"class_list":{"0":"post-125769","1":"product","2":"type-product","3":"status-publish","4":"has-post-thumbnail","6":"product_cat-pompiers-aeroport-zurich","8":"first","9":"instock","10":"taxable","11":"shipping-taxable","12":"purchasable","13":"product-type-simple"},"_links":{"self":[{"href":"https:\/\/metal-badge.ch\/fr\/wp-json\/wp\/v2\/product\/125769","targetHints":{"allow":["GET"]}}],"collection":[{"href":"https:\/\/metal-badge.ch\/fr\/wp-json\/wp\/v2\/product"}],"about":[{"href":"https:\/\/metal-badge.ch\/fr\/wp-json\/wp\/v2\/types\/product"}],"replies":[{"embeddable":true,"href":"https:\/\/metal-badge.ch\/fr\/wp-json\/wp\/v2\/comments?post=125769"}],"wp:featuredmedia":[{"embeddable":true,"href":"https:\/\/metal-badge.ch\/fr\/wp-json\/wp\/v2\/media\/125773"}],"wp:attachment":[{"href":"https:\/\/metal-badge.ch\/fr\/wp-json\/wp\/v2\/media?parent=125769"}],"wp:term":[{"taxonomy":"product_brand","embeddable":true,"href":"https:\/\/metal-badge.ch\/fr\/wp-json\/wp\/v2\/product_brand?post=125769"},{"taxonomy":"product_cat","embeddable":true,"href":"https:\/\/metal-badge.ch\/fr\/wp-json\/wp\/v2\/product_cat?post=125769"},{"taxonomy":"product_tag","embeddable":true,"href":"https:\/\/metal-badge.ch\/fr\/wp-json\/wp\/v2\/product_tag?post=125769"}],"curies":[{"name":"wp","href":"https:\/\/api.w.org\/{rel}","templated":true}]}}