{"id":123380,"date":"2020-09-14T16:05:43","date_gmt":"2020-09-14T14:05:43","guid":{"rendered":"https:\/\/metal-badge.ch\/product\/123380\/trychler\/"},"modified":"2022-09-05T21:40:11","modified_gmt":"2022-09-05T19:40:11","slug":"trychler","status":"publish","type":"product","link":"https:\/\/metal-badge.ch\/fr\/product\/123380\/trychler\/","title":{"rendered":"Trychler"},"content":{"rendered":"<p>Der Begriff Trycheln (Trychlen, Tricheln, Treicheln) leitet sich vom Schweizerdeutschen ab. Eine Trychel ist die Bezeichnung f\u00fcr Vieh- und Kuhglocken bzw. \u2013schellen. Als T\u00e4tigkeit bezeichnet das Trycheln einen alten Brauch, der in verschiedenen Auspr\u00e4gungen im n\u00f6rdlichen Alpenraum anzutreffen ist. Eine Trychel besteht immer aus geh\u00e4mmertem Blech. Im Unterschied dazu besteht eine Glocke aus gegossenem Metall. Der Trychelklang wird dadurch scheppernder als der Glockenklang, allerdings ist eine Trychel durch diese Bauweise auch wesentlich leichter als eine Glocke gleicher Tonh\u00f6he und darum auch einfacher \u00fcber l\u00e4ngere Strecken zu tragen. Allj\u00e4hrlich werden im Haslital Trommeln geschlagen und grosse Viehglocken und Schellen gel\u00e4utet, um in den l\u00e4ngsten N\u00e4chten des Jahres die b\u00f6sen Geister zu verscheuchen. In Einsiedeln ist das Trycheln an der Fasnacht gebr\u00e4uchlich. Dabei binden sich die Trychler eine Schelle mittels breitem Lederriemen um den Bauch. Die Trychel wird auf dem R\u00fccken getragen, deswegen spricht man im Dialekt auch von sogenannten \u201eF\u00fcdlitrycheln\u201c. In Gruppen marschieren die Trychler durch das Dorf, wo sie die Trychel im rhythmischen Gleichklang ert\u00f6nen lassen. Zu sehen ist dieses Brauchtum am Dreik\u00f6nigstag, am schmutzigen Donnerstag, am G\u00fcdelmontag (Rosenmontag) sowie am Fasnachtsdienstag. Es gibt den Trychler<br \/>\nauch als bekannte Fasnachtsfigur.<\/p>\n<p><a href=\"https:\/\/metal-badge.ch\/wp-content\/uploads\/2020\/09\/trychler.pdf\"><i class=\"far fa-file-pdf\"><\/i> Geschichte zum Trychler<\/a><br \/>\n<a href=\"https:\/\/metal-badge.ch\/wp-content\/uploads\/2020\/09\/swiss-figures.pdf\"><i class=\"far fa-file-pdf\"><\/i> Brosch\u00fcre Swiss Figures<\/a><\/p>\n","protected":false},"excerpt":{"rendered":"<p><strong>Trychler aus der Region Innerschweiz<\/strong><br \/>\n<img decoding=\"async\" class=\"alignnone wp-image-108343 size-full\" src=\"https:\/\/metal-badge.ch\/wp-content\/uploads\/2020\/09\/karte_innerschweiz-1.png\" alt=\"\" width=\"258\" height=\"184\" srcset=\"https:\/\/metal-badge.ch\/wp-content\/uploads\/2020\/09\/karte_innerschweiz-1.png 258w, https:\/\/metal-badge.ch\/wp-content\/uploads\/2020\/09\/karte_innerschweiz-1-150x107.png 150w, https:\/\/metal-badge.ch\/wp-content\/uploads\/2020\/09\/karte_innerschweiz-1-64x46.png 64w, https:\/\/metal-badge.ch\/wp-content\/uploads\/2020\/09\/karte_innerschweiz-1-84x60.png 84w, https:\/\/metal-badge.ch\/wp-content\/uploads\/2020\/09\/karte_innerschweiz-1-126x90.png 126w\" sizes=\"(max-width: 258px) 100vw, 258px\" \/><\/p>\n<p>&nbsp;<\/p>\n<p>Hergestellt aus einer Mischung von Harz und Marmorsand.<br \/>\nDie Figur zeichnet sich mit besonderer Liebe zum Detail aus und wurde von Hand bemalt.<br \/>\nDas Material und die feinen Raffinessen verleihen der Figur eine extrem authentische Ausstrahlung.<br \/>\nDie Tragriemen der Trchyeln sind aus echtem Leder gefertigt.<br \/>\nDer Trychler wird in einer sch\u00f6nen Verpackung geliefert.<\/p>\n<p>Gr\u00f6sse ca. 25 cm<br \/>\nGewicht zwischen 600 und 700 Gramm<\/p>\n","protected":false},"featured_media":55238,"comment_status":"open","ping_status":"closed","template":"","meta":{"inline_featured_image":false},"product_brand":[],"product_cat":[1512],"product_tag":[2390,2391,2392,2393,2394,2399],"class_list":{"0":"post-123380","1":"product","2":"type-product","3":"status-publish","4":"has-post-thumbnail","6":"product_cat-personnage-figurine-suisse","7":"product_tag-folklore-fr","8":"product_tag-miniaturfigur-fr","9":"product_tag-schweiz-fr","10":"product_tag-swiss-figures-fr","11":"product_tag-tradition-fr","12":"product_tag-trychler-fr","14":"first","15":"instock","16":"sale","17":"taxable","18":"shipping-taxable","19":"purchasable","20":"product-type-simple"},"_links":{"self":[{"href":"https:\/\/metal-badge.ch\/fr\/wp-json\/wp\/v2\/product\/123380","targetHints":{"allow":["GET"]}}],"collection":[{"href":"https:\/\/metal-badge.ch\/fr\/wp-json\/wp\/v2\/product"}],"about":[{"href":"https:\/\/metal-badge.ch\/fr\/wp-json\/wp\/v2\/types\/product"}],"replies":[{"embeddable":true,"href":"https:\/\/metal-badge.ch\/fr\/wp-json\/wp\/v2\/comments?post=123380"}],"wp:featuredmedia":[{"embeddable":true,"href":"https:\/\/metal-badge.ch\/fr\/wp-json\/wp\/v2\/media\/55238"}],"wp:attachment":[{"href":"https:\/\/metal-badge.ch\/fr\/wp-json\/wp\/v2\/media?parent=123380"}],"wp:term":[{"taxonomy":"product_brand","embeddable":true,"href":"https:\/\/metal-badge.ch\/fr\/wp-json\/wp\/v2\/product_brand?post=123380"},{"taxonomy":"product_cat","embeddable":true,"href":"https:\/\/metal-badge.ch\/fr\/wp-json\/wp\/v2\/product_cat?post=123380"},{"taxonomy":"product_tag","embeddable":true,"href":"https:\/\/metal-badge.ch\/fr\/wp-json\/wp\/v2\/product_tag?post=123380"}],"curies":[{"name":"wp","href":"https:\/\/api.w.org\/{rel}","templated":true}]}}