{"id":123377,"date":"2020-09-14T11:37:06","date_gmt":"2020-09-14T09:37:06","guid":{"rendered":"https:\/\/metal-badge.ch\/product\/123377\/schwyzerorgelerin\/"},"modified":"2022-09-05T21:24:34","modified_gmt":"2022-09-05T19:24:34","slug":"schwyzoise","status":"publish","type":"product","link":"https:\/\/metal-badge.ch\/fr\/product\/123377\/schwyzoise\/","title":{"rendered":"Schwyzoise (Schwyzer\u00f6rgelerin)"},"content":{"rendered":"<p>Das Schwyzer\u00f6rgeli wird haupts\u00e4chlich in der Schweizer Volksmusik verwendet. Das Schwyzer\u00f6rgeli hat seinen Namen vom Kanton Schwyz und nicht vom Landesbegriff Schweiz. Die \u00e4ltesten Schwyzer\u00f6rgeli waren die sogenannten Langnauerli, die ab 1836 in Lagnau im Emmental im Kanton Bern hergestellt wurden. Der erste Schwyzer\u00f6rgelibauer war Robert Iten (1859-1918) aus Pf\u00e4ffikon im Kanton Schwyz. Die bekanntesten und heute noch sehr begehrten Instrumente sind sicher die Nussbaumer und die alten Eichhorn. Die Qualit\u00e4t der Instrumente wurde immer besser. Vor allem die 18 b\u00e4ssigen Schwyzer\u00f6rgeli mit W\u00fcrfel-Intarsien werden noch heute sehr gesch\u00e4tzt. Heute gibt es eine Reihe von Schwyzer\u00f6rgeliherstellern, die sich auf das Kopieren der Nussbaumer-Original spezialisiert haben. Zu den bekanntesten z\u00e4hlen die Z\u00fcrcher-Schmidi \u00d6rgeli und das Stradivarius-Schwyzer\u00f6rgeli von Beat Kollegger aus Alvaneu. Bei beiden Herstellern verlassen nur wenige Instrumente j\u00e4hrlich die Werkstatt. Unter den tausenden von L\u00e4ndlerkapellen werden viele als Schwyzer\u00f6rgeli-duett, -trio oder \u2013quartett bezeichnet.<\/p>\n<p><a href=\"https:\/\/metal-badge.ch\/wp-content\/uploads\/2020\/09\/schwyzeroergelerin.pdf\"><i class=\"far fa-file-pdf\"><\/i> Geschichte zum Schwyzer\u00f6rgelerin<\/a><br \/>\n<a href=\"https:\/\/metal-badge.ch\/wp-content\/uploads\/2020\/09\/swiss-figures.pdf\"><i class=\"far fa-file-pdf\"><\/i> Brosch\u00fcre Swiss Figures<\/a><\/p>\n","protected":false},"excerpt":{"rendered":"<p><strong>Schwyzer\u00f6rgelerin aus der Region Bern\/Thun<\/strong><br \/>\n<img decoding=\"async\" class=\"alignnone size-full wp-image-108333\" src=\"https:\/\/metal-badge.ch\/wp-content\/uploads\/2020\/09\/karte_fribourg-1.png\" alt=\"\" width=\"258\" height=\"177\" srcset=\"https:\/\/metal-badge.ch\/wp-content\/uploads\/2020\/09\/karte_fribourg-1.png 258w, https:\/\/metal-badge.ch\/wp-content\/uploads\/2020\/09\/karte_fribourg-1-150x103.png 150w, https:\/\/metal-badge.ch\/wp-content\/uploads\/2020\/09\/karte_fribourg-1-64x44.png 64w, https:\/\/metal-badge.ch\/wp-content\/uploads\/2020\/09\/karte_fribourg-1-87x60.png 87w, https:\/\/metal-badge.ch\/wp-content\/uploads\/2020\/09\/karte_fribourg-1-131x90.png 131w\" sizes=\"(max-width: 258px) 100vw, 258px\" \/><\/p>\n<p>Hergestellt aus einer Mischung von Harz und Marmorsand.<br \/>\nDie Figur zeichnet sich mit besonderer Liebe zum Detail aus und wurde von Hand bemalt.<br \/>\nDas Material und die feinen Raffinessen verleihen der Figur eine extrem authentische Ausstrahlung.<br \/>\nDie Haube auf dem Kopf dieser Figur ist aus Stoff gefertigt.<br \/>\nDie Tragriemen des Schwyzer\u00f6rgeli sind aus echtem Leder hergestellt.<br \/>\nDie Schwyzer\u00f6rgelerin wird in einer sch\u00f6nen Verpackung geliefert.<\/p>\n<p>Gr\u00f6sse ca. 25 cm<br \/>\nGewicht zwischen 600 und 700 Gramm<\/p>\n","protected":false},"featured_media":55216,"comment_status":"open","ping_status":"closed","template":"","meta":{"inline_featured_image":false},"product_brand":[],"product_cat":[1512],"product_tag":[2391,2392,2397,2400,2393,2394],"class_list":{"0":"post-123377","1":"product","2":"type-product","3":"status-publish","4":"has-post-thumbnail","6":"product_cat-personnage-figurine-suisse","7":"product_tag-miniaturfigur-fr","8":"product_tag-schweiz-fr","9":"product_tag-schwyzerorgelerin-fr","10":"product_tag-souvenir-fr","11":"product_tag-swiss-figures-fr","12":"product_tag-tradition-fr","14":"first","15":"instock","16":"sale","17":"taxable","18":"shipping-taxable","19":"purchasable","20":"product-type-simple"},"_links":{"self":[{"href":"https:\/\/metal-badge.ch\/fr\/wp-json\/wp\/v2\/product\/123377","targetHints":{"allow":["GET"]}}],"collection":[{"href":"https:\/\/metal-badge.ch\/fr\/wp-json\/wp\/v2\/product"}],"about":[{"href":"https:\/\/metal-badge.ch\/fr\/wp-json\/wp\/v2\/types\/product"}],"replies":[{"embeddable":true,"href":"https:\/\/metal-badge.ch\/fr\/wp-json\/wp\/v2\/comments?post=123377"}],"wp:featuredmedia":[{"embeddable":true,"href":"https:\/\/metal-badge.ch\/fr\/wp-json\/wp\/v2\/media\/55216"}],"wp:attachment":[{"href":"https:\/\/metal-badge.ch\/fr\/wp-json\/wp\/v2\/media?parent=123377"}],"wp:term":[{"taxonomy":"product_brand","embeddable":true,"href":"https:\/\/metal-badge.ch\/fr\/wp-json\/wp\/v2\/product_brand?post=123377"},{"taxonomy":"product_cat","embeddable":true,"href":"https:\/\/metal-badge.ch\/fr\/wp-json\/wp\/v2\/product_cat?post=123377"},{"taxonomy":"product_tag","embeddable":true,"href":"https:\/\/metal-badge.ch\/fr\/wp-json\/wp\/v2\/product_tag?post=123377"}],"curies":[{"name":"wp","href":"https:\/\/api.w.org\/{rel}","templated":true}]}}