{"id":123372,"date":"2020-09-14T11:19:09","date_gmt":"2020-09-14T09:19:09","guid":{"rendered":"https:\/\/metal-badge.ch\/product\/123372\/jodlerin\/"},"modified":"2022-09-05T21:07:26","modified_gmt":"2022-09-05T19:07:26","slug":"yodeleuse","status":"publish","type":"product","link":"https:\/\/metal-badge.ch\/fr\/product\/123372\/yodeleuse\/","title":{"rendered":"Yodeleuse (Jodlerin)"},"content":{"rendered":"<p>Signale \u00fcber gr\u00f6ssere Distanzen zu \u00fcbermitteln, war die urspr\u00fcngliche Funktion des Jodelns. Die hohen T\u00f6ne der Kopfstimme sind \u00fcber weite Entfernungen vernehmbar.<br \/>\nHolzf\u00e4ller aber auch Sennen und Hirten sowie andere Leute haben ihre Arbeit mit dem Jodelruf aufeinander abgestimmt. Die Art des Tones vermittelte die Bedeutung. Die Empf\u00e4nger der Signale kannten deren Bedeutung und handelten entsprechend. Kein Instrument kann eine Gef\u00fchlslage besser ausdr\u00fccken als die menschliche Stimme. Das Jodeln nimmt f\u00fcr sich in Anspruch, Liebe, Leid und Freude ganz besonders intensiv auszudr\u00fccken. Die Hirten und Sennen brachten mit dem Jodeln in der Bergeinsamkeit ihre Freude und ihre Sorgen zum Ausdruck. Heute noch ziehen die Sennen im Fr\u00fchling bei der Alpfahrt unter Jodel und Gesang mit ihren Herden auf die gr\u00fcnen Alpen, und im Herbst, wenn sie ins Tal zur\u00fcckkehren, nehmen sie mit einem letzten Jodel und Jauchzer von ihnen Abschied. In der Schweiz gibt es zwei unterschiedliche Jodelarten. Das Jodellied und den Naturjodel. Das Jodellied besteht in der Regel aus einem Text in drei Strophen und anschliessendem Jodel. Der Naturjodel ist eine Melodie ohne Worte, die das Empfinden der Bergler und \u00c4lpler zum Ausdruck bringt. Der Naturjodel wird vor allem in Appenzell, im Toggenburg, im Berner Oberland und in der Zentralschweiz sehr intensiv gepflegt.<\/p>\n<p><a href=\"https:\/\/metal-badge.ch\/wp-content\/uploads\/2020\/09\/jodlerin.pdf\"><i class=\"far fa-file-pdf\"><\/i> Geschichte zum Jodel<\/a><br \/>\n<a href=\"https:\/\/metal-badge.ch\/wp-content\/uploads\/2020\/09\/swiss-figures.pdf\"><i class=\"far fa-file-pdf\"><\/i> Brosch\u00fcre Swiss Figures<\/a><\/p>\n","protected":false},"excerpt":{"rendered":"<p><strong>Jodlerin aus der Region Fribourg<\/strong><br \/>\n<img decoding=\"async\" class=\"alignnone size-full wp-image-108329\" src=\"https:\/\/metal-badge.ch\/wp-content\/uploads\/2020\/09\/karte_fribourg.png\" alt=\"\" width=\"258\" height=\"177\" srcset=\"https:\/\/metal-badge.ch\/wp-content\/uploads\/2020\/09\/karte_fribourg.png 258w, https:\/\/metal-badge.ch\/wp-content\/uploads\/2020\/09\/karte_fribourg-150x103.png 150w, https:\/\/metal-badge.ch\/wp-content\/uploads\/2020\/09\/karte_fribourg-64x44.png 64w, https:\/\/metal-badge.ch\/wp-content\/uploads\/2020\/09\/karte_fribourg-87x60.png 87w, https:\/\/metal-badge.ch\/wp-content\/uploads\/2020\/09\/karte_fribourg-131x90.png 131w\" sizes=\"(max-width: 258px) 100vw, 258px\" \/><\/p>\n<p>&nbsp;<\/p>\n<p>Hergestellt aus einer Mischung von Harz und Marmorsand.<br \/>\nDie Figur zeichnet sich mit besonderer Liebe zum Detail aus und wurde von Hand bemalt.<br \/>\nDas Material und die feinen Raffinessen verleihen der Figur eine extrem authentische Ausstrahlung.<br \/>\nDie Jodlerin wird in einer sch\u00f6nen Verpackung geliefert.<\/p>\n<p>Gr\u00f6sse ca. 25 cm<br \/>\nGewicht zwischen 600 und 700 Gramm<\/p>\n","protected":false},"featured_media":55194,"comment_status":"open","ping_status":"closed","template":"","meta":{"inline_featured_image":false},"product_brand":[],"product_cat":[1512],"product_tag":[2390,2396,2392,2400,2393,2394],"class_list":{"0":"post-123372","1":"product","2":"type-product","3":"status-publish","4":"has-post-thumbnail","6":"product_cat-personnage-figurine-suisse","7":"product_tag-folklore-fr","8":"product_tag-jodlerin-fr","9":"product_tag-schweiz-fr","10":"product_tag-souvenir-fr","11":"product_tag-swiss-figures-fr","12":"product_tag-tradition-fr","14":"first","15":"instock","16":"sale","17":"taxable","18":"shipping-taxable","19":"purchasable","20":"product-type-simple"},"_links":{"self":[{"href":"https:\/\/metal-badge.ch\/fr\/wp-json\/wp\/v2\/product\/123372","targetHints":{"allow":["GET"]}}],"collection":[{"href":"https:\/\/metal-badge.ch\/fr\/wp-json\/wp\/v2\/product"}],"about":[{"href":"https:\/\/metal-badge.ch\/fr\/wp-json\/wp\/v2\/types\/product"}],"replies":[{"embeddable":true,"href":"https:\/\/metal-badge.ch\/fr\/wp-json\/wp\/v2\/comments?post=123372"}],"wp:featuredmedia":[{"embeddable":true,"href":"https:\/\/metal-badge.ch\/fr\/wp-json\/wp\/v2\/media\/55194"}],"wp:attachment":[{"href":"https:\/\/metal-badge.ch\/fr\/wp-json\/wp\/v2\/media?parent=123372"}],"wp:term":[{"taxonomy":"product_brand","embeddable":true,"href":"https:\/\/metal-badge.ch\/fr\/wp-json\/wp\/v2\/product_brand?post=123372"},{"taxonomy":"product_cat","embeddable":true,"href":"https:\/\/metal-badge.ch\/fr\/wp-json\/wp\/v2\/product_cat?post=123372"},{"taxonomy":"product_tag","embeddable":true,"href":"https:\/\/metal-badge.ch\/fr\/wp-json\/wp\/v2\/product_tag?post=123372"}],"curies":[{"name":"wp","href":"https:\/\/api.w.org\/{rel}","templated":true}]}}