{"id":123368,"date":"2020-09-14T09:47:29","date_gmt":"2020-09-14T07:47:29","guid":{"rendered":"https:\/\/metal-badge.ch\/product\/123368\/alphornblaser\/"},"modified":"2022-09-05T20:36:30","modified_gmt":"2022-09-05T18:36:30","slug":"joueur-de-cor-des-alpes","status":"publish","type":"product","link":"https:\/\/metal-badge.ch\/fr\/product\/123368\/joueur-de-cor-des-alpes\/","title":{"rendered":"Joueur de cor des Alpes"},"content":{"rendered":"<p>Das Alphorn war zwischen dem 16. und dem 18. Jahrhundert ein Instrument des Hirten. Es diente dazu, die K\u00fche von der Weide zum Stall zu rufen, wenn es Zeit f\u00fcrs Melken war. Ebenfalls soll das Alphorn w\u00e4hrend dem Melkvorgang geblasen worden sein, um die K\u00fche zu beruhigen. Es stellte zudem den Kontakt zwischen den Sennen und den benachbarten Alpen sowie mit den Leuten im Dorf sicher. Im fr\u00fchen 19. Jahrhundert b\u00fcsste das Alphorn seine Bedeutung als Kommunikationswerkzeug der Hirten ein und geriet beinahe in Vergessenheit. Die traditionelle K\u00e4seherstellung auf der Alp verlagerte sich immer mehr in die genossenschaftlichen Molkereien in den D\u00f6rfern im Tal, auch weil auf vielen Alpen Rinder die K\u00fche ersetzten. Wenn wir heute von einem Alphorn sprechen, meinen wir ein langes, gerades, unten abgebogenes Holzhorn. Die Bezeichnung Alphorn wurde jedoch in fr\u00fcheren Zeiten auch f\u00fcr andere Hirteninstrumente in den Alpregionen verwendet. Die typische Form des Alphorns (unten abgebogener Schallbecher) hat wahrscheinlich praktische Gr\u00fcnde. Deshalb muss ein Bastler unter den Hirten auf die Idee gekommen sein, das Rohr unten abzubiegen. Dies wurde urspr\u00fcnglich dadurch erreicht, dass man geeignete Tannen, welche am Abhang gewachsen sind, zum Instrumenten-bau verwendete. So wurde die typische Kr\u00fcmmung des Alphorns sozusagen von Natur aus gegeben.<\/p>\n<p><a href=\"https:\/\/metal-badge.ch\/wp-content\/uploads\/2020\/09\/alphornblaeser.pdf\"><i class=\"far fa-file-pdf\"><\/i> Geschichte zum Alphornbl\u00e4ser<\/a><br \/>\n<a href=\"https:\/\/metal-badge.ch\/wp-content\/uploads\/2020\/09\/swiss-figures.pdf\"><i class=\"far fa-file-pdf\"><\/i> Brosch\u00fcre Swiss Figures<\/a><\/p>\n","protected":false},"excerpt":{"rendered":"<p><strong>Alphornbl\u00e4ser aus der Region Zug<\/strong><br \/>\n<img decoding=\"async\" class=\"alignnone size-full wp-image-108294\" src=\"https:\/\/metal-badge.ch\/wp-content\/uploads\/2020\/09\/zug.png\" alt=\"\" width=\"258\" height=\"186\" srcset=\"https:\/\/metal-badge.ch\/wp-content\/uploads\/2020\/09\/zug.png 258w, https:\/\/metal-badge.ch\/wp-content\/uploads\/2020\/09\/zug-150x108.png 150w, https:\/\/metal-badge.ch\/wp-content\/uploads\/2020\/09\/zug-64x46.png 64w, https:\/\/metal-badge.ch\/wp-content\/uploads\/2020\/09\/zug-83x60.png 83w, https:\/\/metal-badge.ch\/wp-content\/uploads\/2020\/09\/zug-125x90.png 125w\" sizes=\"(max-width: 258px) 100vw, 258px\" \/><\/p>\n<p>Hergestellt aus einer Mischung von Harz und Marmorsand.<br \/>\nDie Figur zeichnet sich mit besonderer Liebe zum Detail aus und wurde von Hand bemalt.<br \/>\nDas Material und die feinen Raffinessen verleihen der Figur eine extrem authentische Ausstrahlung.<br \/>\nDas Alphorn ist in der Gr\u00f6sse der Figur in Originall\u00e4nge angepasst und misst ca. 32cm.<br \/>\nDas Alphorn ist abnehmbar und kann in zwei Teile zerlegt werden.<br \/>\nDer Alphornbl\u00e4ser wird in einer sch\u00f6nen Verpackung geliefert.<\/p>\n<p>Gr\u00f6sse ca. 25 cm<br \/>\nGewicht zwischen 600 und 700 Gramm<\/p>\n","protected":false},"featured_media":55078,"comment_status":"open","ping_status":"closed","template":"","meta":{"inline_featured_image":false},"product_brand":[],"product_cat":[1512],"product_tag":[],"class_list":{"0":"post-123368","1":"product","2":"type-product","3":"status-publish","4":"has-post-thumbnail","6":"product_cat-personnage-figurine-suisse","8":"first","9":"instock","10":"sale","11":"taxable","12":"shipping-taxable","13":"purchasable","14":"product-type-simple"},"_links":{"self":[{"href":"https:\/\/metal-badge.ch\/fr\/wp-json\/wp\/v2\/product\/123368","targetHints":{"allow":["GET"]}}],"collection":[{"href":"https:\/\/metal-badge.ch\/fr\/wp-json\/wp\/v2\/product"}],"about":[{"href":"https:\/\/metal-badge.ch\/fr\/wp-json\/wp\/v2\/types\/product"}],"replies":[{"embeddable":true,"href":"https:\/\/metal-badge.ch\/fr\/wp-json\/wp\/v2\/comments?post=123368"}],"wp:featuredmedia":[{"embeddable":true,"href":"https:\/\/metal-badge.ch\/fr\/wp-json\/wp\/v2\/media\/55078"}],"wp:attachment":[{"href":"https:\/\/metal-badge.ch\/fr\/wp-json\/wp\/v2\/media?parent=123368"}],"wp:term":[{"taxonomy":"product_brand","embeddable":true,"href":"https:\/\/metal-badge.ch\/fr\/wp-json\/wp\/v2\/product_brand?post=123368"},{"taxonomy":"product_cat","embeddable":true,"href":"https:\/\/metal-badge.ch\/fr\/wp-json\/wp\/v2\/product_cat?post=123368"},{"taxonomy":"product_tag","embeddable":true,"href":"https:\/\/metal-badge.ch\/fr\/wp-json\/wp\/v2\/product_tag?post=123368"}],"curies":[{"name":"wp","href":"https:\/\/api.w.org\/{rel}","templated":true}]}}