{"id":123294,"date":"2022-08-31T11:46:18","date_gmt":"2022-08-31T09:46:21","guid":{"rendered":"https:\/\/metal-badge.ch\/?post_type=product&#038;p=123294"},"modified":"2024-04-06T23:40:55","modified_gmt":"2024-04-06T21:40:55","slug":"sac-de-premiers-secours-tactique-molle-ma004","status":"publish","type":"product","link":"https:\/\/metal-badge.ch\/fr\/product\/123294\/sac-de-premiers-secours-tactique-molle-ma004\/","title":{"rendered":"Sac de premiers secours tactique Molle MA004"},"content":{"rendered":"<p><span style=\"font-weight: 400;\">Sac MOLLE de premiers secours avec contenu, con\u00e7u pour une utilisation tactique rapide<\/span><\/p>\n<p><span style=\"font-weight: 400;\">\u00c9quip\u00e9 d&rsquo;une fermeture \u00e9clair \u00e0 deux voies avec une poche int\u00e9rieure pour les cartes, etc. et un grand compartiment de rangement pour le mat\u00e9riel de premiers secours. Fabriqu\u00e9 en tissu 600D robuste avec un scellement int\u00e9rieur hydrofuge. Compatible avec tous les sacs \u00e0 dos, les gilets tactiques ou les ceintures d&rsquo;\u00e9quipement MOLLE. Le sac est livr\u00e9 avec un patch velcro.&nbsp;<\/span><\/p>\n<p><span style=\"font-weight: 400;\">La trousse est livr\u00e9e, selon le choix, avec un contenu de premiers secours, des pincettes et des ciseaux, des pansements, des bandages et bien plus encore. Convient \u00e9galement comme sac Molle ou comme trousse de toilette pour les randonneurs, les campeurs et autres amateurs de plein air<\/span><\/p>\n<p><b>Description du produit&nbsp;:&nbsp;<\/b><\/p>\n<ul>\n<li><span style=\"font-weight: 400;\">D\u00e9signation&nbsp;: Sac premiers secours Molle MA-004<\/span><\/li>\n<li><span style=\"font-weight: 400;\">Couleur&nbsp;: rouge&nbsp;<\/span><\/li>\n<li><span style=\"font-weight: 400;\">Dimensions : 16 cm x 11 cm<\/span><\/li>\n<li><span style=\"font-weight: 400;\">Poids avec contenu&nbsp;: env. 350 gr.&nbsp;<\/span><\/li>\n<li><span style=\"font-weight: 400;\">Mat\u00e9riau&nbsp;: tissu polyester 600D, imperm\u00e9able avec fermeture \u00e0 glissi\u00e8re double sens&nbsp;<\/span><\/li>\n<li><span style=\"font-weight: 400;\">1x patch velcro de premier secours au choix<\/span><\/li>\n<li><span style=\"font-weight: 400;\">fermeture \u00e9clair \u00e0 double sens<\/span><\/li>\n<li><span style=\"font-weight: 400;\">2x boucles de fixation Molle avec bouton-poussoir \u00e0 l&rsquo;arri\u00e8re<\/span><span style=\"font-weight: 400;\"><br \/>\n<\/span><span style=\"font-weight: 400;\">Boucles de fixationMolle \u00e0 l&rsquo;avant<\/span><\/li>\n<li><span style=\"font-weight: 400;\">Boucle de suspension&nbsp;<\/span><\/li>\n<\/ul>\n<p><span style=\"font-weight: 400;\">Le sac rempli contient&nbsp;:<\/span><\/p>\n<p><b>Contenu de la trousse de premiers secours&nbsp;:<\/b><\/p>\n<ul>\n<li><span style=\"font-weight: 400;\">1x ciseaux<\/span><\/li>\n<li><span style=\"font-weight: 400;\">1x pincette<\/span><\/li>\n<li><span style=\"font-weight: 400;\">1x set de gants en caoutchouc&nbsp;<\/span><\/li>\n<li><span style=\"font-weight: 400;\">1x foulard triangulaire&nbsp;<\/span><\/li>\n<li><span style=\"font-weight: 400;\">1x compresseur de veine, garrot \u00e0 veine<\/span><\/li>\n<li><span style=\"font-weight: 400;\">1x couverture de survie en aluminium or 160 cm x 210 cm&nbsp;<\/span><\/li>\n<li><span style=\"font-weight: 400;\">2x paquets de pansements diff\u00e9rents&nbsp;<\/span><\/li>\n<li><span style=\"font-weight: 400;\">1x bande de gaze<\/span><\/li>\n<li><span style=\"font-weight: 400;\">10x cotons-tiges&nbsp;<\/span><\/li>\n<li><span style=\"font-weight: 400;\">1x paquet de boules de coton<\/span><\/li>\n<li><span style=\"font-weight: 400;\">1x solution d\u00e9sinfectante 50 ml&nbsp;<\/span><\/li>\n<li><span style=\"font-weight: 400;\">Compresses<\/span><\/li>\n<li><span style=\"font-weight: 400;\">Divers pansements<\/span><\/li>\n<li>\n<div>1x pack de glace<\/div>\n<div>&nbsp;<\/div>\n<\/li>\n<li>\n<div>Brochure de premiers soins<\/div>\n<\/li>\n<\/ul>\n","protected":false},"excerpt":{"rendered":"<p><span style=\"font-weight: 400;\">Sac MOLLE de premiers secours avec contenu, con\u00e7u pour une utilisation tactique rapide<\/span><\/p>\n<p><span style=\"font-weight: 400;\">\u00c9quip\u00e9 d&rsquo;une fermeture \u00e9clair \u00e0 deux voies avec une poche int\u00e9rieure pour les cartes, etc. et un grand compartiment de rangement pour le mat\u00e9riel de premiers secours. Fabriqu\u00e9 en tissu 600D robuste avec un scellement int\u00e9rieur hydrofuge. Compatible avec tous les sacs \u00e0 dos, les gilets tactiques ou les ceintures d&rsquo;\u00e9quipement MOLLE. Le sac est livr\u00e9 avec un patch velcro.&nbsp;<\/span><\/p>\n","protected":false},"featured_media":123298,"comment_status":"closed","ping_status":"closed","template":"","meta":{"inline_featured_image":false},"product_brand":[],"product_cat":[1059,887,2291],"product_tag":[1785],"class_list":{"0":"post-123294","1":"product","2":"type-product","3":"status-publish","4":"has-post-thumbnail","6":"product_cat-sacs","7":"product_cat-accessoires","8":"product_cat-sacs-modulaires","9":"product_tag-premiers-secours-sauvetage","11":"first","12":"instock","13":"taxable","14":"shipping-taxable","15":"purchasable","16":"product-type-simple"},"_links":{"self":[{"href":"https:\/\/metal-badge.ch\/fr\/wp-json\/wp\/v2\/product\/123294","targetHints":{"allow":["GET"]}}],"collection":[{"href":"https:\/\/metal-badge.ch\/fr\/wp-json\/wp\/v2\/product"}],"about":[{"href":"https:\/\/metal-badge.ch\/fr\/wp-json\/wp\/v2\/types\/product"}],"replies":[{"embeddable":true,"href":"https:\/\/metal-badge.ch\/fr\/wp-json\/wp\/v2\/comments?post=123294"}],"wp:featuredmedia":[{"embeddable":true,"href":"https:\/\/metal-badge.ch\/fr\/wp-json\/wp\/v2\/media\/123298"}],"wp:attachment":[{"href":"https:\/\/metal-badge.ch\/fr\/wp-json\/wp\/v2\/media?parent=123294"}],"wp:term":[{"taxonomy":"product_brand","embeddable":true,"href":"https:\/\/metal-badge.ch\/fr\/wp-json\/wp\/v2\/product_brand?post=123294"},{"taxonomy":"product_cat","embeddable":true,"href":"https:\/\/metal-badge.ch\/fr\/wp-json\/wp\/v2\/product_cat?post=123294"},{"taxonomy":"product_tag","embeddable":true,"href":"https:\/\/metal-badge.ch\/fr\/wp-json\/wp\/v2\/product_tag?post=123294"}],"curies":[{"name":"wp","href":"https:\/\/api.w.org\/{rel}","templated":true}]}}