{"id":123163,"date":"2022-08-29T07:44:36","date_gmt":"2022-08-29T05:44:40","guid":{"rendered":"https:\/\/metal-badge.ch\/?post_type=product&#038;p=123163"},"modified":"2024-04-06T23:19:53","modified_gmt":"2024-04-06T21:19:53","slug":"sac-de-premiers-secours-tactique-molle-ma002","status":"publish","type":"product","link":"https:\/\/metal-badge.ch\/fr\/product\/123163\/sac-de-premiers-secours-tactique-molle-ma002\/","title":{"rendered":"Sac de premiers secours tactique Molle MA002"},"content":{"rendered":"<p><span style=\"font-weight: 400;\">Sac MOLLE de premiers secours avec contenu, con\u00e7u pour une utilisation tactique rapide<\/span><\/p>\n<p><span style=\"font-weight: 400;\">\u00c9quip\u00e9 d&rsquo;une fermeture \u00e0 glissi\u00e8re \u00e0 double sens avec des compartiments int\u00e9rieurs, des poches ins\u00e9r\u00e9es et beaucoup d&rsquo;espace de rangement pour le mat\u00e9riel de premiers secours. Fabriqu\u00e9 en tissu 600D robuste avec un scellement int\u00e9rieur hydrofuge. Compatible avec tous les sacs \u00e0 dos, les gilets tactiques ou les ceintures d&rsquo;\u00e9quipement MOLLE. Le sac est livr\u00e9 avec un patch velcro.&nbsp;<\/span><\/p>\n<p><span style=\"font-weight: 400;\">La trousse est livr\u00e9e, selon le choix, avec un contenu de premiers secours, des pincettes et des ciseaux, des pansements, des bandages et bien plus encore. Convient \u00e9galement comme sac Molle ou comme trousse de toilette pour les randonneurs, les campeurs et autres amateurs de plein air<\/span><\/p>\n<p><span style=\"font-weight: 400;\">La plaque de soutien est fix\u00e9e au sac par du velcro et peut \u00eatre retir\u00e9e en un tour de main de la surface velcro et remise en place apr\u00e8s utilisation. Si la plaque de soutien reste attach\u00e9e au sac et que celui-ci est ouvert, la partie avant du sac reste en position horizontale, de sorte que le contenu ne tombe pas. Les dimensions de la plaque de soutien sont d&rsquo;environ 13 x 16 cm. La plaque de soutien est \u00e9galement \u00e9quip\u00e9e de boucles de ceinture \/ Molle System.<\/span><\/p>\n<p><b>Description du produit&nbsp;:&nbsp;<\/b><\/p>\n<ul>\n<li><span style=\"font-weight: 400;\">D\u00e9signation&nbsp;: Sac premiers secours Molle MA-002<\/span><\/li>\n<li><span style=\"font-weight: 400;\">Couleur&nbsp;: rouge&nbsp;<\/span><\/li>\n<li><span style=\"font-weight: 400;\">Dimensions&nbsp;: hauteur 14 cm x largeur 20 cm<\/span><\/li>\n<li><span style=\"font-weight: 400;\">Poids avec contenu&nbsp;: env. 480 gr.&nbsp;<\/span><\/li>\n<li><span style=\"font-weight: 400;\">Mat\u00e9riau&nbsp;: tissu polyester 600D, imperm\u00e9able avec fermeture \u00e0 glissi\u00e8re double sens&nbsp;<\/span><\/li>\n<li><span style=\"font-weight: 400;\">1x patch velcro de premier secours au choix<\/span><\/li>\n<li><span style=\"font-weight: 400;\">Diverses poches de rangement \/ poches en filet et boucles \u00e9lastiques \u00e0 l&rsquo;int\u00e9rieur<\/span><\/li>\n<li><span style=\"font-weight: 400;\">plaque de soutien Molle amovible avec velcro et <\/span><span style=\"font-weight: 400;\"><br \/>\n<\/span><span style=\"font-weight: 400;\">2x boucles de fixation Molle avec bouton-pression&nbsp;<\/span><\/li>\n<li><span style=\"font-weight: 400;\">fermeture \u00e9clair \u00e0 double sens<\/span><\/li>\n<li><span style=\"font-weight: 400;\">Fermeture rapide \u00e0 clic&nbsp;<\/span><\/li>\n<li><span style=\"font-weight: 400;\">1x poign\u00e9e de transport<\/span><\/li>\n<li><span style=\"font-weight: 400;\">boucles d&rsquo;attache Molle \u00e0 l&rsquo;avant<\/span><\/li>\n<\/ul>\n<p><span style=\"font-weight: 400;\">Le sac rempli contient&nbsp;:<\/span><\/p>\n<p><b>Contenu de la trousse de premiers secours&nbsp;:<\/b><\/p>\n<ul>\n<li><span style=\"font-weight: 400;\">1x ciseaux<\/span><\/li>\n<li><span style=\"font-weight: 400;\">1x pincette<\/span><\/li>\n<li><span style=\"font-weight: 400;\">1x Attelle d&rsquo;urgence &#8211; Attelle universelle Splint pour jambe et bras<\/span><\/li>\n<li><span style=\"font-weight: 400;\">1x set de gants en caoutchouc&nbsp;<\/span><\/li>\n<li><span style=\"font-weight: 400;\">1x foulard triangulaire&nbsp;<\/span><\/li>\n<li><span style=\"font-weight: 400;\">1x compresseur de veine, garrot \u00e0 veine<\/span><\/li>\n<li><span style=\"font-weight: 400;\">1x couverture de survie en aluminium or 160 cm x 210 cm&nbsp;<\/span><\/li>\n<li><span style=\"font-weight: 400;\">2x paquets de pansements diff\u00e9rents<\/span><\/li>\n<li><span style=\"font-weight: 400;\">1x rouleau de sparadrap&nbsp;<\/span><\/li>\n<li><span style=\"font-weight: 400;\">1x bande de gaze<\/span><\/li>\n<li><span style=\"font-weight: 400;\">Compresses<\/span><\/li>\n<li><span style=\"font-weight: 400;\">10x cotons-tiges<\/span><\/li>\n<li><span style=\"font-weight: 400;\">1x paquet de boules de coton<\/span><\/li>\n<li><span style=\"font-weight: 400;\">Divers pansements&nbsp;<\/span><\/li>\n<li><span style=\"font-weight: 400;\">1x solution d\u00e9sinfectante<\/span><\/li>\n<li>1x livret de premiers secours<\/li>\n<\/ul>\n","protected":false},"excerpt":{"rendered":"<p><span style=\"font-weight: 400;\">Sac MOLLE de premiers secours avec contenu, con\u00e7u pour une utilisation tactique rapide<\/span><\/p>\n<p><span style=\"font-weight: 400;\">\u00c9quip\u00e9 d&rsquo;une fermeture \u00e0 glissi\u00e8re \u00e0 double sens avec des compartiments int\u00e9rieurs, des poches ins\u00e9r\u00e9es et beaucoup d&rsquo;espace de rangement pour le mat\u00e9riel de premiers secours. Fabriqu\u00e9 en tissu 600D robuste avec un scellement int\u00e9rieur hydrofuge. Compatible avec tous les sacs \u00e0 dos, les gilets tactiques ou les ceintures d&rsquo;\u00e9quipement MOLLE. Le sac est livr\u00e9 avec un patch velcro.&nbsp;<\/span><\/p>\n","protected":false},"featured_media":123167,"comment_status":"closed","ping_status":"closed","template":"","meta":{"inline_featured_image":false},"product_brand":[],"product_cat":[1059,887,2291],"product_tag":[1785],"class_list":{"0":"post-123163","1":"product","2":"type-product","3":"status-publish","4":"has-post-thumbnail","6":"product_cat-sacs","7":"product_cat-accessoires","8":"product_cat-sacs-modulaires","9":"product_tag-premiers-secours-sauvetage","11":"first","12":"instock","13":"taxable","14":"shipping-taxable","15":"purchasable","16":"product-type-simple"},"_links":{"self":[{"href":"https:\/\/metal-badge.ch\/fr\/wp-json\/wp\/v2\/product\/123163","targetHints":{"allow":["GET"]}}],"collection":[{"href":"https:\/\/metal-badge.ch\/fr\/wp-json\/wp\/v2\/product"}],"about":[{"href":"https:\/\/metal-badge.ch\/fr\/wp-json\/wp\/v2\/types\/product"}],"replies":[{"embeddable":true,"href":"https:\/\/metal-badge.ch\/fr\/wp-json\/wp\/v2\/comments?post=123163"}],"wp:featuredmedia":[{"embeddable":true,"href":"https:\/\/metal-badge.ch\/fr\/wp-json\/wp\/v2\/media\/123167"}],"wp:attachment":[{"href":"https:\/\/metal-badge.ch\/fr\/wp-json\/wp\/v2\/media?parent=123163"}],"wp:term":[{"taxonomy":"product_brand","embeddable":true,"href":"https:\/\/metal-badge.ch\/fr\/wp-json\/wp\/v2\/product_brand?post=123163"},{"taxonomy":"product_cat","embeddable":true,"href":"https:\/\/metal-badge.ch\/fr\/wp-json\/wp\/v2\/product_cat?post=123163"},{"taxonomy":"product_tag","embeddable":true,"href":"https:\/\/metal-badge.ch\/fr\/wp-json\/wp\/v2\/product_tag?post=123163"}],"curies":[{"name":"wp","href":"https:\/\/api.w.org\/{rel}","templated":true}]}}