{"id":122879,"date":"2022-08-21T21:00:30","date_gmt":"2022-08-21T19:00:30","guid":{"rendered":"https:\/\/metal-badge.ch\/product\/122879\/plaque-de-stationnement-en-aluminium-emaille-robuste-et-resistant-aux-intemperies\/"},"modified":"2022-08-21T21:00:30","modified_gmt":"2022-08-21T19:00:30","slug":"plaque-de-stationnement-en-aluminium-emaille-robuste-et-resistant-aux-intemperies","status":"publish","type":"product","link":"https:\/\/metal-badge.ch\/fr\/product\/122879\/plaque-de-stationnement-en-aluminium-emaille-robuste-et-resistant-aux-intemperies\/","title":{"rendered":"Plaque de stationnement en aluminium \u00e9maill\u00e9 robuste et r\u00e9sistant aux intemp\u00e9ries"},"content":{"rendered":"<p><span style=\"font-weight: 400;\">Panneau en aluminium horizontal deux lignes <\/span><b>R\u00e9serv\u00e9 &#8211; Clients<\/b><span style=\"font-weight: 400;\"> avec trou de fixation adapt\u00e9. Nos panneaux vous garantissent des ann\u00e9es de durabilit\u00e9 par tous les temps.&nbsp;<\/span><\/p>\n<p><span style=\"font-weight: 400;\">Dimensions&nbsp;: 20 cm x 40 cm r\u00e9fl\u00e9chissant<\/span><\/p>\n<p><span style=\"font-weight: 400;\">Avec un trou dans les coins pour la fixation&nbsp;<\/span><\/p>\n<p><span style=\"font-weight: 400;\">Nous fabriquons \u00e9galement la plaque de votre choix dans toutes les tailles et formes. Contactez-nous. <\/span><\/p>\n","protected":false},"excerpt":{"rendered":"<p><span style=\"font-weight: 400;\">Panneau en aluminium horizontal deux lignes <\/span><b>R\u00e9serv\u00e9 &#8211; Clients<\/b><span style=\"font-weight: 400;\"> avec trou de fixation adapt\u00e9. Nos panneaux vous garantissent des ann\u00e9es de durabilit\u00e9 par tous les temps.&nbsp;<\/span><\/p>\n","protected":false},"featured_media":122875,"comment_status":"closed","ping_status":"closed","template":"","meta":{"inline_featured_image":false},"product_brand":[],"product_cat":[1671,887],"product_tag":[],"class_list":{"0":"post-122879","1":"product","2":"type-product","3":"status-publish","4":"has-post-thumbnail","6":"product_cat-signes-pour-vehicules","7":"product_cat-accessoires","9":"first","10":"instock","11":"taxable","12":"shipping-taxable","13":"purchasable","14":"product-type-simple"},"_links":{"self":[{"href":"https:\/\/metal-badge.ch\/fr\/wp-json\/wp\/v2\/product\/122879","targetHints":{"allow":["GET"]}}],"collection":[{"href":"https:\/\/metal-badge.ch\/fr\/wp-json\/wp\/v2\/product"}],"about":[{"href":"https:\/\/metal-badge.ch\/fr\/wp-json\/wp\/v2\/types\/product"}],"replies":[{"embeddable":true,"href":"https:\/\/metal-badge.ch\/fr\/wp-json\/wp\/v2\/comments?post=122879"}],"wp:featuredmedia":[{"embeddable":true,"href":"https:\/\/metal-badge.ch\/fr\/wp-json\/wp\/v2\/media\/122875"}],"wp:attachment":[{"href":"https:\/\/metal-badge.ch\/fr\/wp-json\/wp\/v2\/media?parent=122879"}],"wp:term":[{"taxonomy":"product_brand","embeddable":true,"href":"https:\/\/metal-badge.ch\/fr\/wp-json\/wp\/v2\/product_brand?post=122879"},{"taxonomy":"product_cat","embeddable":true,"href":"https:\/\/metal-badge.ch\/fr\/wp-json\/wp\/v2\/product_cat?post=122879"},{"taxonomy":"product_tag","embeddable":true,"href":"https:\/\/metal-badge.ch\/fr\/wp-json\/wp\/v2\/product_tag?post=122879"}],"curies":[{"name":"wp","href":"https:\/\/api.w.org\/{rel}","templated":true}]}}